{"id":13524,"date":"2025-10-01T12:08:50","date_gmt":"2025-10-01T10:08:50","guid":{"rendered":"https:\/\/topol.org.pl\/?page_id=13524"},"modified":"2025-10-16T10:14:15","modified_gmt":"2025-10-16T08:14:15","slug":"nie-traktujmy-ukrainy-paternalistycznie-zapewnienie-polsce-bezpieczenstwa-przez-kraj-ogarniety-wojna-spowoduje-wojne-na-terytorium-wschodniej-flanki-nato","status":"publish","type":"page","link":"https:\/\/topol.org.pl\/?page_id=13524","title":{"rendered":"Nie traktujmy Ukrainy paternalistycznie, zapewnienie Polsce bezpiecze\u0144stwa przez kraj ogarni\u0119ty wojn\u0105 spowoduje wojn\u0119 na terytorium &#8222;wschodniej flanki NATO&#8221;."},"content":{"rendered":"\n<p>01.10.2025 12.05 &#8222;<a href=\"https:\/\/www.rp.pl\/komentarze\/art43096431-jacek-czaputowicz-warszawskie-forum-bezpieczenstwa-dalo-nute-optymizmu-w-sprawie-ukrainy\">Warszawskie Forum Bezpiecze\u0144stwa<\/a>&#8221; \u0179r\u00f3d\u0142o: rp.pl<\/p>\n\n\n\n<p><strong>Jestem &#8222;<a href=\"https:\/\/www.google.com\/search?q=paternalistyczny&amp;sca_esv=409625519d2394b4&amp;sxsrf=AE3TifOcCnwlZUq1OoyhLmrMUmt6ovrg8A%3A1759326989730&amp;ei=DTPdaKWwLIqqxc8P9fyIkQU&amp;ved=0ahUKEwjl6pDik4OQAxUKVfEDHXU-IlIQ4dUDCBA&amp;uact=5&amp;oq=paternalistyczny&amp;gs_lp=Egxnd3Mtd2l6LXNlcnAiEHBhdGVybmFsaXN0eWN6bnkyChAAGIAEGEMYigUyBhAAGAcYHjIGEAAYBxgeMgYQABgHGB4yChAAGIAEGEMYigUyBhAAGAcYHjIGEAAYBxgeMgYQABgHGB4yBRAAGIAEMgYQABgHGB5IxiNQmxJY4hdwAXgBkAEAmAF_oAHVBqoBAzAuN7gBA8gBAPgBAZgCA6AC_AHCAgoQABiwAxjWBBhHwgIIEAAYgAQYogTCAgUQABjvBZgDAIgGAZAGCJIHAzEuMqAH8SOyBwMwLjK4B_QBwgcDMi0zyAcO&amp;sclient=gws-wiz-serp\">paternalistyczny<\/a>&#8221; w stosunku do Elit w Polsce.<\/strong><\/p>\n\n\n\n<p>np. <strong>Relacja lekarz-pacjent:<\/strong>&nbsp;<br>Lekarz paternalistyczny mo\u017ce podejmowa\u0107 decyzje terapeutyczne wbrew woli pacjenta, t\u0142umacz\u0105c to dobrem pacjenta.&nbsp;\u0179r\u00f3d\u0142o: Przegl\u0105d od AI<\/p>\n\n\n\n<p><strong>Na przyk\u0142ad podaje pacjentowi tramadol w postaci chlorowodorku, lek opioidowy w ilo\u015bci powoduj\u0105cej zatrzymanie funkcji \u017cyciowych. Przedawkowanie opoid\u00f3w.<\/strong> <strong><a href=\"https:\/\/www.google.com\/search?q=wojny+opiumowe&amp;oq=wojny+opiumowe&amp;gs_lcrp=EgZjaHJvbWUyBggAEEUYOTIGCAEQRRg80gEJOTUwNWowajE1qAIIsAIB&amp;sourceid=chrome&amp;ie=UTF-8\">Pacjent nie daje rady napi\u0107 si\u0119 wody<\/a>.<\/strong><\/p>\n\n\n\n<p>Verte &gt;<a href=\"https:\/\/topol.org.pl\/?page_id=6187\">Fundacja Narodowe Si\u0142y Samoobrony \u201eGrot\u201d<\/a><\/p>\n\n\n\n<p><\/p>\n","protected":false},"excerpt":{"rendered":"<p>01.10.2025 12.05 &#8222;Warszawskie Forum Bezpiecze\u0144stwa&#8221; \u0179r\u00f3d\u0142o: rp.pl Jestem &#8222;paternalistyczny&#8221; w stosunku do Elit w Polsce. np. Relacja lekarz-pacjent:&nbsp;Lekarz paternalistyczny mo\u017ce podejmowa\u0107 decyzje terapeutyczne wbrew woli pacjenta, t\u0142umacz\u0105c to dobrem pacjenta.&nbsp;\u0179r\u00f3d\u0142o: Przegl\u0105d od AI Na przyk\u0142ad podaje pacjentowi tramadol w postaci chlorowodorku, lek opioidowy w ilo\u015bci powoduj\u0105cej zatrzymanie funkcji \u017cyciowych. Przedawkowanie opoid\u00f3w. Pacjent nie daje rady [&hellip;]<\/p>\n","protected":false},"author":1,"featured_media":0,"parent":13075,"menu_order":37,"comment_status":"closed","ping_status":"closed","template":"","meta":{"footnotes":""},"class_list":["post-13524","page","type-page","status-publish","hentry"],"_links":{"self":[{"href":"https:\/\/topol.org.pl\/index.php?rest_route=\/wp\/v2\/pages\/13524","targetHints":{"allow":["GET"]}}],"collection":[{"href":"https:\/\/topol.org.pl\/index.php?rest_route=\/wp\/v2\/pages"}],"about":[{"href":"https:\/\/topol.org.pl\/index.php?rest_route=\/wp\/v2\/types\/page"}],"author":[{"embeddable":true,"href":"https:\/\/topol.org.pl\/index.php?rest_route=\/wp\/v2\/users\/1"}],"replies":[{"embeddable":true,"href":"https:\/\/topol.org.pl\/index.php?rest_route=%2Fwp%2Fv2%2Fcomments&post=13524"}],"version-history":[{"count":6,"href":"https:\/\/topol.org.pl\/index.php?rest_route=\/wp\/v2\/pages\/13524\/revisions"}],"predecessor-version":[{"id":13536,"href":"https:\/\/topol.org.pl\/index.php?rest_route=\/wp\/v2\/pages\/13524\/revisions\/13536"}],"up":[{"embeddable":true,"href":"https:\/\/topol.org.pl\/index.php?rest_route=\/wp\/v2\/pages\/13075"}],"wp:attachment":[{"href":"https:\/\/topol.org.pl\/index.php?rest_route=%2Fwp%2Fv2%2Fmedia&parent=13524"}],"curies":[{"name":"wp","href":"https:\/\/api.w.org\/{rel}","templated":true}]}}