{"id":13533,"date":"2025-10-02T20:59:32","date_gmt":"2025-10-02T18:59:32","guid":{"rendered":"https:\/\/topol.org.pl\/?page_id=13533"},"modified":"2025-10-17T11:18:26","modified_gmt":"2025-10-17T09:18:26","slug":"kiedys-oglosza-wojne-ale-nikt-na-nia-nie-przyjdzie","status":"publish","type":"page","link":"https:\/\/topol.org.pl\/?page_id=13533","title":{"rendered":"&#8222;Kiedy\u015b og\u0142osz\u0105 wojn\u0119, ale nikt na ni\u0105 nie przyjdzie&#8221;."},"content":{"rendered":"\n<p>02.10.2025 20.54<\/p>\n\n\n\n<p><strong><a href=\"https:\/\/topol.org.pl\/?page_id=6655\">Musimy podj\u0105\u0107 dzia\u0142ania dyplomatyczne, \u017ceby zachowa\u0107 pok\u00f3j.<\/a><\/strong><\/p>\n\n\n\n<figure class=\"wp-block-image size-large\"><a href=\"https:\/\/www.youtube.com\/playlist?list=PLvdibod3J-XtbkyhOhVVG2hJ8EoiNXPpd\"><img loading=\"lazy\" decoding=\"async\" width=\"1024\" height=\"463\" src=\"https:\/\/topol.org.pl\/wp-content\/uploads\/2025\/10\/Kiedys-oglosza-wojne-ale-nikt-na-nia-nie-przyjdzie-1024x463.jpg\" alt=\"\" class=\"wp-image-13534\" srcset=\"https:\/\/topol.org.pl\/wp-content\/uploads\/2025\/10\/Kiedys-oglosza-wojne-ale-nikt-na-nia-nie-przyjdzie-1024x463.jpg 1024w, https:\/\/topol.org.pl\/wp-content\/uploads\/2025\/10\/Kiedys-oglosza-wojne-ale-nikt-na-nia-nie-przyjdzie-300x136.jpg 300w, https:\/\/topol.org.pl\/wp-content\/uploads\/2025\/10\/Kiedys-oglosza-wojne-ale-nikt-na-nia-nie-przyjdzie-768x348.jpg 768w, https:\/\/topol.org.pl\/wp-content\/uploads\/2025\/10\/Kiedys-oglosza-wojne-ale-nikt-na-nia-nie-przyjdzie-1536x695.jpg 1536w, https:\/\/topol.org.pl\/wp-content\/uploads\/2025\/10\/Kiedys-oglosza-wojne-ale-nikt-na-nia-nie-przyjdzie.jpg 1666w\" sizes=\"auto, (max-width: 1024px) 100vw, 1024px\" \/><\/a><\/figure>\n\n\n\n<p>03.10.2025 9.30 <strong>Analiza sytuacji<\/strong><\/p>\n\n\n\n<ol class=\"wp-block-list\">\n<li><strong>Rozpoczyna si\u0119 98 Konkurs Chopinowski, za dwa lata 100 rocznica.<\/strong> &#8222;<a href=\"https:\/\/www.rp.pl\/konkurs-chopinowski-2025\/art43014051-przygotowania-do-konkursu-chopinowskiego-na-ostatniej-prostej\">Przygotowania do Konkursu Chopinowskiego na ostatniej prostej<\/a>&#8221; \u0179r\u00f3d\u0142o: rp.pl 98 lat temu Jerzy \u017burawlew zorganizowa\u0142 w Warszawie w 1927 roku <strong>1<\/strong> Konkurs Chopinowski. <a href=\"https:\/\/pl.wikipedia.org\/wiki\/Jerzy_%C5%BBurawlew\">Kim by\u0142 profesor<\/a>-to &#8222;polski pianista, kompozytor, a p\u00f3\u017aniej rektor Konserwatorium Warszawskiego. Inicjator\u00a0<a href=\"https:\/\/pl.wikipedia.org\/wiki\/Mi%C4%99dzynarodowy_Konkurs_Pianistyczny_im._Fryderyka_Chopina\">Mi\u0119dzynarodowego Konkursu Pianistycznego im. Fryderyka Chopina<\/a>\u00a0i jego wielokrotny juror&#8221;. <strong>Profesor zostawi\u0142 swoje serce w Polsce.<\/strong> Dlaczego o tym pisz\u0119, \u017ceby zainteresowa\u0107 wydarzeniem promuj\u0105cym wy\u017csz\u0105 kultur\u0119, <strong>Prezydenta Federacji Rosyjskiej<\/strong>. <strong><a href=\"https:\/\/pl.wikipedia.org\/wiki\/W%C5%82adimir_Putin\">W\u0142adimir W\u0142adimirowicz Putin<\/a><\/strong> jest mi\u0142o\u015bnikiem historii. Podzielam jego pasj\u0119. Ale r\u00f3wnie\u017c jestem mi\u0142o\u015bnikiem Fryderyka Chopina. Od wielu lat s\u0142ucham ka\u017cdego konkursu. Szczeg\u00f3lnie lubi\u0119 <strong>Koncerty Chopinowskie i recitale najznakomitszych polskich i zagranicznych pianist\u00f3w w <a href=\"https:\/\/www.lazienki-krolewskie.pl\/pl\/wydarzenia\/koncert-chopinowski\">\u0141azienkach Kr\u00f3lewskich<\/a>.<\/strong> S\u0142ucham te\u017c wywiad\u00f3w udzielanych w <strong><a href=\"https:\/\/www.google.com\/search?q=wa%C5%82daj&amp;oq=wa%C5%82daj&amp;gs_lcrp=EgZjaHJvbWUyBggAEEUYOdIBCTQ0MzhqMGoxNagCCLACAQ&amp;sourceid=chrome&amp;ie=UTF-8\">Wa\u0142daj<\/a><\/strong> przez <strong>Prezydenta Federacji Rosyjskiej<\/strong>.<\/li>\n\n\n\n<li><a href=\"https:\/\/www.google.com\/search?q=in+i+jang&amp;oq=in+i+jang&amp;gs_lcrp=EgZjaHJvbWUyBggAEEUYOdIBCTY4MjZqMGoxNagCCLACAQ&amp;sourceid=chrome&amp;ie=UTF-8\">Yin i jang (lub jin i jang)<\/a> &#8222;dwie si\u0142y jako nierozerwalna ca\u0142o\u015b\u0107, gdzie ka\u017cda zawiera w sobie cz\u0105stk\u0119 drugiej, co jest symbolem harmonii, r\u00f3wnowagi i wsp\u00f3\u0142zale\u017cno\u015bci&#8221;. <strong>Czyta\u0142em na temat wojen opiumowych, jaka jest wsp\u00f3\u0142zale\u017cno\u015b\u0107. My\u015bl\u0119, \u017ce ogromne z\u0142o sprowadzone na Chiny zem\u015bci\u0142o si\u0119 po latach. Jest wsp\u00f3\u0142zale\u017cno\u015b\u0107 skutk\u00f3w uzale\u017cnienia ca\u0142ego narodu przez naje\u017ad\u017ac\u0119 w czerwonych frakach z upadkiem Anglii w dzisiejszych czasach. To niedorzeczne , \u017ce \u015bwiatowi koloniali\u015bci wprowadzaj\u0105 u siebie model chi\u0144ski. Tak jakby dumni <a href=\"https:\/\/www.google.com\/search?q=piktowie&amp;oq=piktowie&amp;gs_lcrp=EgZjaHJvbWUyBggAEEUYOdIBCTgwODhqMGoxNagCCLACAQ&amp;sourceid=chrome&amp;ie=UTF-8\">Piktowie<\/a> zostali zast\u0105pieni przez Rzymian. Mo\u017ce dlatego tak bardzo byli za utworzeniem w Palestynie swojego przycz\u00f3\u0142ku. To samo z Niemcami. Wydaje si\u0119, \u017ce Niemcy te\u017c s\u0105 Rzymianami. Dlatego tak zaciekle zwalczali w czasie 2W\u015a biednych \u017b&#8230;&nbsp;Ci bogaci przenie\u015bli si\u0119 do Nowego Yorku i co roku obchodzimy w Sejmie ich \u015bwi\u0119to. R\u00f3wnowaga i harmonia, p\u0142on\u0105 rafinerie w Rosji i w USA. Nikt nie chce by\u0107 biedny, wszyscy szanuj\u0105 bogatych. Dlatego tak ch\u0119tnie biedni ludzie walcz\u0105 za bogatych w ich wojnach. \u017beby si\u0119 wzbogaci\u0107 na czyim\u015b nieszcz\u0119\u015bciu.<\/strong><\/li>\n\n\n\n<li><strong>My\u015bl\u0119, \u017ce przygotowanie infrastruktury paliwowej zgodne z zapotrzebowaniem NATO, przyspieszy uzale\u017cnienie od bogatych i popchnie nas do trzeciej wojny opiumowej ze wschodem.<\/strong><\/li>\n<\/ol>\n\n\n\n<p>Verte &gt;<a href=\"https:\/\/topol.org.pl\/?page_id=6187\">Fundacja Narodowe Si\u0142y Samoobrony \u201eGrot\u201d<\/a><\/p>\n\n\n\n<p><\/p>\n","protected":false},"excerpt":{"rendered":"<p>02.10.2025 20.54 Musimy podj\u0105\u0107 dzia\u0142ania dyplomatyczne, \u017ceby zachowa\u0107 pok\u00f3j. 03.10.2025 9.30 Analiza sytuacji Verte &gt;Fundacja Narodowe Si\u0142y Samoobrony \u201eGrot\u201d<\/p>\n","protected":false},"author":1,"featured_media":0,"parent":0,"menu_order":302,"comment_status":"closed","ping_status":"closed","template":"","meta":{"footnotes":""},"class_list":["post-13533","page","type-page","status-publish","hentry"],"_links":{"self":[{"href":"https:\/\/topol.org.pl\/index.php?rest_route=\/wp\/v2\/pages\/13533","targetHints":{"allow":["GET"]}}],"collection":[{"href":"https:\/\/topol.org.pl\/index.php?rest_route=\/wp\/v2\/pages"}],"about":[{"href":"https:\/\/topol.org.pl\/index.php?rest_route=\/wp\/v2\/types\/page"}],"author":[{"embeddable":true,"href":"https:\/\/topol.org.pl\/index.php?rest_route=\/wp\/v2\/users\/1"}],"replies":[{"embeddable":true,"href":"https:\/\/topol.org.pl\/index.php?rest_route=%2Fwp%2Fv2%2Fcomments&post=13533"}],"version-history":[{"count":16,"href":"https:\/\/topol.org.pl\/index.php?rest_route=\/wp\/v2\/pages\/13533\/revisions"}],"predecessor-version":[{"id":13595,"href":"https:\/\/topol.org.pl\/index.php?rest_route=\/wp\/v2\/pages\/13533\/revisions\/13595"}],"wp:attachment":[{"href":"https:\/\/topol.org.pl\/index.php?rest_route=%2Fwp%2Fv2%2Fmedia&parent=13533"}],"curies":[{"name":"wp","href":"https:\/\/api.w.org\/{rel}","templated":true}]}}