{"id":13557,"date":"2025-10-13T07:54:15","date_gmt":"2025-10-13T05:54:15","guid":{"rendered":"https:\/\/topol.org.pl\/?page_id=13557"},"modified":"2025-10-23T18:16:20","modified_gmt":"2025-10-23T16:16:20","slug":"sluchaj-jesli-ta-wojna-nie-zostanie-rozstrzygnieta-wysle-im-tomahawka","status":"publish","type":"page","link":"https:\/\/topol.org.pl\/?page_id=13557","title":{"rendered":"&#8222;S\u0142uchaj, je\u015bli ta\u00a0wojna nie\u00a0zostanie rozstrzygni\u0119ta, wy\u015bl\u0119 im\u00a0Tomahawka\u201d"},"content":{"rendered":"\n<p>13.10.2025 07.54 &#8222;Wtedy wojna <strong>wy\u015ble<\/strong> <strong>si\u0119<\/strong> spod kontroli i rozleje na ca\u0142y \u015bwiat&#8221;.-powiedzia\u0142 Dariusz Goworek.<\/p>\n\n\n\n<p>Verte &gt;<a href=\"https:\/\/topol.org.pl\/?page_id=6187\">Fundacja Narodowe Si\u0142y Samoobrony \u201eGrot\u201d<\/a><\/p>\n","protected":false},"excerpt":{"rendered":"<p>13.10.2025 07.54 &#8222;Wtedy wojna wy\u015ble si\u0119 spod kontroli i rozleje na ca\u0142y \u015bwiat&#8221;.-powiedzia\u0142 Dariusz Goworek. Verte &gt;Fundacja Narodowe Si\u0142y Samoobrony \u201eGrot\u201d<\/p>\n","protected":false},"author":1,"featured_media":0,"parent":13533,"menu_order":1,"comment_status":"closed","ping_status":"closed","template":"","meta":{"footnotes":""},"class_list":["post-13557","page","type-page","status-publish","hentry"],"_links":{"self":[{"href":"https:\/\/topol.org.pl\/index.php?rest_route=\/wp\/v2\/pages\/13557","targetHints":{"allow":["GET"]}}],"collection":[{"href":"https:\/\/topol.org.pl\/index.php?rest_route=\/wp\/v2\/pages"}],"about":[{"href":"https:\/\/topol.org.pl\/index.php?rest_route=\/wp\/v2\/types\/page"}],"author":[{"embeddable":true,"href":"https:\/\/topol.org.pl\/index.php?rest_route=\/wp\/v2\/users\/1"}],"replies":[{"embeddable":true,"href":"https:\/\/topol.org.pl\/index.php?rest_route=%2Fwp%2Fv2%2Fcomments&post=13557"}],"version-history":[{"count":8,"href":"https:\/\/topol.org.pl\/index.php?rest_route=\/wp\/v2\/pages\/13557\/revisions"}],"predecessor-version":[{"id":13565,"href":"https:\/\/topol.org.pl\/index.php?rest_route=\/wp\/v2\/pages\/13557\/revisions\/13565"}],"up":[{"embeddable":true,"href":"https:\/\/topol.org.pl\/index.php?rest_route=\/wp\/v2\/pages\/13533"}],"wp:attachment":[{"href":"https:\/\/topol.org.pl\/index.php?rest_route=%2Fwp%2Fv2%2Fmedia&parent=13557"}],"curies":[{"name":"wp","href":"https:\/\/api.w.org\/{rel}","templated":true}]}}