{"id":13579,"date":"2025-10-15T17:11:40","date_gmt":"2025-10-15T15:11:40","guid":{"rendered":"https:\/\/topol.org.pl\/?page_id=13579"},"modified":"2026-01-08T20:51:19","modified_gmt":"2026-01-08T19:51:19","slug":"niemieckie-mysliwce-w-polsce-beda-stacjonowac-w-malborku","status":"publish","type":"page","link":"https:\/\/topol.org.pl\/?page_id=13579","title":{"rendered":"Niemieckie my\u015bliwce w Polsce. B\u0119d\u0105 stacjonowa\u0107 w Malborku"},"content":{"rendered":"\n<p>17.08.2025 17.08 Niemieckie my\u015bliwce w Polsce. B\u0119d\u0105 stacjonowa\u0107 w Malborku \u0179r\u00f3d\u0142o: tvp.info<\/p>\n\n\n\n<p><strong>Sprzeciwiam si\u0119 stacjonowaniu niemieckich wojsk w Polsce.<\/strong><\/p>\n\n\n\n<p>Verte &gt;<a href=\"https:\/\/topol.org.pl\/?page_id=6187\">Fundacja Narodowe Si\u0142y Samoobrony \u201eGrot\u201d<\/a><\/p>\n\n\n\n<p><\/p>\n","protected":false},"excerpt":{"rendered":"<p>17.08.2025 17.08 Niemieckie my\u015bliwce w Polsce. B\u0119d\u0105 stacjonowa\u0107 w Malborku \u0179r\u00f3d\u0142o: tvp.info Sprzeciwiam si\u0119 stacjonowaniu niemieckich wojsk w Polsce. Verte &gt;Fundacja Narodowe Si\u0142y Samoobrony \u201eGrot\u201d<\/p>\n","protected":false},"author":1,"featured_media":0,"parent":11389,"menu_order":3,"comment_status":"closed","ping_status":"closed","template":"","meta":{"footnotes":""},"class_list":["post-13579","page","type-page","status-publish","hentry"],"_links":{"self":[{"href":"https:\/\/topol.org.pl\/index.php?rest_route=\/wp\/v2\/pages\/13579","targetHints":{"allow":["GET"]}}],"collection":[{"href":"https:\/\/topol.org.pl\/index.php?rest_route=\/wp\/v2\/pages"}],"about":[{"href":"https:\/\/topol.org.pl\/index.php?rest_route=\/wp\/v2\/types\/page"}],"author":[{"embeddable":true,"href":"https:\/\/topol.org.pl\/index.php?rest_route=\/wp\/v2\/users\/1"}],"replies":[{"embeddable":true,"href":"https:\/\/topol.org.pl\/index.php?rest_route=%2Fwp%2Fv2%2Fcomments&post=13579"}],"version-history":[{"count":2,"href":"https:\/\/topol.org.pl\/index.php?rest_route=\/wp\/v2\/pages\/13579\/revisions"}],"predecessor-version":[{"id":14027,"href":"https:\/\/topol.org.pl\/index.php?rest_route=\/wp\/v2\/pages\/13579\/revisions\/14027"}],"up":[{"embeddable":true,"href":"https:\/\/topol.org.pl\/index.php?rest_route=\/wp\/v2\/pages\/11389"}],"wp:attachment":[{"href":"https:\/\/topol.org.pl\/index.php?rest_route=%2Fwp%2Fv2%2Fmedia&parent=13579"}],"curies":[{"name":"wp","href":"https:\/\/api.w.org\/{rel}","templated":true}]}}