{"id":13582,"date":"2025-10-16T17:09:32","date_gmt":"2025-10-16T15:09:32","guid":{"rendered":"https:\/\/topol.org.pl\/?page_id=13582"},"modified":"2026-01-09T10:46:30","modified_gmt":"2026-01-09T09:46:30","slug":"zabytek-z-kolekcji-goluchowskiej-odzyskany","status":"publish","type":"page","link":"https:\/\/topol.org.pl\/?page_id=13582","title":{"rendered":"&#8222;Zabytek z kolekcji go\u0142uchowskiej odzyskany&#8221;"},"content":{"rendered":"\n<p>16.10.20025 17.07 &#8222;Zabytek z kolekcji go\u0142uchowskiej odzyskany&#8221; \u0179r\u00f3d\u0142o: <a href=\"https:\/\/historia.rp.pl\/historia-polski\/art43185081-amerykanie-odnalezli-zabytek-zrabowany-z-goluchowa-w-czasie-wojny\">rp.pl<\/a><\/p>\n\n\n\n<p><strong>Pami\u0119tam wywiad <a href=\"https:\/\/topol.org.pl\/?page_id=4659\">Donald Tramp-Elon Musk<\/a> w Internecie. M\u00f3wi\u0105 o pociskach j\u0105drowych, \u017ce szkoda po ich u\u017cyciu jest kr\u00f3tkotrwa\u0142a i po jakim\u015b czasie ludzie ponownie powr\u00f3c\u0105 i b\u0119d\u0105 \u017cy\u0107 na pocz\u0105tkowo ska\u017conym terenie. My\u015bl\u0119, \u017ce nie zostanie po nas wi\u0119cej w razie katastrofy j\u0105drowej na naszym terytorium. Dlatego prosz\u0119 o opami\u0119tanie naszych polityk\u00f3w, wojskowych i propagator\u00f3w wojennych.<\/strong> <strong>Wojna j\u0105drowa to nie plansza z gr\u0105.<\/strong> <strong>Musimy zakopa\u0107 top\u00f3r wojenny &#8222;Tomahawk&#8221; i zasi\u0105\u015b\u0107 do rozm\u00f3w pokojowych.<\/strong><\/p>\n\n\n\n<p><strong>Artyku\u0142y typu sonda\u017ce<\/strong> &#8222;<a href=\"https:\/\/www.rp.pl\/spoleczenstwo\/art43181561-sondaz-co-zrobimy-w-obliczu-wojny-ilu-polakow-wyjedzie-kto-wstapi-do-wojska\">Sonda\u017c. Co zrobimy w obliczu wojny? Ilu Polak\u00f3w wyjedzie, kto wst\u0105pi do wojska?<\/a>&#8221; \u0179r\u00f3d\u0142o: rp.pl <strong>pokazuj\u0105 <a href=\"https:\/\/www.google.com\/search?q=nie%C5%9Bwiadomo%C5%9B%C4%87&amp;oq=nie%C5%9Bwiadomo%C5%9B%C4%87&amp;gs_lcrp=EgZjaHJvbWUyBggAEEUYOdIBCDE0MzFqMGo3qAIAsAIA&amp;sourceid=chrome&amp;ie=UTF-8\">nie\u015bwiadomo\u015b\u0107<\/a>. Prawdziwy patriotyzm to zapobieganie wojnie, poniewa\u017c jest globalny plan, \u017ceby u nas rozegra\u0107<\/strong> <a href=\"https:\/\/www.google.com\/search?q=armagedon&amp;oq=armagedon&amp;gs_lcrp=EgZjaHJvbWUyBggAEEUYOTIGCAEQRRg70gEJMjM0NWowajE1qAIIsAIB&amp;sourceid=chrome&amp;ie=UTF-8\">Armagedon<\/a>. <strong>Na wschodzie mamy p\u0142ot, nie b\u0119dzie mo\u017cna uciec na Bia\u0142oru\u015b w razie ataku j\u0105drowego w \u015brodek Polski. Czyta\u0142em o planach inwigilacji obywateli w wykonaniu w\u0142adzy.<\/strong> &#8222;<a href=\"https:\/\/dorzeczy.pl\/opinie\/793383\/zurek-szykuje-bat-na-kierowcow-elektroniczne-obraczki.html\">wprowadzenie elektronicznych obr\u0105czek<\/a>&#8221; \u0179r\u00f3d\u0142o: DoRzeczy.pl. <strong>Odsu\u0144my PoPis od w\u0142adzy.<\/strong> <strong>To sprzedajni zdrajcy, jedni Brukseli drudzy Amerykanom.<\/strong> <strong>Nie akceptuj\u0119 \u017cadnej partii politycznej w Sejmie.<\/strong><\/p>\n\n\n\n<p>Verte &gt;<a href=\"https:\/\/topol.org.pl\/?page_id=6187\">Fundacja Narodowe Si\u0142y Samoobrony \u201eGrot\u201d<\/a><\/p>\n\n\n\n<p><\/p>\n","protected":false},"excerpt":{"rendered":"<p>16.10.20025 17.07 &#8222;Zabytek z kolekcji go\u0142uchowskiej odzyskany&#8221; \u0179r\u00f3d\u0142o: rp.pl Pami\u0119tam wywiad Donald Tramp-Elon Musk w Internecie. M\u00f3wi\u0105 o pociskach j\u0105drowych, \u017ce szkoda po ich u\u017cyciu jest kr\u00f3tkotrwa\u0142a i po jakim\u015b czasie ludzie ponownie powr\u00f3c\u0105 i b\u0119d\u0105 \u017cy\u0107 na pocz\u0105tkowo ska\u017conym terenie. My\u015bl\u0119, \u017ce nie zostanie po nas wi\u0119cej w razie katastrofy j\u0105drowej na naszym terytorium. [&hellip;]<\/p>\n","protected":false},"author":1,"featured_media":0,"parent":4676,"menu_order":0,"comment_status":"closed","ping_status":"closed","template":"","meta":{"footnotes":""},"class_list":["post-13582","page","type-page","status-publish","hentry"],"_links":{"self":[{"href":"https:\/\/topol.org.pl\/index.php?rest_route=\/wp\/v2\/pages\/13582","targetHints":{"allow":["GET"]}}],"collection":[{"href":"https:\/\/topol.org.pl\/index.php?rest_route=\/wp\/v2\/pages"}],"about":[{"href":"https:\/\/topol.org.pl\/index.php?rest_route=\/wp\/v2\/types\/page"}],"author":[{"embeddable":true,"href":"https:\/\/topol.org.pl\/index.php?rest_route=\/wp\/v2\/users\/1"}],"replies":[{"embeddable":true,"href":"https:\/\/topol.org.pl\/index.php?rest_route=%2Fwp%2Fv2%2Fcomments&post=13582"}],"version-history":[{"count":7,"href":"https:\/\/topol.org.pl\/index.php?rest_route=\/wp\/v2\/pages\/13582\/revisions"}],"predecessor-version":[{"id":13593,"href":"https:\/\/topol.org.pl\/index.php?rest_route=\/wp\/v2\/pages\/13582\/revisions\/13593"}],"up":[{"embeddable":true,"href":"https:\/\/topol.org.pl\/index.php?rest_route=\/wp\/v2\/pages\/4676"}],"wp:attachment":[{"href":"https:\/\/topol.org.pl\/index.php?rest_route=%2Fwp%2Fv2%2Fmedia&parent=13582"}],"curies":[{"name":"wp","href":"https:\/\/api.w.org\/{rel}","templated":true}]}}