{"id":13597,"date":"2025-10-18T21:58:52","date_gmt":"2025-10-18T19:58:52","guid":{"rendered":"https:\/\/topol.org.pl\/?page_id=13597"},"modified":"2025-10-19T09:43:22","modified_gmt":"2025-10-19T07:43:22","slug":"kreml-chce-by-musk-zbudowal-tunel-z-alaski-do-syberii-trump-ciekawy-pomysl","status":"publish","type":"page","link":"https:\/\/topol.org.pl\/?page_id=13597","title":{"rendered":"&#8222;Kreml chce, by Musk zbudowa\u0142 tunel z Alaski do Syberii. Trump: Ciekawy pomys\u0142&#8221;"},"content":{"rendered":"\n<p>18.10.2025 21.55 <a href=\"https:\/\/www.rp.pl\/transport\/art43198801-kreml-chce-by-musk-zbudowal-tunel-z-alaski-do-syberii-trump-ciekawy-pomysl\">&#8222;Kreml chce, by Musk zbudowa\u0142 tunel z Alaski do Syberii. Trump: Ciekawy pomys\u0142&#8221;<\/a> \u0179r\u00f3d\u0142o: rp.pl<\/p>\n\n\n\n<p><strong>Tak to jeden z ciekawszych pomys\u0142\u00f3w w tym stuleciu. <a href=\"https:\/\/topol.org.pl\/?page_id=9960\">Gratulacje&#8230;<\/a><\/strong><\/p>\n\n\n\n<p><strong>O tym pomy\u015ble pisa\u0142em jako 1.<\/strong><\/p>\n\n\n\n<p>Verte &gt;<a href=\"https:\/\/topol.org.pl\/?page_id=6187\">Fundacja Narodowe Si\u0142y Samoobrony \u201eGrot\u201d<\/a><\/p>\n\n\n\n<p><\/p>\n","protected":false},"excerpt":{"rendered":"<p>18.10.2025 21.55 &#8222;Kreml chce, by Musk zbudowa\u0142 tunel z Alaski do Syberii. Trump: Ciekawy pomys\u0142&#8221; \u0179r\u00f3d\u0142o: rp.pl Tak to jeden z ciekawszych pomys\u0142\u00f3w w tym stuleciu. Gratulacje&#8230; O tym pomy\u015ble pisa\u0142em jako 1. Verte &gt;Fundacja Narodowe Si\u0142y Samoobrony \u201eGrot\u201d<\/p>\n","protected":false},"author":1,"featured_media":0,"parent":13434,"menu_order":0,"comment_status":"closed","ping_status":"closed","template":"","meta":{"footnotes":""},"class_list":["post-13597","page","type-page","status-publish","hentry"],"_links":{"self":[{"href":"https:\/\/topol.org.pl\/index.php?rest_route=\/wp\/v2\/pages\/13597","targetHints":{"allow":["GET"]}}],"collection":[{"href":"https:\/\/topol.org.pl\/index.php?rest_route=\/wp\/v2\/pages"}],"about":[{"href":"https:\/\/topol.org.pl\/index.php?rest_route=\/wp\/v2\/types\/page"}],"author":[{"embeddable":true,"href":"https:\/\/topol.org.pl\/index.php?rest_route=\/wp\/v2\/users\/1"}],"replies":[{"embeddable":true,"href":"https:\/\/topol.org.pl\/index.php?rest_route=%2Fwp%2Fv2%2Fcomments&post=13597"}],"version-history":[{"count":4,"href":"https:\/\/topol.org.pl\/index.php?rest_route=\/wp\/v2\/pages\/13597\/revisions"}],"predecessor-version":[{"id":13603,"href":"https:\/\/topol.org.pl\/index.php?rest_route=\/wp\/v2\/pages\/13597\/revisions\/13603"}],"up":[{"embeddable":true,"href":"https:\/\/topol.org.pl\/index.php?rest_route=\/wp\/v2\/pages\/13434"}],"wp:attachment":[{"href":"https:\/\/topol.org.pl\/index.php?rest_route=%2Fwp%2Fv2%2Fmedia&parent=13597"}],"curies":[{"name":"wp","href":"https:\/\/api.w.org\/{rel}","templated":true}]}}