{"id":13604,"date":"2025-10-19T11:15:44","date_gmt":"2025-10-19T09:15:44","guid":{"rendered":"https:\/\/topol.org.pl\/?page_id=13604"},"modified":"2026-01-09T10:17:55","modified_gmt":"2026-01-09T09:17:55","slug":"dzieki-zarazie-biokomputer","status":"publish","type":"page","link":"https:\/\/topol.org.pl\/?page_id=13604","title":{"rendered":"Dzi\u0119ki zarazie powstanie biokomputer"},"content":{"rendered":"\n<p>19.10.2025 11.14 &#8222;<a href=\"https:\/\/www.rp.pl\/plus-minus\/art43188111-od-szczepionki-na-covid-do-biokomputera\">RNA i jego komercyjnymi zastosowaniami<\/a>&#8221; \u0179r\u00f3d\u0142o: rp.pl<\/p>\n\n\n\n<p>Verte ><a href=\"https:\/\/topol.org.pl\/?page_id=6187\">Fundacja Narodowe Si\u0142y Samoobrony \u201eGrot\u201d<\/a><\/p>\n\n\n\n<p><\/p>\n","protected":false},"excerpt":{"rendered":"<p>19.10.2025 11.14 &#8222;RNA i jego komercyjnymi zastosowaniami&#8221; \u0179r\u00f3d\u0142o: rp.pl Verte >Fundacja Narodowe Si\u0142y Samoobrony \u201eGrot\u201d<\/p>\n","protected":false},"author":1,"featured_media":0,"parent":2275,"menu_order":0,"comment_status":"closed","ping_status":"closed","template":"","meta":{"footnotes":""},"class_list":["post-13604","page","type-page","status-publish","hentry"],"_links":{"self":[{"href":"https:\/\/topol.org.pl\/index.php?rest_route=\/wp\/v2\/pages\/13604","targetHints":{"allow":["GET"]}}],"collection":[{"href":"https:\/\/topol.org.pl\/index.php?rest_route=\/wp\/v2\/pages"}],"about":[{"href":"https:\/\/topol.org.pl\/index.php?rest_route=\/wp\/v2\/types\/page"}],"author":[{"embeddable":true,"href":"https:\/\/topol.org.pl\/index.php?rest_route=\/wp\/v2\/users\/1"}],"replies":[{"embeddable":true,"href":"https:\/\/topol.org.pl\/index.php?rest_route=%2Fwp%2Fv2%2Fcomments&post=13604"}],"version-history":[{"count":6,"href":"https:\/\/topol.org.pl\/index.php?rest_route=\/wp\/v2\/pages\/13604\/revisions"}],"predecessor-version":[{"id":13610,"href":"https:\/\/topol.org.pl\/index.php?rest_route=\/wp\/v2\/pages\/13604\/revisions\/13610"}],"up":[{"embeddable":true,"href":"https:\/\/topol.org.pl\/index.php?rest_route=\/wp\/v2\/pages\/2275"}],"wp:attachment":[{"href":"https:\/\/topol.org.pl\/index.php?rest_route=%2Fwp%2Fv2%2Fmedia&parent=13604"}],"curies":[{"name":"wp","href":"https:\/\/api.w.org\/{rel}","templated":true}]}}