{"id":13611,"date":"2025-10-19T11:40:31","date_gmt":"2025-10-19T09:40:31","guid":{"rendered":"https:\/\/topol.org.pl\/?page_id=13611"},"modified":"2025-10-19T16:41:25","modified_gmt":"2025-10-19T14:41:25","slug":"kto-przetestuje-krotszy-czas-pracy","status":"publish","type":"page","link":"https:\/\/topol.org.pl\/?page_id=13611","title":{"rendered":"Kto przetestuje kr\u00f3tszy czas pracy?"},"content":{"rendered":"\n<p>19.10.2025 11.32 Kto przetestuje kr\u00f3tszy czas pracy? \u0179r\u00f3d\u0142o: <a href=\"https:\/\/x.com\/i\/status\/1978771502892789779\">Ministra Rodziny, Pracy i Polityki Spo\u0142ecznej<\/a><\/p>\n\n\n\n<p><strong>Z\u0142o\u017cy\u0142em wniosek o dofinansowanie skr\u00f3cenia pracy w mojej firmie, ale nie dosta\u0142em szansy na dodatkowy dzie\u0144 wolny. Pieni\u0105dze podzielili jak zawsze.<\/strong> <strong>W tej chwili prowadz\u0119 DSG, zatrudniam jednego pracownika z dofinansowaniem z PFRON. Pracownik pracuje zgodnie z wytycznymi 7 godzin a nie osiem. Czyli 35 godzin tygodniowo. Chcia\u0142em, \u017ceby\u015bmy przeszli na czterodniowy tydzie\u0144 pracy, pracowa\u0142aby wtedy 4 x 7 godzin=28 godzin. Jestem od nowego roku na emeryturze od stycznia 2025 r. To dobry pomys\u0142, \u017ceby moja firma przesz\u0142a na czterodniowy tydzie\u0144 pracy. Ale grupa trzymaj\u0105ca w\u0142adz\u0119 nie pozwoli\u0142a skorzysta\u0107 z programu skr\u00f3cenia tygodnia pracy. Ja potencjalny emeryt i m\u00f3j pracownik b\u0119dziemy pracowali d\u0142u\u017cej.<\/strong> <strong><a href=\"https:\/\/x.com\/i\/status\/1978771502892789779\">Na u\u015bmiechni\u0119tych urz\u0119dnik\u00f3w.<\/a><\/strong> &#8222;<strong>To jest naprawd\u0119 dobry dzie\u0144&#8221;.<\/strong> <strong>Sk\u0142adam za\u017calenie i wnosz\u0119 o ponowne rozpatrzenie konkursu ofert.<\/strong><\/p>\n\n\n\n<p>Verte &gt;<a href=\"https:\/\/topol.org.pl\/?page_id=6187\">Fundacja Narodowe Si\u0142y Samoobrony \u201eGrot\u201d<\/a><\/p>\n\n\n\n<p><\/p>\n","protected":false},"excerpt":{"rendered":"<p>19.10.2025 11.32 Kto przetestuje kr\u00f3tszy czas pracy? \u0179r\u00f3d\u0142o: Ministra Rodziny, Pracy i Polityki Spo\u0142ecznej Z\u0142o\u017cy\u0142em wniosek o dofinansowanie skr\u00f3cenia pracy w mojej firmie, ale nie dosta\u0142em szansy na dodatkowy dzie\u0144 wolny. Pieni\u0105dze podzielili jak zawsze. W tej chwili prowadz\u0119 DSG, zatrudniam jednego pracownika z dofinansowaniem z PFRON. Pracownik pracuje zgodnie z wytycznymi 7 godzin a [&hellip;]<\/p>\n","protected":false},"author":1,"featured_media":0,"parent":12580,"menu_order":0,"comment_status":"closed","ping_status":"closed","template":"","meta":{"footnotes":""},"class_list":["post-13611","page","type-page","status-publish","hentry"],"_links":{"self":[{"href":"https:\/\/topol.org.pl\/index.php?rest_route=\/wp\/v2\/pages\/13611","targetHints":{"allow":["GET"]}}],"collection":[{"href":"https:\/\/topol.org.pl\/index.php?rest_route=\/wp\/v2\/pages"}],"about":[{"href":"https:\/\/topol.org.pl\/index.php?rest_route=\/wp\/v2\/types\/page"}],"author":[{"embeddable":true,"href":"https:\/\/topol.org.pl\/index.php?rest_route=\/wp\/v2\/users\/1"}],"replies":[{"embeddable":true,"href":"https:\/\/topol.org.pl\/index.php?rest_route=%2Fwp%2Fv2%2Fcomments&post=13611"}],"version-history":[{"count":5,"href":"https:\/\/topol.org.pl\/index.php?rest_route=\/wp\/v2\/pages\/13611\/revisions"}],"predecessor-version":[{"id":13617,"href":"https:\/\/topol.org.pl\/index.php?rest_route=\/wp\/v2\/pages\/13611\/revisions\/13617"}],"up":[{"embeddable":true,"href":"https:\/\/topol.org.pl\/index.php?rest_route=\/wp\/v2\/pages\/12580"}],"wp:attachment":[{"href":"https:\/\/topol.org.pl\/index.php?rest_route=%2Fwp%2Fv2%2Fmedia&parent=13611"}],"curies":[{"name":"wp","href":"https:\/\/api.w.org\/{rel}","templated":true}]}}