{"id":13619,"date":"2025-10-21T08:45:18","date_gmt":"2025-10-21T06:45:18","guid":{"rendered":"https:\/\/topol.org.pl\/?page_id=13619"},"modified":"2025-10-24T20:20:45","modified_gmt":"2025-10-24T18:20:45","slug":"eric-lu","status":"publish","type":"page","link":"https:\/\/topol.org.pl\/?page_id=13619","title":{"rendered":"Eric Lu. XIX Mi\u0119dzynarodowy Konkurs Chopinowski 2025"},"content":{"rendered":"\n<p>21.10.2025 08.38 <strong>Dzi\u0119kuj\u0119 Eric Lu. Muzyka Fryderyka Chopina i pok\u00f3j na \u015bwiecie, to &#8222;<a href=\"https:\/\/www.youtube.com\/watch?v=W-QDAyRV0VQ\">Symfonia Strun<\/a>&#8222;.<\/strong><\/p>\n\n\n\n<figure class=\"wp-block-image size-large\"><a href=\"https:\/\/www.youtube.com\/playlist?list=PLvdibod3J-XuiR1UaySrrkWVQeO8Oaqrr\"><img loading=\"lazy\" decoding=\"async\" width=\"1024\" height=\"507\" src=\"https:\/\/topol.org.pl\/wp-content\/uploads\/2025\/10\/XIX-Miedzynarodowy-Konkurs-Chopinowski-2025-r-1024x507.jpg\" alt=\"\" class=\"wp-image-13640\" srcset=\"https:\/\/topol.org.pl\/wp-content\/uploads\/2025\/10\/XIX-Miedzynarodowy-Konkurs-Chopinowski-2025-r-1024x507.jpg 1024w, https:\/\/topol.org.pl\/wp-content\/uploads\/2025\/10\/XIX-Miedzynarodowy-Konkurs-Chopinowski-2025-r-300x149.jpg 300w, https:\/\/topol.org.pl\/wp-content\/uploads\/2025\/10\/XIX-Miedzynarodowy-Konkurs-Chopinowski-2025-r-768x380.jpg 768w, https:\/\/topol.org.pl\/wp-content\/uploads\/2025\/10\/XIX-Miedzynarodowy-Konkurs-Chopinowski-2025-r.jpg 1501w\" sizes=\"auto, (max-width: 1024px) 100vw, 1024px\" \/><\/a><\/figure>\n\n\n\n<p>Verte &gt;<a href=\"https:\/\/topol.org.pl\/?page_id=6187\">Fundacja Narodowe Si\u0142y Samoobrony \u201eGrot\u201d<\/a><\/p>\n\n\n\n<p><\/p>\n","protected":false},"excerpt":{"rendered":"<p>21.10.2025 08.38 Dzi\u0119kuj\u0119 Eric Lu. Muzyka Fryderyka Chopina i pok\u00f3j na \u015bwiecie, to &#8222;Symfonia Strun&#8222;. Verte &gt;Fundacja Narodowe Si\u0142y Samoobrony \u201eGrot\u201d<\/p>\n","protected":false},"author":1,"featured_media":0,"parent":13533,"menu_order":2,"comment_status":"closed","ping_status":"closed","template":"","meta":{"footnotes":""},"class_list":["post-13619","page","type-page","status-publish","hentry"],"_links":{"self":[{"href":"https:\/\/topol.org.pl\/index.php?rest_route=\/wp\/v2\/pages\/13619","targetHints":{"allow":["GET"]}}],"collection":[{"href":"https:\/\/topol.org.pl\/index.php?rest_route=\/wp\/v2\/pages"}],"about":[{"href":"https:\/\/topol.org.pl\/index.php?rest_route=\/wp\/v2\/types\/page"}],"author":[{"embeddable":true,"href":"https:\/\/topol.org.pl\/index.php?rest_route=\/wp\/v2\/users\/1"}],"replies":[{"embeddable":true,"href":"https:\/\/topol.org.pl\/index.php?rest_route=%2Fwp%2Fv2%2Fcomments&post=13619"}],"version-history":[{"count":14,"href":"https:\/\/topol.org.pl\/index.php?rest_route=\/wp\/v2\/pages\/13619\/revisions"}],"predecessor-version":[{"id":13641,"href":"https:\/\/topol.org.pl\/index.php?rest_route=\/wp\/v2\/pages\/13619\/revisions\/13641"}],"up":[{"embeddable":true,"href":"https:\/\/topol.org.pl\/index.php?rest_route=\/wp\/v2\/pages\/13533"}],"wp:attachment":[{"href":"https:\/\/topol.org.pl\/index.php?rest_route=%2Fwp%2Fv2%2Fmedia&parent=13619"}],"curies":[{"name":"wp","href":"https:\/\/api.w.org\/{rel}","templated":true}]}}