{"id":13642,"date":"2025-10-25T21:05:41","date_gmt":"2025-10-25T19:05:41","guid":{"rendered":"https:\/\/topol.org.pl\/?page_id=13642"},"modified":"2026-01-07T12:38:43","modified_gmt":"2026-01-07T11:38:43","slug":"byc-numerem-1-oznacza-samotnosc","status":"publish","type":"page","link":"https:\/\/topol.org.pl\/?page_id=13642","title":{"rendered":"By\u0107 numerem 1. oznacza samotno\u015b\u0107."},"content":{"rendered":"\n<p>19.\u00a0<a href=\"https:\/\/notebooklm.google.com\/notebook\/ed9408ae-e844-4468-8659-d4ad5d515b2c\">Moja Rzeczpospolita Polska W skr\u00f3cie: Topol<\/a> \u0179r\u00f3d\u0142o: Fragment ze statutu.<\/p>\n\n\n\n<p>Verte &gt;<a href=\"https:\/\/topol.org.pl\/?page_id=6187\">Fundacja Narodowe Si\u0142y Samoobrony \u201eGrot\u201d<\/a><\/p>\n\n\n\n<p><\/p>\n","protected":false},"excerpt":{"rendered":"<p>19.\u00a0Moja Rzeczpospolita Polska W skr\u00f3cie: Topol \u0179r\u00f3d\u0142o: Fragment ze statutu. Verte &gt;Fundacja Narodowe Si\u0142y Samoobrony \u201eGrot\u201d<\/p>\n","protected":false},"author":1,"featured_media":0,"parent":11389,"menu_order":44,"comment_status":"closed","ping_status":"closed","template":"","meta":{"footnotes":""},"class_list":["post-13642","page","type-page","status-publish","hentry"],"_links":{"self":[{"href":"https:\/\/topol.org.pl\/index.php?rest_route=\/wp\/v2\/pages\/13642","targetHints":{"allow":["GET"]}}],"collection":[{"href":"https:\/\/topol.org.pl\/index.php?rest_route=\/wp\/v2\/pages"}],"about":[{"href":"https:\/\/topol.org.pl\/index.php?rest_route=\/wp\/v2\/types\/page"}],"author":[{"embeddable":true,"href":"https:\/\/topol.org.pl\/index.php?rest_route=\/wp\/v2\/users\/1"}],"replies":[{"embeddable":true,"href":"https:\/\/topol.org.pl\/index.php?rest_route=%2Fwp%2Fv2%2Fcomments&post=13642"}],"version-history":[{"count":7,"href":"https:\/\/topol.org.pl\/index.php?rest_route=\/wp\/v2\/pages\/13642\/revisions"}],"predecessor-version":[{"id":14022,"href":"https:\/\/topol.org.pl\/index.php?rest_route=\/wp\/v2\/pages\/13642\/revisions\/14022"}],"up":[{"embeddable":true,"href":"https:\/\/topol.org.pl\/index.php?rest_route=\/wp\/v2\/pages\/11389"}],"wp:attachment":[{"href":"https:\/\/topol.org.pl\/index.php?rest_route=%2Fwp%2Fv2%2Fmedia&parent=13642"}],"curies":[{"name":"wp","href":"https:\/\/api.w.org\/{rel}","templated":true}]}}