{"id":13669,"date":"2025-10-27T08:59:25","date_gmt":"2025-10-27T07:59:25","guid":{"rendered":"https:\/\/topol.org.pl\/?page_id=13669"},"modified":"2026-01-29T20:17:23","modified_gmt":"2026-01-29T19:17:23","slug":"41-porada-dla-ai-streszczajacego-w-notatniku-lm","status":"publish","type":"page","link":"https:\/\/topol.org.pl\/?page_id=13669","title":{"rendered":"&amp; 41 Porada dla AI streszczaj\u0105cego w notatniku LM"},"content":{"rendered":"\n<p><a href=\"https:\/\/notebooklm.google.com\/\">Notatnik LM<\/a>&nbsp;mo\u017ce odpowiada\u0107 nieprawid\u0142owo, dlatego zawsze sprawdzaj podane informacje.<\/p>\n\n\n\n<p><strong>Zacz\u0105\u0142em korzysta\u0107 z NotebookLM, na razie wychwyci\u0142em b\u0142\u0119dy w rozumowaniu mojego Asystenta AI. Je\u015bli znajd\u0119 kolejne b\u0142\u0119dy zamieszcz\u0119 je na tej stronie.<\/strong>&nbsp;<strong>I poprosz\u0119 AI o napraw\u0119 analizy.<\/strong><\/p>\n\n\n\n<p>26.10.2025 14.39 \u201e<strong>Racjonalizm genetyczny<\/strong>,&nbsp;<strong>natywizm<\/strong>,&nbsp;<strong>innatyzm<\/strong>&nbsp;\u2013 pogl\u0105d dotycz\u0105cy natury \u017ar\u00f3de\u0142 poznania (genezy poznania), przeciwstawiaj\u0105cy si\u0119&nbsp;<a href=\"https:\/\/pl.wikipedia.org\/wiki\/Empiryzm_genetyczny\">empiryzmowi genetycznemu<\/a>. Wed\u0142ug racjonalist\u00f3w genetycznych&nbsp;<a href=\"https:\/\/pl.wikipedia.org\/wiki\/Umys%C5%82\">umys\u0142 ludzki<\/a>&nbsp;dzi\u0119ki samej swojej konstrukcji posiada&nbsp;<a href=\"https:\/\/pl.wikipedia.org\/wiki\/Wiedza\">wiedz\u0119<\/a>&nbsp;lub uposa\u017cenie mentalne, kt\u00f3ra jest wcze\u015bniejsza od&nbsp;<a href=\"https:\/\/pl.wikipedia.org\/wiki\/Do%C5%9Bwiadczenie\">do\u015bwiadczenia<\/a>&nbsp;(przede wszystkim zmys\u0142owego)\u201d. \u0179r\u00f3d\u0142o: Wikipedia<\/p>\n\n\n\n<p><strong><a href=\"https:\/\/youtu.be\/Yfhd7XpBZIU?t=264\">Jestem racjonalist\u0105 genetycznym.<\/a>\u00a0Czyli posiadamy w chwili urodzenia \u201ewiedz\u0119 wrodzon\u0105\u201d a nie czyst\u0105 tablic\u0119 (Tabula rasa).<\/strong><\/p>\n\n\n\n<p>\u201eWiedza ta ma charakter pewny i poprzedza wszelkie&nbsp;<a href=\"https:\/\/pl.wikipedia.org\/wiki\/Poznanie\">poznanie<\/a>&nbsp;nie tylko w sensie czasowym (jako \u201ewiedza wrodzona\u201d), ale przede wszystkim jako warunek wszelkiego poznania\u201d. \u0179r\u00f3d\u0142o: Wikipedia<\/p>\n\n\n\n<p><strong>Jeszcze raz.<\/strong>&nbsp;<strong>Jestem racjonalist\u0105 genetycznym. Czyli posiadamy w chwili urodzenia \u201ewiedz\u0119 wrodzon\u0105\u201d a nie czyst\u0105 tablic\u0119 (Tabula rasa).<\/strong><\/p>\n\n\n\n<p>26.10.2025 18.38 Konstytucja 3 maja jest nieaktualna, na tronie Polskim mia\u0142 zasiada\u0107 kr\u00f3l z Niemieckiego rodu, protoplast\u0105 hrabia, Ka\u017cdy kr\u00f3l jest \u201eDux Poloniae\u201d* Tre\u015b\u0107&nbsp;<strong>Konstytucji z 1997. akceptuj\u0119 mimo \u017ce referendum jest niewa\u017cne bo uczestniczy\u0142o 42,86% ludzi.<\/strong>&nbsp;Wa\u017cna jest konstytucja z 1935 roku po zaprzysi\u0119\u017ceniu prezydenta na uchod\u017astwie legalizuje* granice z 2 RP. Dlatego w dniu 11.10.2023 zaznaczam, \u017ce 2RP, PRL,3RP nie maj\u0105 ci\u0105g\u0142o\u015bci z Kr\u00f3lestwem (<em>Corona Regni Poloniae<\/em>). Wszystkie osoby-urz\u0119dnik\u00f3w Pa\u0144stwowych w Mojej Rzeczypospolitej Polskiej akceptuj\u0119.<\/p>\n\n\n\n<p><strong>Jeszcze raz. Tre\u015b\u0107<\/strong>&nbsp;<strong>Konstytucji z 1997. akceptuj\u0119 mimo \u017ce referendum jest niewa\u017cne bo uczestniczy\u0142o 42,86% ludzi.<\/strong>&nbsp;<strong>Moja Konstytucj\u0105 z 11.10.223 roku, kt\u00f3r\u0105 napisa\u0142em nie obala ustroju demokratycznego nie zmienia nic w strukturach pa\u0144stwa, proponuje nak\u0142adk\u0119 na ju\u017c istniej\u0105c\u0105 konstytucj\u0119 z 1997 roku<\/strong>&nbsp;<strong>i 1935 roku. \u0141\u0105czy staro\u017cytno\u015b\u0107, \u015bredniowiecze, czasy upadku i rozbior\u00f3w pa\u0144stwa, odrodzenia po zaborach 2RP, PRL i 3RP.<\/strong><\/p>\n\n\n\n<p><a href=\"https:\/\/notebooklm.google.com\/notebook\/ed9408ae-e844-4468-8659-d4ad5d515b2c?artifactId=820e0049-1fb2-4397-a783-85bd616c1e38\">Plan dla Polski: Dekonstrukcja manifestu \u201eTopol\u201d<\/a><\/p>\n\n\n\n<p><\/p>\n","protected":false},"excerpt":{"rendered":"<p>Notatnik LM&nbsp;mo\u017ce odpowiada\u0107 nieprawid\u0142owo, dlatego zawsze sprawdzaj podane informacje. Zacz\u0105\u0142em korzysta\u0107 z NotebookLM, na razie wychwyci\u0142em b\u0142\u0119dy w rozumowaniu mojego Asystenta AI. Je\u015bli znajd\u0119 kolejne b\u0142\u0119dy zamieszcz\u0119 je na tej stronie.&nbsp;I poprosz\u0119 AI o napraw\u0119 analizy. 26.10.2025 14.39 \u201eRacjonalizm genetyczny,&nbsp;natywizm,&nbsp;innatyzm&nbsp;\u2013 pogl\u0105d dotycz\u0105cy natury \u017ar\u00f3de\u0142 poznania (genezy poznania), przeciwstawiaj\u0105cy si\u0119&nbsp;empiryzmowi genetycznemu. Wed\u0142ug racjonalist\u00f3w genetycznych&nbsp;umys\u0142 ludzki&nbsp;dzi\u0119ki samej [&hellip;]<\/p>\n","protected":false},"author":1,"featured_media":0,"parent":47,"menu_order":42,"comment_status":"closed","ping_status":"closed","template":"","meta":{"footnotes":""},"class_list":["post-13669","page","type-page","status-publish","hentry"],"_links":{"self":[{"href":"https:\/\/topol.org.pl\/index.php?rest_route=\/wp\/v2\/pages\/13669","targetHints":{"allow":["GET"]}}],"collection":[{"href":"https:\/\/topol.org.pl\/index.php?rest_route=\/wp\/v2\/pages"}],"about":[{"href":"https:\/\/topol.org.pl\/index.php?rest_route=\/wp\/v2\/types\/page"}],"author":[{"embeddable":true,"href":"https:\/\/topol.org.pl\/index.php?rest_route=\/wp\/v2\/users\/1"}],"replies":[{"embeddable":true,"href":"https:\/\/topol.org.pl\/index.php?rest_route=%2Fwp%2Fv2%2Fcomments&post=13669"}],"version-history":[{"count":5,"href":"https:\/\/topol.org.pl\/index.php?rest_route=\/wp\/v2\/pages\/13669\/revisions"}],"predecessor-version":[{"id":14138,"href":"https:\/\/topol.org.pl\/index.php?rest_route=\/wp\/v2\/pages\/13669\/revisions\/14138"}],"up":[{"embeddable":true,"href":"https:\/\/topol.org.pl\/index.php?rest_route=\/wp\/v2\/pages\/47"}],"wp:attachment":[{"href":"https:\/\/topol.org.pl\/index.php?rest_route=%2Fwp%2Fv2%2Fmedia&parent=13669"}],"curies":[{"name":"wp","href":"https:\/\/api.w.org\/{rel}","templated":true}]}}