{"id":13681,"date":"2025-10-29T10:10:50","date_gmt":"2025-10-29T09:10:50","guid":{"rendered":"https:\/\/topol.org.pl\/?page_id=13681"},"modified":"2025-10-29T11:07:34","modified_gmt":"2025-10-29T10:07:34","slug":"gospodarke-uczynic-czescia-kultury","status":"publish","type":"page","link":"https:\/\/topol.org.pl\/?page_id=13681","title":{"rendered":"&#8222;gospodark\u0119 uczyni\u0107 cz\u0119\u015bci\u0105 kultury&#8221;"},"content":{"rendered":"\n<p>29.10.2025 09.59 <a href=\"https:\/\/mik.krakow.pl\/wp-content\/uploads\/Jerzy-Hausner-Ile-warta-jest-kultura-MIK-2020.pdf\">&#8222;gospodark\u0119 uczyni\u0107 cz\u0119\u015bci\u0105 kultury&#8221;<\/a> \u0179r\u00f3d\u0142o: Ile-warta-jest-kultura-MIK-2020<\/p>\n\n\n\n<p><a href=\"https:\/\/www.google.com\/search?q=cz%C4%99%C5%9B%C4%87+kultury&amp;oq=cz%C4%99%C5%9B%C4%87+kultury&amp;gs_lcrp=EgZjaHJvbWUyBggAEEUYOdIBCTk5ODVqMGoxNagCCLACAQ&amp;sourceid=chrome&amp;ie=UTF-8\">Jakie s\u0105 rodzaje kultury?<\/a><\/p>\n\n\n\n<p>Przegl\u0105d od AI<\/p>\n\n\n\n<p>Rodzaje kultury mo\u017cna klasyfikowa\u0107 na podstawie r\u00f3\u017cnych kryteri\u00f3w, np. na&nbsp;<mark>kultur\u0119 materialn\u0105 (wytwory fizyczne, jak budynki, dzie\u0142a sztuki) i niematerialn\u0105 (warto\u015bci, wierzenia, zwyczaje, j\u0119zyk)<\/mark>.&nbsp;Inne typologie obejmuj\u0105: kultur\u0119 ludow\u0105, masow\u0105 i elitarn\u0105, kultur\u0119 narodow\u0105 i regionaln\u0105, a tak\u017ce typy kultury organizacyjnej, takie jak hierarchiczna, rynkowa, klanu i adhokracji.&nbsp;<\/p>\n\n\n\n<p><strong>Sztuczna inteligencja jest zbyt \u017car\u0142oczna, cz\u0142owiek potrzebuje mniej energii do my\u015blenia<\/strong>. <strong>Nie potrzebujemy tylu magazyn\u00f3w energii baz danych i zabezpiecze\u0144 <a href=\"https:\/\/www.google.com\/search?q=cyberbezpiecze%C5%84stwa&amp;sourceid=chrome&amp;ie=UTF-8\">cyberbezpiecze\u0144stwa<\/a>. To s\u0142u\u017cy tylko wielkim korporacjom.<\/strong> <strong>\u017beby gospodark\u0119 uczyni\u0107 cz\u0119\u015bci\u0105 kultury, musimy stanowi\u0107 o odr\u0119bno\u015bci naszej kultury. Nie jeste\u015bmy Europejczykami tylko stanowimy odr\u0119bn\u0105 spo\u0142eczno\u015b\u0107.<\/strong><\/p>\n\n\n\n<p>Verte &gt;<a href=\"https:\/\/topol.org.pl\/?page_id=6187\">Fundacja Narodowe Si\u0142y Samoobrony \u201eGrot\u201d<\/a><\/p>\n\n\n\n<p><\/p>\n","protected":false},"excerpt":{"rendered":"<p>29.10.2025 09.59 &#8222;gospodark\u0119 uczyni\u0107 cz\u0119\u015bci\u0105 kultury&#8221; \u0179r\u00f3d\u0142o: Ile-warta-jest-kultura-MIK-2020 Jakie s\u0105 rodzaje kultury? Przegl\u0105d od AI Rodzaje kultury mo\u017cna klasyfikowa\u0107 na podstawie r\u00f3\u017cnych kryteri\u00f3w, np. na&nbsp;kultur\u0119 materialn\u0105 (wytwory fizyczne, jak budynki, dzie\u0142a sztuki) i niematerialn\u0105 (warto\u015bci, wierzenia, zwyczaje, j\u0119zyk).&nbsp;Inne typologie obejmuj\u0105: kultur\u0119 ludow\u0105, masow\u0105 i elitarn\u0105, kultur\u0119 narodow\u0105 i regionaln\u0105, a tak\u017ce typy kultury organizacyjnej, takie [&hellip;]<\/p>\n","protected":false},"author":1,"featured_media":0,"parent":13456,"menu_order":3,"comment_status":"closed","ping_status":"closed","template":"","meta":{"footnotes":""},"class_list":["post-13681","page","type-page","status-publish","hentry"],"_links":{"self":[{"href":"https:\/\/topol.org.pl\/index.php?rest_route=\/wp\/v2\/pages\/13681","targetHints":{"allow":["GET"]}}],"collection":[{"href":"https:\/\/topol.org.pl\/index.php?rest_route=\/wp\/v2\/pages"}],"about":[{"href":"https:\/\/topol.org.pl\/index.php?rest_route=\/wp\/v2\/types\/page"}],"author":[{"embeddable":true,"href":"https:\/\/topol.org.pl\/index.php?rest_route=\/wp\/v2\/users\/1"}],"replies":[{"embeddable":true,"href":"https:\/\/topol.org.pl\/index.php?rest_route=%2Fwp%2Fv2%2Fcomments&post=13681"}],"version-history":[{"count":6,"href":"https:\/\/topol.org.pl\/index.php?rest_route=\/wp\/v2\/pages\/13681\/revisions"}],"predecessor-version":[{"id":13689,"href":"https:\/\/topol.org.pl\/index.php?rest_route=\/wp\/v2\/pages\/13681\/revisions\/13689"}],"up":[{"embeddable":true,"href":"https:\/\/topol.org.pl\/index.php?rest_route=\/wp\/v2\/pages\/13456"}],"wp:attachment":[{"href":"https:\/\/topol.org.pl\/index.php?rest_route=%2Fwp%2Fv2%2Fmedia&parent=13681"}],"curies":[{"name":"wp","href":"https:\/\/api.w.org\/{rel}","templated":true}]}}