{"id":13690,"date":"2025-10-30T20:16:19","date_gmt":"2025-10-30T19:16:19","guid":{"rendered":"https:\/\/topol.org.pl\/?page_id=13690"},"modified":"2026-01-14T15:39:02","modified_gmt":"2026-01-14T14:39:02","slug":"panstwo-tego-nie-udzwignie-katastrofa-fiskalna-2026","status":"publish","type":"page","link":"https:\/\/topol.org.pl\/?page_id=13690","title":{"rendered":"PA\u0143STWO TEGO NIE UD\u0179WIGNIE! Katastrofa fiskalna 2026"},"content":{"rendered":"\n<p>30.10.2025 20.15 <a href=\"https:\/\/www.youtube.com\/watch?v=kAGGrngpvds\">PA\u0143STWO TEGO NIE UD\u0179WIGNIE! Prof. Modzelewski OSTRZEGA: Katastrofa fiskalna 2026<\/a> \u0179r\u00f3d\u0142o: <a href=\"https:\/\/www.youtube.com\/@FMC27NEWS\">FMC27NEWS<\/a><\/p>\n\n\n\n<p>Verte ><a href=\"https:\/\/topol.org.pl\/?page_id=6187\">Fundacja Narodowe Si\u0142y Samoobrony \u201eGrot\u201d<\/a><\/p>\n\n\n\n<p><\/p>\n","protected":false},"excerpt":{"rendered":"<p>30.10.2025 20.15 PA\u0143STWO TEGO NIE UD\u0179WIGNIE! Prof. Modzelewski OSTRZEGA: Katastrofa fiskalna 2026 \u0179r\u00f3d\u0142o: FMC27NEWS Verte >Fundacja Narodowe Si\u0142y Samoobrony \u201eGrot\u201d<\/p>\n","protected":false},"author":1,"featured_media":0,"parent":2980,"menu_order":0,"comment_status":"closed","ping_status":"closed","template":"","meta":{"footnotes":""},"class_list":["post-13690","page","type-page","status-publish","hentry"],"_links":{"self":[{"href":"https:\/\/topol.org.pl\/index.php?rest_route=\/wp\/v2\/pages\/13690","targetHints":{"allow":["GET"]}}],"collection":[{"href":"https:\/\/topol.org.pl\/index.php?rest_route=\/wp\/v2\/pages"}],"about":[{"href":"https:\/\/topol.org.pl\/index.php?rest_route=\/wp\/v2\/types\/page"}],"author":[{"embeddable":true,"href":"https:\/\/topol.org.pl\/index.php?rest_route=\/wp\/v2\/users\/1"}],"replies":[{"embeddable":true,"href":"https:\/\/topol.org.pl\/index.php?rest_route=%2Fwp%2Fv2%2Fcomments&post=13690"}],"version-history":[{"count":3,"href":"https:\/\/topol.org.pl\/index.php?rest_route=\/wp\/v2\/pages\/13690\/revisions"}],"predecessor-version":[{"id":13693,"href":"https:\/\/topol.org.pl\/index.php?rest_route=\/wp\/v2\/pages\/13690\/revisions\/13693"}],"up":[{"embeddable":true,"href":"https:\/\/topol.org.pl\/index.php?rest_route=\/wp\/v2\/pages\/2980"}],"wp:attachment":[{"href":"https:\/\/topol.org.pl\/index.php?rest_route=%2Fwp%2Fv2%2Fmedia&parent=13690"}],"curies":[{"name":"wp","href":"https:\/\/api.w.org\/{rel}","templated":true}]}}