{"id":13701,"date":"2025-11-07T17:38:35","date_gmt":"2025-11-07T16:38:35","guid":{"rendered":"https:\/\/topol.org.pl\/?page_id=13701"},"modified":"2025-11-15T17:30:04","modified_gmt":"2025-11-15T16:30:04","slug":"plan-dla-polski-dekonstrukcja-manifestu-topol","status":"publish","type":"page","link":"https:\/\/topol.org.pl\/?page_id=13701","title":{"rendered":"Plan dla Polski"},"content":{"rendered":"\n<p><a href=\"https:\/\/notebooklm.google.com\/notebook\/ed9408ae-e844-4468-8659-d4ad5d515b2c\">Plan dla Polski: Dekonstrukcja manifestu &#8222;Topol&#8221;<\/a><\/p>\n\n\n\n<p>Analiza strony internetowej wykonana przez NotebookLM. <\/p>\n\n\n\n<p>NotebookLM mo\u017ce odpowiada\u0107 nieprawid\u0142owo, dlatego zawsze sprawdzaj podane informacje.<\/p>\n\n\n\n<p><a href=\"https:\/\/topol.org.pl\/?page_id=13647\">Moja Rzeczpospolita Polska W skr\u00f3cie: Topol<\/a><\/p>\n\n\n\n<p>Verte &gt;<a href=\"https:\/\/topol.org.pl\/?page_id=6187\">Fundacja Narodowe Si\u0142y Samoobrony \u201eGrot\u201d<\/a><\/p>\n\n\n\n<p><\/p>\n","protected":false},"excerpt":{"rendered":"<p>Plan dla Polski: Dekonstrukcja manifestu &#8222;Topol&#8221; Analiza strony internetowej wykonana przez NotebookLM. NotebookLM mo\u017ce odpowiada\u0107 nieprawid\u0142owo, dlatego zawsze sprawdzaj podane informacje. Moja Rzeczpospolita Polska W skr\u00f3cie: Topol Verte &gt;Fundacja Narodowe Si\u0142y Samoobrony \u201eGrot\u201d<\/p>\n","protected":false},"author":1,"featured_media":0,"parent":0,"menu_order":304,"comment_status":"closed","ping_status":"closed","template":"","meta":{"footnotes":""},"class_list":["post-13701","page","type-page","status-publish","hentry"],"_links":{"self":[{"href":"https:\/\/topol.org.pl\/index.php?rest_route=\/wp\/v2\/pages\/13701","targetHints":{"allow":["GET"]}}],"collection":[{"href":"https:\/\/topol.org.pl\/index.php?rest_route=\/wp\/v2\/pages"}],"about":[{"href":"https:\/\/topol.org.pl\/index.php?rest_route=\/wp\/v2\/types\/page"}],"author":[{"embeddable":true,"href":"https:\/\/topol.org.pl\/index.php?rest_route=\/wp\/v2\/users\/1"}],"replies":[{"embeddable":true,"href":"https:\/\/topol.org.pl\/index.php?rest_route=%2Fwp%2Fv2%2Fcomments&post=13701"}],"version-history":[{"count":5,"href":"https:\/\/topol.org.pl\/index.php?rest_route=\/wp\/v2\/pages\/13701\/revisions"}],"predecessor-version":[{"id":13707,"href":"https:\/\/topol.org.pl\/index.php?rest_route=\/wp\/v2\/pages\/13701\/revisions\/13707"}],"wp:attachment":[{"href":"https:\/\/topol.org.pl\/index.php?rest_route=%2Fwp%2Fv2%2Fmedia&parent=13701"}],"curies":[{"name":"wp","href":"https:\/\/api.w.org\/{rel}","templated":true}]}}