{"id":13709,"date":"2025-11-09T10:58:45","date_gmt":"2025-11-09T09:58:45","guid":{"rendered":"https:\/\/topol.org.pl\/?page_id=13709"},"modified":"2025-11-19T06:34:06","modified_gmt":"2025-11-19T05:34:06","slug":"kto-odwazy-sie-powiedziec","status":"publish","type":"page","link":"https:\/\/topol.org.pl\/?page_id=13709","title":{"rendered":"Kto odwa\u017cy si\u0119 powiedzie\u0107 ?"},"content":{"rendered":"\n<p>09.11.2025 10.34 <strong>Kto odwa\u017cy si\u0119 powiedzie\u0107 ? Chc\u0119, \u017ceby Unia Europejska wysz\u0142a z Polski. Mo\u017ce w ca\u0142o\u015bci, ale na pewno w cz\u0119\u015bci destrukcyjnej. Widz\u0119 Uni\u0119 Europejsk\u0105, \u017ce jest podporz\u0105dkowana interesom Polski. Dzia\u0142a na jej <a href=\"https:\/\/www.google.com\/search?q=korzy%C5%9B%C4%87&amp;oq=korzy%C5%9B%C4%87&amp;gs_lcrp=EgZjaHJvbWUyBggAEEUYOdIBCTUyOTJqMGoxNagCCLACAQ&amp;sourceid=chrome&amp;ie=UTF-8\">korzy\u015b\u0107<\/a>, jest s\u0142ug\u0105 Polski. Buduje suwerenno\u015b\u0107 pa\u0144stw narodowych opartych o fundamenty chrze\u015bcija\u0144skie. Tak jak by\u0142o wcze\u015bniej, zanim nie pojawi\u0142 si\u0119 Marcin Luter, \u015bci\u0119ty kr\u00f3l Anglii i Rewolucja Francuska z gilotyn\u0105, rozsiewaj\u0105ca rewolucjonist\u00f3w po ca\u0142ym \u015bwiecie. <a href=\"https:\/\/www.google.com\/search?q=zgilotynowany+kr%C3%B3l+Anglii&amp;oq=zgilotynowany+kr%C3%B3l+Anglii&amp;gs_lcrp=EgZjaHJvbWUyBggAEEUYOdIBCTIzNjFqMGoxNagCCLACAQ&amp;sourceid=chrome&amp;ie=UTF-8\">Luigi XVI\u00a0zosta\u0142 zgilotynowany 21 stycznia 1793 roku podczas rewolucji francuskiej<\/a>. Mo\u017ce i dobrze, przecie\u017c mia\u0142 w\u0142adz\u0119 absolutn\u0105, nie demokratyczn\u0105. W tym samym czasie nast\u0105pi\u0142y rozbiory naszej Polski. By\u0142o to spowodowane destrukcj\u0105 od potopu szwedzkiego po podporz\u0105dkowanie obcym dynastiom, <a href=\"https:\/\/pl.wikipedia.org\/wiki\/Wettynowie\">Sasom<\/a>. <a href=\"https:\/\/pl.wikipedia.org\/wiki\/Pa%C5%82ac_Saski_w_Warszawie\">Teraz odbudowujemy Pa\u0142ac Saski<\/a> (destrukcja-<a href=\"https:\/\/pl.wikipedia.org\/wiki\/Ogr%C3%B3d_Saski_w_Warszawie\">Ogr\u00f3du Saskiego w Warszawie<\/a><\/strong>)<strong>. Ja widz\u0119 w tym <a href=\"https:\/\/pl.wikipedia.org\/wiki\/O%C5%9B_Saska\">dziwny zbieg okoliczno\u015bci<\/a>. Znowu <a href=\"https:\/\/isap.sejm.gov.pl\/isap.nsf\/DocDetails.xsp?id=WDU20240000578\">budujemy symbol<\/a> zniewolenia przez <a href=\"https:\/\/pl.wikipedia.org\/wiki\/August_III_Sas\">Sas\u00f3w<\/a>, p\u00f3\u017aniej <a href=\"https:\/\/dorzeczy.pl\/opinie\/807735\/jak-wygladalo-pieklo-dla-chlopow-za-krola-sasa.html\">zast\u0105pionych przez zaborc\u00f3w rosyjskich<\/a>. Powinni\u015bmy jako pa\u0144stwo utwierdza\u0107 odzyskanie Ziem Zachodnich. Odzyska\u0107 <a href=\"https:\/\/www.google.com\/search?q=siedzib%C4%99+poch%C3%B3wku+ksi%C4%85%C5%BC%C4%85t+%C5%9Bl%C4%85skich&amp;oq=siedzib%C4%99+poch%C3%B3wku+ksi%C4%85%C5%BC%C4%85t+%C5%9Bl%C4%85skich&amp;gs_lcrp=EgZjaHJvbWUyBggAEEUYOdIBCTIyMzFqMGoxNagCCLACAQ&amp;sourceid=chrome&amp;ie=UTF-8\">siedzib\u0119 poch\u00f3wku ksi\u0105\u017c\u0105t \u015bl\u0105skich<\/a>. <a href=\"https:\/\/topol.org.pl\/?page_id=11955\">Odnowi\u0107 Zamek w Lubi\u0105\u017cu<\/a>.<\/strong><\/p>\n\n\n\n<p>Verte &gt;<a href=\"https:\/\/topol.org.pl\/?page_id=6187\">Fundacja Narodowe Si\u0142y Samoobrony \u201eGrot\u201d<\/a><\/p>\n\n\n\n<p><\/p>\n","protected":false},"excerpt":{"rendered":"<p>09.11.2025 10.34 Kto odwa\u017cy si\u0119 powiedzie\u0107 ? Chc\u0119, \u017ceby Unia Europejska wysz\u0142a z Polski. Mo\u017ce w ca\u0142o\u015bci, ale na pewno w cz\u0119\u015bci destrukcyjnej. Widz\u0119 Uni\u0119 Europejsk\u0105, \u017ce jest podporz\u0105dkowana interesom Polski. Dzia\u0142a na jej korzy\u015b\u0107, jest s\u0142ug\u0105 Polski. Buduje suwerenno\u015b\u0107 pa\u0144stw narodowych opartych o fundamenty chrze\u015bcija\u0144skie. Tak jak by\u0142o wcze\u015bniej, zanim nie pojawi\u0142 si\u0119 Marcin [&hellip;]<\/p>\n","protected":false},"author":1,"featured_media":0,"parent":13701,"menu_order":1,"comment_status":"closed","ping_status":"closed","template":"","meta":{"footnotes":""},"class_list":["post-13709","page","type-page","status-publish","hentry"],"_links":{"self":[{"href":"https:\/\/topol.org.pl\/index.php?rest_route=\/wp\/v2\/pages\/13709","targetHints":{"allow":["GET"]}}],"collection":[{"href":"https:\/\/topol.org.pl\/index.php?rest_route=\/wp\/v2\/pages"}],"about":[{"href":"https:\/\/topol.org.pl\/index.php?rest_route=\/wp\/v2\/types\/page"}],"author":[{"embeddable":true,"href":"https:\/\/topol.org.pl\/index.php?rest_route=\/wp\/v2\/users\/1"}],"replies":[{"embeddable":true,"href":"https:\/\/topol.org.pl\/index.php?rest_route=%2Fwp%2Fv2%2Fcomments&post=13709"}],"version-history":[{"count":15,"href":"https:\/\/topol.org.pl\/index.php?rest_route=\/wp\/v2\/pages\/13709\/revisions"}],"predecessor-version":[{"id":13817,"href":"https:\/\/topol.org.pl\/index.php?rest_route=\/wp\/v2\/pages\/13709\/revisions\/13817"}],"up":[{"embeddable":true,"href":"https:\/\/topol.org.pl\/index.php?rest_route=\/wp\/v2\/pages\/13701"}],"wp:attachment":[{"href":"https:\/\/topol.org.pl\/index.php?rest_route=%2Fwp%2Fv2%2Fmedia&parent=13709"}],"curies":[{"name":"wp","href":"https:\/\/api.w.org\/{rel}","templated":true}]}}