{"id":13724,"date":"2025-11-09T12:51:28","date_gmt":"2025-11-09T11:51:28","guid":{"rendered":"https:\/\/topol.org.pl\/?page_id=13724"},"modified":"2026-01-09T10:20:51","modified_gmt":"2026-01-09T09:20:51","slug":"rynki-w-regulacjach-kryptoaktywow","status":"publish","type":"page","link":"https:\/\/topol.org.pl\/?page_id=13724","title":{"rendered":"Rynki w regulacjach kryptoaktyw\u00f3w"},"content":{"rendered":"\n<p>09.11.2025 12.43 <a href=\"https:\/\/www.google.com\/search?q=The+Markets+in+Crypto-Assets+Regulation&amp;oq=The+Markets+in+Crypto-Assets+Regulation&amp;gs_lcrp=EgZjaHJvbWUyBggAEEUYOdIBCTI2MTFqMGoxNagCCLACAQ&amp;sourceid=chrome&amp;ie=UTF-8\">The Markets in Crypto-Assets Regulation (MiCA)<\/a><\/p>\n\n\n\n<p><strong>Koparki s\u0105 zbyt \u017car\u0142oczne. Czyta\u0142em o magazynach danych umieszczonych na orbicie (Google), zasilanych energi\u0105 s\u0142oneczn\u0105. Chcia\u0142bym, \u017ceby ci inwestorzy przenie\u015bli si\u0119 na orbit\u0119 Ziemi. Dla zwyk\u0142ych ludzi to biznes urojony. Wirtualny i ma\u0142o stabilny. Ale, rzeczywi\u015bcie regulacje musz\u0105 obj\u0105\u0107 nasz kraj, poniewa\u017c stracimy wp\u0142ywy z podatk\u00f3w.<\/strong><\/p>\n\n\n\n<p><a href=\"https:\/\/www.google.com\/search?q=Rynki+w+regulacjach+kryptoaktyw%C3%B3w&amp;oq=Rynki+w+regulacjach+kryptoaktyw%C3%B3w&amp;gs_lcrp=EgZjaHJvbWUyBggAEEUYOdIBCDEyMTBqMGo0qAIAsAIB&amp;sourceid=chrome&amp;ie=UTF-8\">Rynki w regulacjach kryptoaktyw\u00f3w<\/a><\/p>\n\n\n\n<p>Verte ><a href=\"https:\/\/topol.org.pl\/?page_id=6187\">Fundacja Narodowe Si\u0142y Samoobrony \u201eGrot\u201d<\/a><\/p>\n\n\n\n<p><\/p>\n","protected":false},"excerpt":{"rendered":"<p>09.11.2025 12.43 The Markets in Crypto-Assets Regulation (MiCA) Koparki s\u0105 zbyt \u017car\u0142oczne. Czyta\u0142em o magazynach danych umieszczonych na orbicie (Google), zasilanych energi\u0105 s\u0142oneczn\u0105. Chcia\u0142bym, \u017ceby ci inwestorzy przenie\u015bli si\u0119 na orbit\u0119 Ziemi. Dla zwyk\u0142ych ludzi to biznes urojony. Wirtualny i ma\u0142o stabilny. Ale, rzeczywi\u015bcie regulacje musz\u0105 obj\u0105\u0107 nasz kraj, poniewa\u017c stracimy wp\u0142ywy z podatk\u00f3w. Rynki [&hellip;]<\/p>\n","protected":false},"author":1,"featured_media":0,"parent":2759,"menu_order":0,"comment_status":"closed","ping_status":"closed","template":"","meta":{"footnotes":""},"class_list":["post-13724","page","type-page","status-publish","hentry"],"_links":{"self":[{"href":"https:\/\/topol.org.pl\/index.php?rest_route=\/wp\/v2\/pages\/13724","targetHints":{"allow":["GET"]}}],"collection":[{"href":"https:\/\/topol.org.pl\/index.php?rest_route=\/wp\/v2\/pages"}],"about":[{"href":"https:\/\/topol.org.pl\/index.php?rest_route=\/wp\/v2\/types\/page"}],"author":[{"embeddable":true,"href":"https:\/\/topol.org.pl\/index.php?rest_route=\/wp\/v2\/users\/1"}],"replies":[{"embeddable":true,"href":"https:\/\/topol.org.pl\/index.php?rest_route=%2Fwp%2Fv2%2Fcomments&post=13724"}],"version-history":[{"count":3,"href":"https:\/\/topol.org.pl\/index.php?rest_route=\/wp\/v2\/pages\/13724\/revisions"}],"predecessor-version":[{"id":13727,"href":"https:\/\/topol.org.pl\/index.php?rest_route=\/wp\/v2\/pages\/13724\/revisions\/13727"}],"up":[{"embeddable":true,"href":"https:\/\/topol.org.pl\/index.php?rest_route=\/wp\/v2\/pages\/2759"}],"wp:attachment":[{"href":"https:\/\/topol.org.pl\/index.php?rest_route=%2Fwp%2Fv2%2Fmedia&parent=13724"}],"curies":[{"name":"wp","href":"https:\/\/api.w.org\/{rel}","templated":true}]}}