{"id":13738,"date":"2025-11-11T09:00:51","date_gmt":"2025-11-11T08:00:51","guid":{"rendered":"https:\/\/topol.org.pl\/?page_id=13738"},"modified":"2026-01-09T10:58:37","modified_gmt":"2026-01-09T09:58:37","slug":"11-11-2025-marsz-niepodleglosci","status":"publish","type":"page","link":"https:\/\/topol.org.pl\/?page_id=13738","title":{"rendered":"11.11.2025 Narodowe \u015awi\u0119to Niepodleg\u0142o\u015bci"},"content":{"rendered":"\n<p>11.11.2025 08.58 <strong><a href=\"https:\/\/pl.wikipedia.org\/wiki\/Narodowe_%C5%9Awi%C4%99to_Niepodleg%C5%82o%C5%9Bci\">Narodowe \u015awi\u0119to Niepodleg\u0142o\u015bci<\/a><\/strong> \u0179r\u00f3d\u0142o: Wikipedia<\/p>\n\n\n\n<p><a href=\"https:\/\/www.google.com\/search?q=%C5%9Awi%C4%99to+Niepodleg%C5%82o%C5%9Bci&amp;oq=%C5%9Awi%C4%99to+Niepodleg%C5%82o%C5%9Bci&amp;gs_lcrp=EgZjaHJvbWUyBggAEEUYOTIGCAEQRRg9MgYIAhBFGD0yBggDEEUYQTIGCAQQRRhBMgYIBRBFGD3SAQkyODE2ajBqMTWoAgiwAgE&amp;sourceid=chrome&amp;ie=UTF-8\">Narodowe \u015awi\u0119to Niepodleg\u0142o\u015bci<\/a><\/p>\n\n\n\n<p>Narodowe \u015awi\u0119to Niepodleg\u0142o\u015bci \u2013 \u015bwi\u0119to pa\u0144stwowe w Polsce obchodzone corocznie 11 listopada o godzinie <strong>12:00<\/strong> dla upami\u0119tnienia odzyskania niepodleg\u0142o\u015bci przez Polsk\u0119 w 1918, po 123 latach zabor\u00f3w. \u0179r\u00f3d\u0142o: <a href=\"https:\/\/www.google.com\/search?q=%C5%9Awi%C4%99to+Niepodleg%C5%82o%C5%9Bci&amp;oq=%C5%9Awi%C4%99to+Niepodleg%C5%82o%C5%9Bci&amp;gs_lcrp=EgZjaHJvbWUyBggAEEUYOTIGCAEQRRg9MgYIAhBFGD0yBggDEEUYQTIGCAQQRRhBMgYIBRBFGD3SAQkyODE2ajBqMTWoAgiwAgE&amp;sourceid=chrome&amp;ie=UTF-8\">Google<\/a><\/p>\n\n\n\n<p><strong><a href=\"https:\/\/www.youtube.com\/playlist?list=PLvdibod3J-Xu2OvVtPKr6d7FWoW4Qtexi\">Marsz Niepodleg\u0142o\u015bci 2025<\/a><\/strong><\/p>\n\n\n\n<figure class=\"wp-block-image size-large\"><a href=\"https:\/\/www.youtube.com\/playlist?list=PLvdibod3J-Xu2OvVtPKr6d7FWoW4Qtexi\"><img loading=\"lazy\" decoding=\"async\" width=\"1024\" height=\"472\" src=\"https:\/\/topol.org.pl\/wp-content\/uploads\/2025\/11\/Marsz-Niepodleglosci-2025-1-1024x472.jpg\" alt=\"\" class=\"wp-image-13787\" srcset=\"https:\/\/topol.org.pl\/wp-content\/uploads\/2025\/11\/Marsz-Niepodleglosci-2025-1-1024x472.jpg 1024w, https:\/\/topol.org.pl\/wp-content\/uploads\/2025\/11\/Marsz-Niepodleglosci-2025-1-300x138.jpg 300w, https:\/\/topol.org.pl\/wp-content\/uploads\/2025\/11\/Marsz-Niepodleglosci-2025-1-768x354.jpg 768w, https:\/\/topol.org.pl\/wp-content\/uploads\/2025\/11\/Marsz-Niepodleglosci-2025-1-1536x708.jpg 1536w, https:\/\/topol.org.pl\/wp-content\/uploads\/2025\/11\/Marsz-Niepodleglosci-2025-1.jpg 1672w\" sizes=\"auto, (max-width: 1024px) 100vw, 1024px\" \/><\/a><\/figure>\n\n\n\n<p>Verte &gt;<a href=\"https:\/\/topol.org.pl\/?page_id=6187\">Fundacja Narodowe Si\u0142y Samoobrony \u201eGrot\u201d<\/a><\/p>\n\n\n\n<p><\/p>\n","protected":false},"excerpt":{"rendered":"<p>11.11.2025 08.58 Narodowe \u015awi\u0119to Niepodleg\u0142o\u015bci \u0179r\u00f3d\u0142o: Wikipedia Narodowe \u015awi\u0119to Niepodleg\u0142o\u015bci Narodowe \u015awi\u0119to Niepodleg\u0142o\u015bci \u2013 \u015bwi\u0119to pa\u0144stwowe w Polsce obchodzone corocznie 11 listopada o godzinie 12:00 dla upami\u0119tnienia odzyskania niepodleg\u0142o\u015bci przez Polsk\u0119 w 1918, po 123 latach zabor\u00f3w. \u0179r\u00f3d\u0142o: Google Marsz Niepodleg\u0142o\u015bci 2025 Verte &gt;Fundacja Narodowe Si\u0142y Samoobrony \u201eGrot\u201d<\/p>\n","protected":false},"author":1,"featured_media":0,"parent":7049,"menu_order":0,"comment_status":"closed","ping_status":"closed","template":"","meta":{"footnotes":""},"class_list":["post-13738","page","type-page","status-publish","hentry"],"_links":{"self":[{"href":"https:\/\/topol.org.pl\/index.php?rest_route=\/wp\/v2\/pages\/13738","targetHints":{"allow":["GET"]}}],"collection":[{"href":"https:\/\/topol.org.pl\/index.php?rest_route=\/wp\/v2\/pages"}],"about":[{"href":"https:\/\/topol.org.pl\/index.php?rest_route=\/wp\/v2\/types\/page"}],"author":[{"embeddable":true,"href":"https:\/\/topol.org.pl\/index.php?rest_route=\/wp\/v2\/users\/1"}],"replies":[{"embeddable":true,"href":"https:\/\/topol.org.pl\/index.php?rest_route=%2Fwp%2Fv2%2Fcomments&post=13738"}],"version-history":[{"count":18,"href":"https:\/\/topol.org.pl\/index.php?rest_route=\/wp\/v2\/pages\/13738\/revisions"}],"predecessor-version":[{"id":13790,"href":"https:\/\/topol.org.pl\/index.php?rest_route=\/wp\/v2\/pages\/13738\/revisions\/13790"}],"up":[{"embeddable":true,"href":"https:\/\/topol.org.pl\/index.php?rest_route=\/wp\/v2\/pages\/7049"}],"wp:attachment":[{"href":"https:\/\/topol.org.pl\/index.php?rest_route=%2Fwp%2Fv2%2Fmedia&parent=13738"}],"curies":[{"name":"wp","href":"https:\/\/api.w.org\/{rel}","templated":true}]}}