{"id":13745,"date":"2025-11-12T15:47:12","date_gmt":"2025-11-12T14:47:12","guid":{"rendered":"https:\/\/topol.org.pl\/?page_id=13745"},"modified":"2025-11-14T10:17:38","modified_gmt":"2025-11-14T09:17:38","slug":"oslo-analizuje-wydanie-ukrainie-gwarancji-unijnej-pozyczki-wojennej-w-wysokosci-100-mld-euro","status":"publish","type":"page","link":"https:\/\/topol.org.pl\/?page_id=13745","title":{"rendered":"Oslo analizuje wydanie Ukrainie gwarancji unijnej po\u017cyczki wojennej w wysoko\u015bci 100 mld euro."},"content":{"rendered":"\n<p>12.11.2025 15.39 <a href=\"https:\/\/www.rp.pl\/gospodarka\/art43319821-norwegia-na-pomoc-ukrainie-moze-dac-gwarancje-najwiekszej-pozyczki-wojennej\">Parlament Norwegii popiera to dzia\u0142anie.<\/a> Zr\u00f3d\u0142o:rp.pl<\/p>\n\n\n\n<p><strong>Sprzeciwiam si\u0119 finansowaniu wojny na Ukrainie i gwarantowaniu po\u017cyczki przez Norwegi\u0119 dla Polski. Poniewa\u017c ten kredyt zaci\u0105gni\u0119ty na wojn\u0119 z Rosj\u0105 przez Uni\u0119 Europejsk\u0105 b\u0119dziemy sp\u0142acali z naszych podatk\u00f3w. Dodatkowo taka kwota nie pozwoli my\u015ble\u0107 o pokoju tylko o wojnie rozlewaj\u0105cej si\u0119 na nasz kraj. Sprzeciwiam si\u0119 my\u015bleniu, \u017ce jest to dla nas korzystne. Poniewa\u017c nara\u017ca nas bezpo\u015brednio na konflikt na naszym terytorium.<\/strong><\/p>\n\n\n\n<p>Verte ><a href=\"https:\/\/topol.org.pl\/?page_id=6187\">Fundacja Narodowe Si\u0142y Samoobrony \u201eGrot\u201d<\/a><\/p>\n","protected":false},"excerpt":{"rendered":"<p>12.11.2025 15.39 Parlament Norwegii popiera to dzia\u0142anie. Zr\u00f3d\u0142o:rp.pl Sprzeciwiam si\u0119 finansowaniu wojny na Ukrainie i gwarantowaniu po\u017cyczki przez Norwegi\u0119 dla Polski. Poniewa\u017c ten kredyt zaci\u0105gni\u0119ty na wojn\u0119 z Rosj\u0105 przez Uni\u0119 Europejsk\u0105 b\u0119dziemy sp\u0142acali z naszych podatk\u00f3w. Dodatkowo taka kwota nie pozwoli my\u015ble\u0107 o pokoju tylko o wojnie rozlewaj\u0105cej si\u0119 na nasz kraj. Sprzeciwiam si\u0119 [&hellip;]<\/p>\n","protected":false},"author":1,"featured_media":0,"parent":13701,"menu_order":2,"comment_status":"closed","ping_status":"closed","template":"","meta":{"footnotes":""},"class_list":["post-13745","page","type-page","status-publish","hentry"],"_links":{"self":[{"href":"https:\/\/topol.org.pl\/index.php?rest_route=\/wp\/v2\/pages\/13745","targetHints":{"allow":["GET"]}}],"collection":[{"href":"https:\/\/topol.org.pl\/index.php?rest_route=\/wp\/v2\/pages"}],"about":[{"href":"https:\/\/topol.org.pl\/index.php?rest_route=\/wp\/v2\/types\/page"}],"author":[{"embeddable":true,"href":"https:\/\/topol.org.pl\/index.php?rest_route=\/wp\/v2\/users\/1"}],"replies":[{"embeddable":true,"href":"https:\/\/topol.org.pl\/index.php?rest_route=%2Fwp%2Fv2%2Fcomments&post=13745"}],"version-history":[{"count":1,"href":"https:\/\/topol.org.pl\/index.php?rest_route=\/wp\/v2\/pages\/13745\/revisions"}],"predecessor-version":[{"id":13746,"href":"https:\/\/topol.org.pl\/index.php?rest_route=\/wp\/v2\/pages\/13745\/revisions\/13746"}],"up":[{"embeddable":true,"href":"https:\/\/topol.org.pl\/index.php?rest_route=\/wp\/v2\/pages\/13701"}],"wp:attachment":[{"href":"https:\/\/topol.org.pl\/index.php?rest_route=%2Fwp%2Fv2%2Fmedia&parent=13745"}],"curies":[{"name":"wp","href":"https:\/\/api.w.org\/{rel}","templated":true}]}}