{"id":13762,"date":"2025-11-14T10:16:09","date_gmt":"2025-11-14T09:16:09","guid":{"rendered":"https:\/\/topol.org.pl\/?page_id=13762"},"modified":"2025-11-15T09:12:03","modified_gmt":"2025-11-15T08:12:03","slug":"mozemy-utworzyc-jedna-koalicje-ktora-wszyscy-zgodnie-popra-proponuje-zeby-ta-koalicja-byly-narodowe-sily-samoobrony-grot","status":"publish","type":"page","link":"https:\/\/topol.org.pl\/?page_id=13762","title":{"rendered":"Mo\u017cemy utworzy\u0107 jedn\u0105 koalicj\u0119, kt\u00f3r\u0105 wszyscy zgodnie popr\u0105."},"content":{"rendered":"\n<p>14.11.2025 10.15 <a href=\"https:\/\/topol.org.pl\/?page_id=13738\"><strong>Mo\u017cemy utworzy\u0107 jedn\u0105 koalicj\u0119, kt\u00f3r\u0105 wszyscy popr\u0105.<\/strong><\/a> <strong>Jestem cichym wielbicielem. Koalicja.<\/strong><\/p>\n\n\n\n<p><strong>&#8222;Polska&#8230; Moja Ojczyzna&#8221;.<\/strong><\/p>\n\n\n\n<p>Verte &gt;<a href=\"https:\/\/topol.org.pl\/?page_id=6187\">Fundacja Narodowe Si\u0142y Samoobrony \u201eGrot\u201d<\/a><\/p>\n\n\n\n<p><\/p>\n","protected":false},"excerpt":{"rendered":"<p>14.11.2025 10.15 Mo\u017cemy utworzy\u0107 jedn\u0105 koalicj\u0119, kt\u00f3r\u0105 wszyscy popr\u0105. Jestem cichym wielbicielem. Koalicja. &#8222;Polska&#8230; Moja Ojczyzna&#8221;. Verte &gt;Fundacja Narodowe Si\u0142y Samoobrony \u201eGrot\u201d<\/p>\n","protected":false},"author":1,"featured_media":0,"parent":13701,"menu_order":3,"comment_status":"closed","ping_status":"closed","template":"","meta":{"footnotes":""},"class_list":["post-13762","page","type-page","status-publish","hentry"],"_links":{"self":[{"href":"https:\/\/topol.org.pl\/index.php?rest_route=\/wp\/v2\/pages\/13762","targetHints":{"allow":["GET"]}}],"collection":[{"href":"https:\/\/topol.org.pl\/index.php?rest_route=\/wp\/v2\/pages"}],"about":[{"href":"https:\/\/topol.org.pl\/index.php?rest_route=\/wp\/v2\/types\/page"}],"author":[{"embeddable":true,"href":"https:\/\/topol.org.pl\/index.php?rest_route=\/wp\/v2\/users\/1"}],"replies":[{"embeddable":true,"href":"https:\/\/topol.org.pl\/index.php?rest_route=%2Fwp%2Fv2%2Fcomments&post=13762"}],"version-history":[{"count":8,"href":"https:\/\/topol.org.pl\/index.php?rest_route=\/wp\/v2\/pages\/13762\/revisions"}],"predecessor-version":[{"id":13784,"href":"https:\/\/topol.org.pl\/index.php?rest_route=\/wp\/v2\/pages\/13762\/revisions\/13784"}],"up":[{"embeddable":true,"href":"https:\/\/topol.org.pl\/index.php?rest_route=\/wp\/v2\/pages\/13701"}],"wp:attachment":[{"href":"https:\/\/topol.org.pl\/index.php?rest_route=%2Fwp%2Fv2%2Fmedia&parent=13762"}],"curies":[{"name":"wp","href":"https:\/\/api.w.org\/{rel}","templated":true}]}}