{"id":13771,"date":"2025-11-15T06:45:37","date_gmt":"2025-11-15T05:45:37","guid":{"rendered":"https:\/\/topol.org.pl\/?page_id=13771"},"modified":"2025-11-15T17:14:27","modified_gmt":"2025-11-15T16:14:27","slug":"polska-do-boju-z-ets2","status":"publish","type":"page","link":"https:\/\/topol.org.pl\/?page_id=13771","title":{"rendered":"Polska, do boju z ETS ?"},"content":{"rendered":"\n<p>15.11.2025 6.40 <strong>Ogl\u0105da\u0142em mecz Polska &#8211; Holandia, ale my\u015bla\u0142em o ETS2. Polsko zacznij my\u015ble\u0107. ETS2 zacznie my\u015ble\u0107 za ciebie.<\/strong> <strong>Moja Legia do boju.<\/strong> <strong>Moje S\u0142u\u017cby w ka\u017cdym miejscu w Polsce, kt\u00f3rymi zarz\u0105dzam osobi\u015bcie.<\/strong> <strong>Osobi\u015bcie zajm\u0119 si\u0119 wizerunkiem Or\u0142a Bia\u0142ego i reklam\u0105 Polski za granic\u0105.<\/strong> <strong>Ale marz\u0119 o tym, \u017ceby by\u0142a to reklama promuj\u0105ca nasz\u0105 kultur\u0119.<\/strong><\/p>\n\n\n\n<p>Verte &gt;<a href=\"https:\/\/topol.org.pl\/?page_id=6187\">Fundacja Narodowe Si\u0142y Samoobrony \u201eGrot\u201d<\/a><\/p>\n\n\n\n<p><\/p>\n","protected":false},"excerpt":{"rendered":"<p>15.11.2025 6.40 Ogl\u0105da\u0142em mecz Polska &#8211; Holandia, ale my\u015bla\u0142em o ETS2. Polsko zacznij my\u015ble\u0107. ETS2 zacznie my\u015ble\u0107 za ciebie. Moja Legia do boju. Moje S\u0142u\u017cby w ka\u017cdym miejscu w Polsce, kt\u00f3rymi zarz\u0105dzam osobi\u015bcie. Osobi\u015bcie zajm\u0119 si\u0119 wizerunkiem Or\u0142a Bia\u0142ego i reklam\u0105 Polski za granic\u0105. Ale marz\u0119 o tym, \u017ceby by\u0142a to reklama promuj\u0105ca nasz\u0105 kultur\u0119. [&hellip;]<\/p>\n","protected":false},"author":1,"featured_media":0,"parent":13701,"menu_order":4,"comment_status":"closed","ping_status":"closed","template":"","meta":{"footnotes":""},"class_list":["post-13771","page","type-page","status-publish","hentry"],"_links":{"self":[{"href":"https:\/\/topol.org.pl\/index.php?rest_route=\/wp\/v2\/pages\/13771","targetHints":{"allow":["GET"]}}],"collection":[{"href":"https:\/\/topol.org.pl\/index.php?rest_route=\/wp\/v2\/pages"}],"about":[{"href":"https:\/\/topol.org.pl\/index.php?rest_route=\/wp\/v2\/types\/page"}],"author":[{"embeddable":true,"href":"https:\/\/topol.org.pl\/index.php?rest_route=\/wp\/v2\/users\/1"}],"replies":[{"embeddable":true,"href":"https:\/\/topol.org.pl\/index.php?rest_route=%2Fwp%2Fv2%2Fcomments&post=13771"}],"version-history":[{"count":7,"href":"https:\/\/topol.org.pl\/index.php?rest_route=\/wp\/v2\/pages\/13771\/revisions"}],"predecessor-version":[{"id":13791,"href":"https:\/\/topol.org.pl\/index.php?rest_route=\/wp\/v2\/pages\/13771\/revisions\/13791"}],"up":[{"embeddable":true,"href":"https:\/\/topol.org.pl\/index.php?rest_route=\/wp\/v2\/pages\/13701"}],"wp:attachment":[{"href":"https:\/\/topol.org.pl\/index.php?rest_route=%2Fwp%2Fv2%2Fmedia&parent=13771"}],"curies":[{"name":"wp","href":"https:\/\/api.w.org\/{rel}","templated":true}]}}