{"id":13792,"date":"2025-11-15T17:16:43","date_gmt":"2025-11-15T16:16:43","guid":{"rendered":"https:\/\/topol.org.pl\/?page_id=13792"},"modified":"2026-02-02T14:44:38","modified_gmt":"2026-02-02T13:44:38","slug":"koalicja","status":"publish","type":"page","link":"https:\/\/topol.org.pl\/?page_id=13792","title":{"rendered":"\u201ePolska\u2026 Moja Ojczyzna\u201d."},"content":{"rendered":"\n<p>Koalicja.<\/p>\n\n\n\n<p><strong>\u201ePolska\u2026 Moja Ojczyzna\u201d.<\/strong><\/p>\n\n\n\n<p>15.11.2025 17.18 Powstanie koalicja <strong>\u201ePolska\u2026 Moja Ojczyzna\u201d.<\/strong><\/p>\n\n\n\n<p><strong>Zapraszam wszystkich ch\u0119tnych do do\u0142\u0105czenia, nawet kosztem partii zdelegalizowanych, covidowych, wojennych i opresyjnych.<\/strong> <strong>Nie jestem odpowiedni do prowadzenia partii dlatego og\u0142aszam konkurs ofert.<\/strong><\/p>\n\n\n\n<figure class=\"wp-block-image size-large\"><a href=\"https:\/\/www.youtube.com\/playlist?list=PLvdibod3J-Xu2OvVtPKr6d7FWoW4Qtexi\"><img loading=\"lazy\" decoding=\"async\" width=\"1024\" height=\"472\" src=\"https:\/\/topol.org.pl\/wp-content\/uploads\/2025\/11\/Marsz-Niepodleglosci-2025-2-1024x472.jpg\" alt=\"\" class=\"wp-image-13795\" srcset=\"https:\/\/topol.org.pl\/wp-content\/uploads\/2025\/11\/Marsz-Niepodleglosci-2025-2-1024x472.jpg 1024w, https:\/\/topol.org.pl\/wp-content\/uploads\/2025\/11\/Marsz-Niepodleglosci-2025-2-300x138.jpg 300w, https:\/\/topol.org.pl\/wp-content\/uploads\/2025\/11\/Marsz-Niepodleglosci-2025-2-768x354.jpg 768w, https:\/\/topol.org.pl\/wp-content\/uploads\/2025\/11\/Marsz-Niepodleglosci-2025-2-1536x708.jpg 1536w, https:\/\/topol.org.pl\/wp-content\/uploads\/2025\/11\/Marsz-Niepodleglosci-2025-2.jpg 1672w\" sizes=\"auto, (max-width: 1024px) 100vw, 1024px\" \/><\/a><\/figure>\n\n\n\n<p>29.01.2026 20.54 <strong><strong><a href=\"https:\/\/www.youtube.com\/watch?v=Yfhd7XpBZIU&amp;t=264s\">Jestem racjonalist\u0105 genetycznym.<\/a><\/strong>&nbsp;Czyli posiadamy w chwili urodzenia \u201ewiedz\u0119 wrodzon\u0105\u201d a nie czyst\u0105 tablic\u0119 (Tabula rasa).<\/strong> \u0179r\u00f3d\u0142o: <a href=\"https:\/\/topol.org.pl\/?page_id=47\">Fragment<\/a><\/p>\n\n\n\n<p><strong>Dlatego postanowi\u0142em, \u017ce osoby kt\u00f3re b\u0119d\u0105 nas reprezentowa\u0142y w przysz\u0142ym Sejmie nie mog\u0105 by\u0107 powi\u0105zane ze struktur\u0105 w\u0142adzy. Maj\u0105c wiedz\u0119 wrodzon\u0105 z zakresu prawa naturalnego, uczciwo\u015bci, odwagi na polu walki o \u017cycie, wiary w \u017cycie doczesne i po \u015bmierci musz\u0105 zacz\u0105\u0107 wszystko od czynnego \u017calu. Z\u0142o\u017cy\u0107 przysi\u0119g\u0119 na <a href=\"https:\/\/topol.org.pl\/?page_id=47\">Konstytucj\u0119 z 11.10.2023 r.<\/a> <\/strong> wypowiadaj\u0105c &#8230; <a href=\"https:\/\/topol.org.pl\/?page_id=11182\">PREAMBU\u0141A<\/a><\/p>\n\n\n\n<p>Verte &gt;<a href=\"https:\/\/topol.org.pl\/?page_id=6187\">Fundacja Narodowe Si\u0142y Samoobrony \u201eGrot\u201d<\/a><\/p>\n\n\n\n<p><\/p>\n","protected":false},"excerpt":{"rendered":"<p>Koalicja. \u201ePolska\u2026 Moja Ojczyzna\u201d. 15.11.2025 17.18 Powstanie koalicja \u201ePolska\u2026 Moja Ojczyzna\u201d. Zapraszam wszystkich ch\u0119tnych do do\u0142\u0105czenia, nawet kosztem partii zdelegalizowanych, covidowych, wojennych i opresyjnych. Nie jestem odpowiedni do prowadzenia partii dlatego og\u0142aszam konkurs ofert. 29.01.2026 20.54 Jestem racjonalist\u0105 genetycznym.&nbsp;Czyli posiadamy w chwili urodzenia \u201ewiedz\u0119 wrodzon\u0105\u201d a nie czyst\u0105 tablic\u0119 (Tabula rasa). \u0179r\u00f3d\u0142o: Fragment Dlatego postanowi\u0142em, [&hellip;]<\/p>\n","protected":false},"author":1,"featured_media":0,"parent":13701,"menu_order":8,"comment_status":"closed","ping_status":"closed","template":"","meta":{"footnotes":""},"class_list":["post-13792","page","type-page","status-publish","hentry"],"_links":{"self":[{"href":"https:\/\/topol.org.pl\/index.php?rest_route=\/wp\/v2\/pages\/13792","targetHints":{"allow":["GET"]}}],"collection":[{"href":"https:\/\/topol.org.pl\/index.php?rest_route=\/wp\/v2\/pages"}],"about":[{"href":"https:\/\/topol.org.pl\/index.php?rest_route=\/wp\/v2\/types\/page"}],"author":[{"embeddable":true,"href":"https:\/\/topol.org.pl\/index.php?rest_route=\/wp\/v2\/users\/1"}],"replies":[{"embeddable":true,"href":"https:\/\/topol.org.pl\/index.php?rest_route=%2Fwp%2Fv2%2Fcomments&post=13792"}],"version-history":[{"count":12,"href":"https:\/\/topol.org.pl\/index.php?rest_route=\/wp\/v2\/pages\/13792\/revisions"}],"predecessor-version":[{"id":14149,"href":"https:\/\/topol.org.pl\/index.php?rest_route=\/wp\/v2\/pages\/13792\/revisions\/14149"}],"up":[{"embeddable":true,"href":"https:\/\/topol.org.pl\/index.php?rest_route=\/wp\/v2\/pages\/13701"}],"wp:attachment":[{"href":"https:\/\/topol.org.pl\/index.php?rest_route=%2Fwp%2Fv2%2Fmedia&parent=13792"}],"curies":[{"name":"wp","href":"https:\/\/api.w.org\/{rel}","templated":true}]}}