{"id":13800,"date":"2025-11-17T13:20:01","date_gmt":"2025-11-17T12:20:01","guid":{"rendered":"https:\/\/topol.org.pl\/?page_id=13800"},"modified":"2026-01-30T08:59:32","modified_gmt":"2026-01-30T07:59:32","slug":"tylko-spokoj-nas-uratuje","status":"publish","type":"page","link":"https:\/\/topol.org.pl\/?page_id=13800","title":{"rendered":"Tylko spok\u00f3j nas uratuje !"},"content":{"rendered":"\n<p>17.11.2025 13.12 <strong>Jeste\u015bmy wci\u0105gani w konflikt, zachowajmy spok\u00f3j. Jest dobrze. Nic nie r\u00f3bmy, zapytajmy tylko, kto to m\u00f3g\u0142 zrobi\u0107 ? Ja zdaj\u0119 si\u0119 na Wojsko Polskie.<\/strong><\/p>\n\n\n\n<p>18.11.2025 17.18 <a href=\"https:\/\/youtu.be\/Mo51qPJyCQE?t=2434\">Pentagon przewiduje dwa fronty wojny. Co to oznacza dla Polski? prof. Andrew Michta &#8211; didaskalia<\/a><\/p>\n\n\n\n<p><strong>Jak bardzo jeste\u015bmy naiwni, \u017ce budujemy swoje bezpiecze\u0144stwo kosztem wyludnienia naszego terytorium. Ci ludzie bez skrupu\u0142\u00f3w wmawiaj\u0105, \u017ce to dla naszego dobra. Moim zdaniem, najwa\u017cniejsze jest nie dopu\u015bci\u0107 do wojny na naszym terytorium. Taktyka przerzucenia wojska na teren Rosji w po\u0142\u0105czeniu z sojuszem, wi\u0105\u017ce si\u0119 z wybuchem broni j\u0105drowej na naszych ty\u0142ach czyli w \u015brodku Polski.<\/strong> <strong>Sojusz z pa\u0144stwami skandynawskimi i Angli\u0105 to wci\u0105ganie nas do wojny.<\/strong> <strong>Ta wojna jest w interesie USA, Anglii i Niemiec. Rosja w razie tak szerokiej wojny u\u017cyje broni j\u0105drowej i zako\u0144czy problemy najbogatszych.<\/strong> <strong>Za pod\u017ceganie do wojny s\u0105 paragrafy.<\/strong> <strong>Za namawianie do samob\u00f3jstwa te\u017c.<\/strong> <strong>Ja uwa\u017cam , \u017ce wolne spo\u0142ecze\u0144stwa zachodu powinny walczy\u0107 na innym froncie. Czyli powinni przenie\u015b\u0107 konflikt na teren po\u0142udniowej Azji a nam Polakom da\u0107 \u017cy\u0107 w pokoju.<\/strong> <strong>Elity chc\u0105 \u017ceby do w\u0142adzy doszli Milenialsi \u201epokolenie Milenium\u201d, bo szybko wejd\u0105 do wojny.<\/strong><\/p>\n\n\n\n<p>Verte &gt;<a href=\"https:\/\/topol.org.pl\/?page_id=6187\">Fundacja Narodowe Si\u0142y Samoobrony \u201eGrot\u201d<\/a><\/p>\n\n\n\n<p><\/p>\n","protected":false},"excerpt":{"rendered":"<p>17.11.2025 13.12 Jeste\u015bmy wci\u0105gani w konflikt, zachowajmy spok\u00f3j. Jest dobrze. Nic nie r\u00f3bmy, zapytajmy tylko, kto to m\u00f3g\u0142 zrobi\u0107 ? Ja zdaj\u0119 si\u0119 na Wojsko Polskie. 18.11.2025 17.18 Pentagon przewiduje dwa fronty wojny. Co to oznacza dla Polski? prof. Andrew Michta &#8211; didaskalia Jak bardzo jeste\u015bmy naiwni, \u017ce budujemy swoje bezpiecze\u0144stwo kosztem wyludnienia naszego terytorium. [&hellip;]<\/p>\n","protected":false},"author":1,"featured_media":0,"parent":13701,"menu_order":5,"comment_status":"closed","ping_status":"closed","template":"","meta":{"footnotes":""},"class_list":["post-13800","page","type-page","status-publish","hentry"],"_links":{"self":[{"href":"https:\/\/topol.org.pl\/index.php?rest_route=\/wp\/v2\/pages\/13800","targetHints":{"allow":["GET"]}}],"collection":[{"href":"https:\/\/topol.org.pl\/index.php?rest_route=\/wp\/v2\/pages"}],"about":[{"href":"https:\/\/topol.org.pl\/index.php?rest_route=\/wp\/v2\/types\/page"}],"author":[{"embeddable":true,"href":"https:\/\/topol.org.pl\/index.php?rest_route=\/wp\/v2\/users\/1"}],"replies":[{"embeddable":true,"href":"https:\/\/topol.org.pl\/index.php?rest_route=%2Fwp%2Fv2%2Fcomments&post=13800"}],"version-history":[{"count":9,"href":"https:\/\/topol.org.pl\/index.php?rest_route=\/wp\/v2\/pages\/13800\/revisions"}],"predecessor-version":[{"id":13816,"href":"https:\/\/topol.org.pl\/index.php?rest_route=\/wp\/v2\/pages\/13800\/revisions\/13816"}],"up":[{"embeddable":true,"href":"https:\/\/topol.org.pl\/index.php?rest_route=\/wp\/v2\/pages\/13701"}],"wp:attachment":[{"href":"https:\/\/topol.org.pl\/index.php?rest_route=%2Fwp%2Fv2%2Fmedia&parent=13800"}],"curies":[{"name":"wp","href":"https:\/\/api.w.org\/{rel}","templated":true}]}}