{"id":13808,"date":"2025-11-17T16:19:35","date_gmt":"2025-11-17T15:19:35","guid":{"rendered":"https:\/\/topol.org.pl\/?page_id=13808"},"modified":"2026-01-09T11:01:53","modified_gmt":"2026-01-09T10:01:53","slug":"esg-w-dzialaniu-obliczenia-emisji-goz-i-pozyskiwanie-danych-srodowiskowych","status":"publish","type":"page","link":"https:\/\/topol.org.pl\/?page_id=13808","title":{"rendered":"ESG w dzia\u0142aniu \u2013 obliczenia emisji, GOZ i pozyskiwanie danych \u015brodowiskowych"},"content":{"rendered":"\n<p>17.11.2025 16.18 <a href=\"https:\/\/konferencje.rp.pl\/wydarzenia\/6369-esg-w-dzialaniu-obliczenia-emisji-goz-i-pozyskiwanie-danych-srodowiskowych\">ESG w dzia\u0142aniu \u2013 obliczenia emisji, GOZ i pozyskiwanie danych \u015brodowiskowych<\/a> \u0179r\u00f3d\u0142o: rp.pl<\/p>\n\n\n\n<p>Verte ><a href=\"https:\/\/topol.org.pl\/?page_id=6187\">Fundacja Narodowe Si\u0142y Samoobrony \u201eGrot\u201d<\/a><\/p>\n\n\n\n<p><\/p>\n","protected":false},"excerpt":{"rendered":"<p>17.11.2025 16.18 ESG w dzia\u0142aniu \u2013 obliczenia emisji, GOZ i pozyskiwanie danych \u015brodowiskowych \u0179r\u00f3d\u0142o: rp.pl Verte >Fundacja Narodowe Si\u0142y Samoobrony \u201eGrot\u201d<\/p>\n","protected":false},"author":1,"featured_media":0,"parent":8678,"menu_order":7,"comment_status":"closed","ping_status":"closed","template":"","meta":{"footnotes":""},"class_list":["post-13808","page","type-page","status-publish","hentry"],"_links":{"self":[{"href":"https:\/\/topol.org.pl\/index.php?rest_route=\/wp\/v2\/pages\/13808","targetHints":{"allow":["GET"]}}],"collection":[{"href":"https:\/\/topol.org.pl\/index.php?rest_route=\/wp\/v2\/pages"}],"about":[{"href":"https:\/\/topol.org.pl\/index.php?rest_route=\/wp\/v2\/types\/page"}],"author":[{"embeddable":true,"href":"https:\/\/topol.org.pl\/index.php?rest_route=\/wp\/v2\/users\/1"}],"replies":[{"embeddable":true,"href":"https:\/\/topol.org.pl\/index.php?rest_route=%2Fwp%2Fv2%2Fcomments&post=13808"}],"version-history":[{"count":2,"href":"https:\/\/topol.org.pl\/index.php?rest_route=\/wp\/v2\/pages\/13808\/revisions"}],"predecessor-version":[{"id":13810,"href":"https:\/\/topol.org.pl\/index.php?rest_route=\/wp\/v2\/pages\/13808\/revisions\/13810"}],"up":[{"embeddable":true,"href":"https:\/\/topol.org.pl\/index.php?rest_route=\/wp\/v2\/pages\/8678"}],"wp:attachment":[{"href":"https:\/\/topol.org.pl\/index.php?rest_route=%2Fwp%2Fv2%2Fmedia&parent=13808"}],"curies":[{"name":"wp","href":"https:\/\/api.w.org\/{rel}","templated":true}]}}