{"id":13818,"date":"2025-11-20T17:36:27","date_gmt":"2025-11-20T16:36:27","guid":{"rendered":"https:\/\/topol.org.pl\/?page_id=13818"},"modified":"2026-01-30T09:00:01","modified_gmt":"2026-01-30T08:00:01","slug":"ambitnym-celem-waszyngtonu-jest-to-aby-berlin-wyznaczyl-naczelnego-dowodce-sil-sojuszniczych-w-europie","status":"publish","type":"page","link":"https:\/\/topol.org.pl\/?page_id=13818","title":{"rendered":"&#8222;ambitnym celem Waszyngtonu jest to, aby\u00a0Berlin wyznaczy\u0142 naczelnego dow\u00f3dc\u0119 si\u0142 sojuszniczych w\u00a0Europie&#8221;"},"content":{"rendered":"\n<p>20.11.2025 17.32 <strong>Nie chc\u0119 by\u0107 w takim sojuszu NATO. Sprzeciwiam si\u0119 wydawaniu pieni\u0119dzy z bud\u017cetu na cele zwi\u0105zane z pa\u0144stwem Ukraina. Sprzeciwiam si\u0119 pozbawianiu Polski zwierzchnictwa nad naszym wojskiem.<\/strong> <strong>Polska nie mo\u017ce da\u0107 gwarancji bezpiecze\u0144stwa dla kraju ogarni\u0119tego wojn\u0105.<\/strong> <strong>Sojusz NATO \u0142amie zasady swojego funkcjonowania oparte na defensywie operacyjnej<\/strong>. <strong>Bro\u0144 defensywna s\u0142u\u017cy ochronie<\/strong>. <strong>NATO s\u0142u\u017cy ochronie.<\/strong><\/p>\n\n\n\n<p>Verte &gt;<a href=\"https:\/\/topol.org.pl\/?page_id=6187\">Fundacja Narodowe Si\u0142y Samoobrony \u201eGrot\u201d<\/a><\/p>\n\n\n\n<p><\/p>\n","protected":false},"excerpt":{"rendered":"<p>20.11.2025 17.32 Nie chc\u0119 by\u0107 w takim sojuszu NATO. Sprzeciwiam si\u0119 wydawaniu pieni\u0119dzy z bud\u017cetu na cele zwi\u0105zane z pa\u0144stwem Ukraina. Sprzeciwiam si\u0119 pozbawianiu Polski zwierzchnictwa nad naszym wojskiem. Polska nie mo\u017ce da\u0107 gwarancji bezpiecze\u0144stwa dla kraju ogarni\u0119tego wojn\u0105. Sojusz NATO \u0142amie zasady swojego funkcjonowania oparte na defensywie operacyjnej. Bro\u0144 defensywna s\u0142u\u017cy ochronie. NATO s\u0142u\u017cy [&hellip;]<\/p>\n","protected":false},"author":1,"featured_media":0,"parent":13701,"menu_order":6,"comment_status":"closed","ping_status":"closed","template":"","meta":{"footnotes":""},"class_list":["post-13818","page","type-page","status-publish","hentry"],"_links":{"self":[{"href":"https:\/\/topol.org.pl\/index.php?rest_route=\/wp\/v2\/pages\/13818","targetHints":{"allow":["GET"]}}],"collection":[{"href":"https:\/\/topol.org.pl\/index.php?rest_route=\/wp\/v2\/pages"}],"about":[{"href":"https:\/\/topol.org.pl\/index.php?rest_route=\/wp\/v2\/types\/page"}],"author":[{"embeddable":true,"href":"https:\/\/topol.org.pl\/index.php?rest_route=\/wp\/v2\/users\/1"}],"replies":[{"embeddable":true,"href":"https:\/\/topol.org.pl\/index.php?rest_route=%2Fwp%2Fv2%2Fcomments&post=13818"}],"version-history":[{"count":5,"href":"https:\/\/topol.org.pl\/index.php?rest_route=\/wp\/v2\/pages\/13818\/revisions"}],"predecessor-version":[{"id":13824,"href":"https:\/\/topol.org.pl\/index.php?rest_route=\/wp\/v2\/pages\/13818\/revisions\/13824"}],"up":[{"embeddable":true,"href":"https:\/\/topol.org.pl\/index.php?rest_route=\/wp\/v2\/pages\/13701"}],"wp:attachment":[{"href":"https:\/\/topol.org.pl\/index.php?rest_route=%2Fwp%2Fv2%2Fmedia&parent=13818"}],"curies":[{"name":"wp","href":"https:\/\/api.w.org\/{rel}","templated":true}]}}