{"id":13825,"date":"2025-11-22T06:44:46","date_gmt":"2025-11-22T05:44:46","guid":{"rendered":"https:\/\/topol.org.pl\/?page_id=13825"},"modified":"2026-01-30T09:01:45","modified_gmt":"2026-01-30T08:01:45","slug":"przedstawilem-plan-pokojowy-dla-polski","status":"publish","type":"page","link":"https:\/\/topol.org.pl\/?page_id=13825","title":{"rendered":"Przedstawi\u0142em plan pokojowy dla Polski."},"content":{"rendered":"\n<p>22.11.2025 06.40 <strong>Najlepiej nic nie podpisywa\u0107 i nie zgadza\u0107 si\u0119 na nic.<\/strong> <strong>Po naszej stronie wszystko jest na s\u0142owo, nic nie jest dane raz na zawsze, trzeba to pami\u0119ta\u0107.<\/strong> <strong>Tak zwany Zach\u00f3d nie ma pami\u0119ci o ofiarach i zbrodniach. Kto je pope\u0142ni\u0142, dlaczego to zrobi\u0142 i og\u00f3lnie historia jest zak\u0142amywana.<\/strong> <strong>Ja nie podpisuj\u0119 si\u0119 pod przedstawionym planem pokojowym.<\/strong><\/p>\n\n\n\n<p>Verte &gt;<a href=\"https:\/\/topol.org.pl\/?page_id=6187\">Fundacja Narodowe Si\u0142y Samoobrony \u201eGrot\u201d<\/a><\/p>\n\n\n\n<p><\/p>\n","protected":false},"excerpt":{"rendered":"<p>22.11.2025 06.40 Najlepiej nic nie podpisywa\u0107 i nie zgadza\u0107 si\u0119 na nic. Po naszej stronie wszystko jest na s\u0142owo, nic nie jest dane raz na zawsze, trzeba to pami\u0119ta\u0107. Tak zwany Zach\u00f3d nie ma pami\u0119ci o ofiarach i zbrodniach. Kto je pope\u0142ni\u0142, dlaczego to zrobi\u0142 i og\u00f3lnie historia jest zak\u0142amywana. Ja nie podpisuj\u0119 si\u0119 pod [&hellip;]<\/p>\n","protected":false},"author":1,"featured_media":0,"parent":13701,"menu_order":7,"comment_status":"closed","ping_status":"closed","template":"","meta":{"footnotes":""},"class_list":["post-13825","page","type-page","status-publish","hentry"],"_links":{"self":[{"href":"https:\/\/topol.org.pl\/index.php?rest_route=\/wp\/v2\/pages\/13825","targetHints":{"allow":["GET"]}}],"collection":[{"href":"https:\/\/topol.org.pl\/index.php?rest_route=\/wp\/v2\/pages"}],"about":[{"href":"https:\/\/topol.org.pl\/index.php?rest_route=\/wp\/v2\/types\/page"}],"author":[{"embeddable":true,"href":"https:\/\/topol.org.pl\/index.php?rest_route=\/wp\/v2\/users\/1"}],"replies":[{"embeddable":true,"href":"https:\/\/topol.org.pl\/index.php?rest_route=%2Fwp%2Fv2%2Fcomments&post=13825"}],"version-history":[{"count":3,"href":"https:\/\/topol.org.pl\/index.php?rest_route=\/wp\/v2\/pages\/13825\/revisions"}],"predecessor-version":[{"id":13830,"href":"https:\/\/topol.org.pl\/index.php?rest_route=\/wp\/v2\/pages\/13825\/revisions\/13830"}],"up":[{"embeddable":true,"href":"https:\/\/topol.org.pl\/index.php?rest_route=\/wp\/v2\/pages\/13701"}],"wp:attachment":[{"href":"https:\/\/topol.org.pl\/index.php?rest_route=%2Fwp%2Fv2%2Fmedia&parent=13825"}],"curies":[{"name":"wp","href":"https:\/\/api.w.org\/{rel}","templated":true}]}}