{"id":13840,"date":"2025-12-04T06:30:52","date_gmt":"2025-12-04T05:30:52","guid":{"rendered":"https:\/\/topol.org.pl\/?page_id=13840"},"modified":"2025-12-09T11:49:41","modified_gmt":"2025-12-09T10:49:41","slug":"do-premiera","status":"publish","type":"page","link":"https:\/\/topol.org.pl\/?page_id=13840","title":{"rendered":"Do Premiera&#8230;"},"content":{"rendered":"\n<p>04.12.2025 06.30 Panie Premierze musz\u0119 powiedzie\u0107, \u017ce&#8230;<\/p>\n\n\n\n<p><\/p>\n","protected":false},"excerpt":{"rendered":"<p>04.12.2025 06.30 Panie Premierze musz\u0119 powiedzie\u0107, \u017ce&#8230;<\/p>\n","protected":false},"author":1,"featured_media":0,"parent":0,"menu_order":307,"comment_status":"closed","ping_status":"closed","template":"","meta":{"footnotes":""},"class_list":["post-13840","page","type-page","status-publish","hentry"],"_links":{"self":[{"href":"https:\/\/topol.org.pl\/index.php?rest_route=\/wp\/v2\/pages\/13840","targetHints":{"allow":["GET"]}}],"collection":[{"href":"https:\/\/topol.org.pl\/index.php?rest_route=\/wp\/v2\/pages"}],"about":[{"href":"https:\/\/topol.org.pl\/index.php?rest_route=\/wp\/v2\/types\/page"}],"author":[{"embeddable":true,"href":"https:\/\/topol.org.pl\/index.php?rest_route=\/wp\/v2\/users\/1"}],"replies":[{"embeddable":true,"href":"https:\/\/topol.org.pl\/index.php?rest_route=%2Fwp%2Fv2%2Fcomments&post=13840"}],"version-history":[{"count":2,"href":"https:\/\/topol.org.pl\/index.php?rest_route=\/wp\/v2\/pages\/13840\/revisions"}],"predecessor-version":[{"id":13842,"href":"https:\/\/topol.org.pl\/index.php?rest_route=\/wp\/v2\/pages\/13840\/revisions\/13842"}],"wp:attachment":[{"href":"https:\/\/topol.org.pl\/index.php?rest_route=%2Fwp%2Fv2%2Fmedia&parent=13840"}],"curies":[{"name":"wp","href":"https:\/\/api.w.org\/{rel}","templated":true}]}}