{"id":13845,"date":"2025-12-04T06:38:04","date_gmt":"2025-12-04T05:38:04","guid":{"rendered":"https:\/\/topol.org.pl\/?page_id=13845"},"modified":"2025-12-04T07:02:17","modified_gmt":"2025-12-04T06:02:17","slug":"granice-po-drugiej-wojnie-swiatowej-czyli-moja-rzeczpospolita-polska-od-odry-do-bugu","status":"publish","type":"page","link":"https:\/\/topol.org.pl\/?page_id=13845","title":{"rendered":"Granice po drugiej wojnie \u015bwiatowej czyli Moja Rzeczpospolita Polska od Odry do Bugu."},"content":{"rendered":"\n<p>04.12.2025 06.37 Granice po drugiej wojnie \u015bwiatowej czyli Moja Rzeczpospolita Polska od Odry do Bugu. Tak\u0105 Polsk\u0119 mam w pami\u0119ci. W ramach reparacji za rozbi\u00f3r Polski w 1772, 1793, 1795, Rugi pruskie, straty w ludziach i maj\u0105tku w czasie 1 wojny \u015bwiatowej i 2 wojny \u015bwiatowej, teren do \u0141aby i So\u0142awy ziemie mi\u0119dzy Morzem Ba\u0142tyckim, \u0141ab\u0105, Hawel\u0105 i Odr\u0105 nale\u017c\u0105 do Polski oddali\u015bmy go Niemcom w lenno. Kr\u00f3lewiec zwany Kaliningradem oddali\u015bmy w lenno Rosji. To proste, mo\u017cecie zleci\u0107 wydrukowanie nowych map. To wystarczy. Wszelkie wyliczenia i wydrukowane biliony nie zwr\u00f3c\u0105 nam poniesionych strat, a na pewno przysporz\u0105 nam wrog\u00f3w. Wydrukowane mapy b\u0119d\u0105 przypomina\u0142y o zbrodniach na narodzie Polski. To ukr\u00f3ci fa\u0142szowanie historii. W przeciwnym razie. B\u0119d\u0105 kolejne roszczenia tych co chc\u0105 granic z przed drugiej wojny \u015bwiatowej. Zabraniam o tym m\u00f3wi\u0107. Chcemy \u017cy\u0107 w pokoju. Od wschodu jest Bia\u0142oru\u015b z Prezydentem Alaksandr Ryhorawicz \u0141ukaszenka. Wycofajmy obce wojska od granicy z Bia\u0142orusi\u0105 za Odr\u0119. Sami si\u0119 obronimy przy pomocy swojego wojska. Ukraina z legalnym Prezydentem Wo\u0142odymyr O\u0142eksandrowycz Ze\u0142enski. Kr\u00f3lewiec zwany Kaliningradem oddany w lenno Rosji z Prezydentem W\u0142adimir W\u0142adimirowicz Putin. Niemcy zachodnie za \u0141ab\u0105 i wschodnie do \u0141aby oddane w lenno. Niemcy wschodnie historycznie zamieszka\u0142e przez S\u0142owian ze stolic\u0105 w Kopanicy zwanej Berlin(w herbie nied\u017awied\u017a) Wieleci, Obodryci, Serbo\u0142u\u017cyczanie, Ranowie, S\u0142owianie po\u0142abscy, Po\u0142abianie \u2013 jedna z grup S\u0142owian wchodz\u0105ca w sk\u0142ad plemion zachodnios\u0142owia\u0144skich z grupy plemion lechickich, zamieszkuj\u0105ce od staro\u017cytno\u015bci ziemie mi\u0119dzy Morzem Ba\u0142tyckim, \u0141ab\u0105, Hawel\u0105 i Odr\u0105. Stosunek lenny ogranicza si\u0119 do roli honorowej. Czyli system pomocy wojskowej, udzielanej przez wasali kr\u00f3lewskich. W zamian za lenno wasal zobowi\u0105\u017ce si\u0119 s\u0142u\u017cy\u0107 wiernie seniorowi rad\u0105 i pomoc\u0105 or\u0119\u017cn\u0105. Zawarcie kontraktu ma charakter uroczysto\u015bci. Sk\u0142ada\u0142a si\u0119 ona z ho\u0142du lennego i dokonania inwestytury. Suzerenem jest monarcha Polski.<\/p>\n\n\n\n<p>\u0179r\u00f3d\u0142o: <a href=\"https:\/\/topol.org.pl\/?page_id=47\">Fragment<\/a><\/p>\n\n\n\n<p>Verte &gt;<a href=\"https:\/\/topol.org.pl\/?page_id=6187\">Fundacja Narodowe Si\u0142y Samoobrony \u201eGrot\u201d<\/a><\/p>\n\n\n\n<p><\/p>\n","protected":false},"excerpt":{"rendered":"<p>04.12.2025 06.37 Granice po drugiej wojnie \u015bwiatowej czyli Moja Rzeczpospolita Polska od Odry do Bugu. Tak\u0105 Polsk\u0119 mam w pami\u0119ci. W ramach reparacji za rozbi\u00f3r Polski w 1772, 1793, 1795, Rugi pruskie, straty w ludziach i maj\u0105tku w czasie 1 wojny \u015bwiatowej i 2 wojny \u015bwiatowej, teren do \u0141aby i So\u0142awy ziemie mi\u0119dzy Morzem Ba\u0142tyckim, [&hellip;]<\/p>\n","protected":false},"author":1,"featured_media":0,"parent":13840,"menu_order":0,"comment_status":"closed","ping_status":"closed","template":"","meta":{"footnotes":""},"class_list":["post-13845","page","type-page","status-publish","hentry"],"_links":{"self":[{"href":"https:\/\/topol.org.pl\/index.php?rest_route=\/wp\/v2\/pages\/13845","targetHints":{"allow":["GET"]}}],"collection":[{"href":"https:\/\/topol.org.pl\/index.php?rest_route=\/wp\/v2\/pages"}],"about":[{"href":"https:\/\/topol.org.pl\/index.php?rest_route=\/wp\/v2\/types\/page"}],"author":[{"embeddable":true,"href":"https:\/\/topol.org.pl\/index.php?rest_route=\/wp\/v2\/users\/1"}],"replies":[{"embeddable":true,"href":"https:\/\/topol.org.pl\/index.php?rest_route=%2Fwp%2Fv2%2Fcomments&post=13845"}],"version-history":[{"count":3,"href":"https:\/\/topol.org.pl\/index.php?rest_route=\/wp\/v2\/pages\/13845\/revisions"}],"predecessor-version":[{"id":13850,"href":"https:\/\/topol.org.pl\/index.php?rest_route=\/wp\/v2\/pages\/13845\/revisions\/13850"}],"up":[{"embeddable":true,"href":"https:\/\/topol.org.pl\/index.php?rest_route=\/wp\/v2\/pages\/13840"}],"wp:attachment":[{"href":"https:\/\/topol.org.pl\/index.php?rest_route=%2Fwp%2Fv2%2Fmedia&parent=13845"}],"curies":[{"name":"wp","href":"https:\/\/api.w.org\/{rel}","templated":true}]}}