{"id":13848,"date":"2025-12-04T06:47:55","date_gmt":"2025-12-04T05:47:55","guid":{"rendered":"https:\/\/topol.org.pl\/?page_id=13848"},"modified":"2025-12-14T18:31:25","modified_gmt":"2025-12-14T17:31:25","slug":"musimy-decydowac-za-nas-a-nie-obce-mocarstwa","status":"publish","type":"page","link":"https:\/\/topol.org.pl\/?page_id=13848","title":{"rendered":"musimy decydowa\u0107 za nas a nie obce mocarstwa"},"content":{"rendered":"\n<p>04.12.2025 06.40 <strong>Panie Prezydencie to my Polacy musimy decydowa\u0107 za nas a nie obce mocarstwa. Musimy m\u00f3wi\u0107 otwarcie jak widzimy bezpiecze\u0144stwo w naszym rejonie z kim zawieramy porozumienia i na jakich zasadach.<\/strong> <strong>Ja najbardziej obawiam si\u0119 armii europejskiej.<\/strong> <strong>Poniewa\u017c w takim uk\u0142adzie zaplanowana wojna odb\u0119dzie si\u0119 na naszym terytorium z naszym udzia\u0142em.<\/strong><\/p>\n\n\n\n<p>Verte ><a href=\"https:\/\/topol.org.pl\/?page_id=6187\">Fundacja Narodowe Si\u0142y Samoobrony \u201eGrot\u201d<\/a><\/p>\n\n\n\n<p><\/p>\n","protected":false},"excerpt":{"rendered":"<p>04.12.2025 06.40 Panie Prezydencie to my Polacy musimy decydowa\u0107 za nas a nie obce mocarstwa. Musimy m\u00f3wi\u0107 otwarcie jak widzimy bezpiecze\u0144stwo w naszym rejonie z kim zawieramy porozumienia i na jakich zasadach. Ja najbardziej obawiam si\u0119 armii europejskiej. Poniewa\u017c w takim uk\u0142adzie zaplanowana wojna odb\u0119dzie si\u0119 na naszym terytorium z naszym udzia\u0142em. Verte >Fundacja Narodowe [&hellip;]<\/p>\n","protected":false},"author":1,"featured_media":0,"parent":13836,"menu_order":1,"comment_status":"closed","ping_status":"closed","template":"","meta":{"footnotes":""},"class_list":["post-13848","page","type-page","status-publish","hentry"],"_links":{"self":[{"href":"https:\/\/topol.org.pl\/index.php?rest_route=\/wp\/v2\/pages\/13848","targetHints":{"allow":["GET"]}}],"collection":[{"href":"https:\/\/topol.org.pl\/index.php?rest_route=\/wp\/v2\/pages"}],"about":[{"href":"https:\/\/topol.org.pl\/index.php?rest_route=\/wp\/v2\/types\/page"}],"author":[{"embeddable":true,"href":"https:\/\/topol.org.pl\/index.php?rest_route=\/wp\/v2\/users\/1"}],"replies":[{"embeddable":true,"href":"https:\/\/topol.org.pl\/index.php?rest_route=%2Fwp%2Fv2%2Fcomments&post=13848"}],"version-history":[{"count":1,"href":"https:\/\/topol.org.pl\/index.php?rest_route=\/wp\/v2\/pages\/13848\/revisions"}],"predecessor-version":[{"id":13849,"href":"https:\/\/topol.org.pl\/index.php?rest_route=\/wp\/v2\/pages\/13848\/revisions\/13849"}],"up":[{"embeddable":true,"href":"https:\/\/topol.org.pl\/index.php?rest_route=\/wp\/v2\/pages\/13836"}],"wp:attachment":[{"href":"https:\/\/topol.org.pl\/index.php?rest_route=%2Fwp%2Fv2%2Fmedia&parent=13848"}],"curies":[{"name":"wp","href":"https:\/\/api.w.org\/{rel}","templated":true}]}}