{"id":13851,"date":"2025-12-06T07:07:04","date_gmt":"2025-12-06T06:07:04","guid":{"rendered":"https:\/\/topol.org.pl\/?page_id=13851"},"modified":"2025-12-06T09:58:33","modified_gmt":"2025-12-06T08:58:33","slug":"ws-kryptowalut","status":"publish","type":"page","link":"https:\/\/topol.org.pl\/?page_id=13851","title":{"rendered":"ws. kryptowalut"},"content":{"rendered":"\n<p>06.12.2025 -6.58 ws. kryptowalut<\/p>\n\n\n\n<p><strong>To najwi\u0119kszy przekr\u0119t od czas\u00f3w pandemii. Rz\u0105d i Prezydent nie powinni zajmowa\u0107 si\u0119 regulacj\u0105 ws. kryptowalut poniewa\u017c ca\u0142a odpowiedzialno\u015b\u0107 za utrat\u0119 kapita\u0142u przez zwyk\u0142ych ludzi spadnie na Rz\u0105d z Premierem, Prezydenta i Sejm. Te energoch\u0142onna maszynka do oszustwa dla z\u0142odziei, oszust\u00f3w sabota\u017cyst\u00f3w i obcych agent\u00f3w z <a href=\"https:\/\/pl.wikipedia.org\/wiki\/Wall_Street\">Wall Street<\/a>, <a href=\"https:\/\/www.google.com\/search?q=Canary+Wharf&amp;sca_esv=083f7bdd283a4f59&amp;sxsrf=AE3TifOMGjjlNyxhk85swm4CXNhpRhkXgg%3A1765001010908&amp;ei=MsczadWYN-6P7NYPgZ2EiQ0&amp;ved=2ahUKEwjrr5u3paiRAxWiQ_EDHQ_-Fq8QgK4QegQIARAC&amp;uact=5&amp;oq=Wall+Street+w+Anglii&amp;gs_lp=Egxnd3Mtd2l6LXNlcnAiFFdhbGwgU3RyZWV0IHcgQW5nbGlpMggQABiABBiiBDIIEAAYgAQYogQyCBAAGIAEGKIEMgUQABjvBTIIEAAYgAQYogRIpZ8BUNRlWP6XAXABeAGQAQCYAYsBoAGmCaoBBDAuMTC4AQPIAQD4AQL4AQGYAgugAuYJwgIKEAAYRxjWBBiwA8ICDRAAGIAEGIoFGEMYsAPCAg4QABjkAhjWBBiwA9gBAcICExAuGIAEGIoFGEMYyAMYsAPYAQHCAhMQLhhDGIAEGIoFGMgDGLAD2AEBwgIZEC4YgAQYigUYQxjHARjRAxjIAxiwA9gBAcICCxAAGIAEGLEDGIMBwgIQEAAYgAQYigUYQxixAxiDAcICChAuGEMYgAQYigXCAhAQLhiABBiKBRhDGMcBGNEDwgILEC4YgAQYxwEYrwHCAgUQLhiABMICBRAAGIAEwgIIEC4YsQMYgATCAhQQLhiABBiXBRjcBBjeBBjgBNgBAcICBRAhGKABwgIGEAAYFhgewgIIEAAYFhgeGAqYAwDiAwUSATEgQIgGAZAGEboGBggBEAEYCZIHBDEuMTCgB4VQsgcEMC4xMLgH2QnCBwcwLjMuNy4xyAcxgAgB&amp;sclient=gws-wiz-serp&amp;mstk=AUtExfC2SWT79KHu556VGqT-dzTLPfQ6hMilJS-BvfkUBNupSUDlpS_QgMZsFowFw2dz0O2vb1F1wVsGOCR_svs-d5zzbJ6-Y_jxJcBjdBajwTm_HlkJzacrXAxhvLhMNw96Vvm7MuYgKGLDB2rYf3xyQTFxT335nybn0d5jLquP6E6SU-tkZ9n0U7dwA8wWOlKLvfJYDFJM3ZnwK1ObW1xYTK7as2JgiAgQ_HHV9FY1xxmeD1J7wl2UGvJxTrYrEaEk_c0RQeKXRcJSeieEHsjVY5jv&amp;csui=3\">Canary Wharf<\/a>\u00a0i\u00a0<a href=\"https:\/\/www.google.com\/search?q=The+City+of+London&amp;sca_esv=083f7bdd283a4f59&amp;sxsrf=AE3TifOMGjjlNyxhk85swm4CXNhpRhkXgg%3A1765001010908&amp;ei=MsczadWYN-6P7NYPgZ2EiQ0&amp;ved=2ahUKEwjrr5u3paiRAxWiQ_EDHQ_-Fq8QgK4QegQIARAD&amp;uact=5&amp;oq=Wall+Street+w+Anglii&amp;gs_lp=Egxnd3Mtd2l6LXNlcnAiFFdhbGwgU3RyZWV0IHcgQW5nbGlpMggQABiABBiiBDIIEAAYgAQYogQyCBAAGIAEGKIEMgUQABjvBTIIEAAYgAQYogRIpZ8BUNRlWP6XAXABeAGQAQCYAYsBoAGmCaoBBDAuMTC4AQPIAQD4AQL4AQGYAgugAuYJwgIKEAAYRxjWBBiwA8ICDRAAGIAEGIoFGEMYsAPCAg4QABjkAhjWBBiwA9gBAcICExAuGIAEGIoFGEMYyAMYsAPYAQHCAhMQLhhDGIAEGIoFGMgDGLAD2AEBwgIZEC4YgAQYigUYQxjHARjRAxjIAxiwA9gBAcICCxAAGIAEGLEDGIMBwgIQEAAYgAQYigUYQxixAxiDAcICChAuGEMYgAQYigXCAhAQLhiABBiKBRhDGMcBGNEDwgILEC4YgAQYxwEYrwHCAgUQLhiABMICBRAAGIAEwgIIEC4YsQMYgATCAhQQLhiABBiXBRjcBBjeBBjgBNgBAcICBRAhGKABwgIGEAAYFhgewgIIEAAYFhgeGAqYAwDiAwUSATEgQIgGAZAGEboGBggBEAEYCZIHBDEuMTCgB4VQsgcEMC4xMLgH2QnCBwcwLjMuNy4xyAcxgAgB&amp;sclient=gws-wiz-serp&amp;mstk=AUtExfC2SWT79KHu556VGqT-dzTLPfQ6hMilJS-BvfkUBNupSUDlpS_QgMZsFowFw2dz0O2vb1F1wVsGOCR_svs-d5zzbJ6-Y_jxJcBjdBajwTm_HlkJzacrXAxhvLhMNw96Vvm7MuYgKGLDB2rYf3xyQTFxT335nybn0d5jLquP6E6SU-tkZ9n0U7dwA8wWOlKLvfJYDFJM3ZnwK1ObW1xYTK7as2JgiAgQ_HHV9FY1xxmeD1J7wl2UGvJxTrYrEaEk_c0RQeKXRcJSeieEHsjVY5jv&amp;csui=3\">The City of London<\/a>.<\/strong><\/p>\n\n\n\n<p>Verte &gt;<a href=\"https:\/\/topol.org.pl\/?page_id=6187\">Fundacja Narodowe Si\u0142y Samoobrony \u201eGrot\u201d<\/a><\/p>\n\n\n\n<p><\/p>\n","protected":false},"excerpt":{"rendered":"<p>06.12.2025 -6.58 ws. kryptowalut To najwi\u0119kszy przekr\u0119t od czas\u00f3w pandemii. Rz\u0105d i Prezydent nie powinni zajmowa\u0107 si\u0119 regulacj\u0105 ws. kryptowalut poniewa\u017c ca\u0142a odpowiedzialno\u015b\u0107 za utrat\u0119 kapita\u0142u przez zwyk\u0142ych ludzi spadnie na Rz\u0105d z Premierem, Prezydenta i Sejm. Te energoch\u0142onna maszynka do oszustwa dla z\u0142odziei, oszust\u00f3w sabota\u017cyst\u00f3w i obcych agent\u00f3w z Wall Street, Canary Wharf\u00a0i\u00a0The City [&hellip;]<\/p>\n","protected":false},"author":1,"featured_media":0,"parent":13840,"menu_order":0,"comment_status":"closed","ping_status":"closed","template":"","meta":{"footnotes":""},"class_list":["post-13851","page","type-page","status-publish","hentry"],"_links":{"self":[{"href":"https:\/\/topol.org.pl\/index.php?rest_route=\/wp\/v2\/pages\/13851","targetHints":{"allow":["GET"]}}],"collection":[{"href":"https:\/\/topol.org.pl\/index.php?rest_route=\/wp\/v2\/pages"}],"about":[{"href":"https:\/\/topol.org.pl\/index.php?rest_route=\/wp\/v2\/types\/page"}],"author":[{"embeddable":true,"href":"https:\/\/topol.org.pl\/index.php?rest_route=\/wp\/v2\/users\/1"}],"replies":[{"embeddable":true,"href":"https:\/\/topol.org.pl\/index.php?rest_route=%2Fwp%2Fv2%2Fcomments&post=13851"}],"version-history":[{"count":5,"href":"https:\/\/topol.org.pl\/index.php?rest_route=\/wp\/v2\/pages\/13851\/revisions"}],"predecessor-version":[{"id":13857,"href":"https:\/\/topol.org.pl\/index.php?rest_route=\/wp\/v2\/pages\/13851\/revisions\/13857"}],"up":[{"embeddable":true,"href":"https:\/\/topol.org.pl\/index.php?rest_route=\/wp\/v2\/pages\/13840"}],"wp:attachment":[{"href":"https:\/\/topol.org.pl\/index.php?rest_route=%2Fwp%2Fv2%2Fmedia&parent=13851"}],"curies":[{"name":"wp","href":"https:\/\/api.w.org\/{rel}","templated":true}]}}