{"id":13858,"date":"2025-12-09T11:43:50","date_gmt":"2025-12-09T10:43:50","guid":{"rendered":"https:\/\/topol.org.pl\/?page_id=13858"},"modified":"2025-12-09T12:11:28","modified_gmt":"2025-12-09T11:11:28","slug":"nie-zamierzam-dolaczyc-do-dzialan-ue-zmierzajacych-do-przekazania-ukrainie-tzw-pozyczki-reparacyjnej-sfinansowanej-przy-uzyciu-zamrozonych-rosyjskich-aktywow","status":"publish","type":"page","link":"https:\/\/topol.org.pl\/?page_id=13858","title":{"rendered":"Nie zamierzam do\u0142\u0105czy\u0107 do dzia\u0142a\u0144 UE zmierzaj\u0105cych do przekazania Ukrainie tzw. po\u017cyczki reparacyjnej sfinansowanej przy u\u017cyciu zamro\u017conych rosyjskich aktyw\u00f3w"},"content":{"rendered":"\n<p>09.12.2025 11.42 <strong>Nie zamierzam do\u0142\u0105czy\u0107 do dzia\u0142a\u0144 UE zmierzaj\u0105cych do przekazania Ukrainie tzw. po\u017cyczki reparacyjnej sfinansowanej przy u\u017cyciu zamro\u017conych rosyjskich aktyw\u00f3w, poniewa\u017c takie dzia\u0142anie podwa\u017cy mi\u0119dzynarodowy system finansowy oparty na dolarze. Przejdziemy do globalnego systemu waluty cyfrowej promowany przez Brics.<\/strong> <strong>Znajdziemy si\u0119 w systemie chi\u0144skim.<\/strong> <a href=\"https:\/\/chiny24.com\/wiadomosci\/gospodarka-niskiego-pulapu-nowy-wymiar-rozwoju-technologicznego-w-chinach\">&#8222;Gospodarka niskiego pu\u0142apu: nowy wymiar rozwoju technologicznego w Chinach&#8221;<\/a> \u0179r\u00f3d\u0142o: chiny24.com. <strong>W naszym rejonie ten rozw\u00f3j b\u0119dzie oparty na testowaniu dron\u00f3w na polu walki.<\/strong> <strong>Dlatego tak bardzo promuj\u0105 na naszym terytorium szare myd\u0142o 'Bia\u0142y Jele\u0144&#8221;.<\/strong><\/p>\n\n\n\n<p>Verte &gt;<a href=\"https:\/\/topol.org.pl\/?page_id=6187\">Fundacja Narodowe Si\u0142y Samoobrony \u201eGrot\u201d<\/a><\/p>\n\n\n\n<p><\/p>\n","protected":false},"excerpt":{"rendered":"<p>09.12.2025 11.42 Nie zamierzam do\u0142\u0105czy\u0107 do dzia\u0142a\u0144 UE zmierzaj\u0105cych do przekazania Ukrainie tzw. po\u017cyczki reparacyjnej sfinansowanej przy u\u017cyciu zamro\u017conych rosyjskich aktyw\u00f3w, poniewa\u017c takie dzia\u0142anie podwa\u017cy mi\u0119dzynarodowy system finansowy oparty na dolarze. Przejdziemy do globalnego systemu waluty cyfrowej promowany przez Brics. Znajdziemy si\u0119 w systemie chi\u0144skim. &#8222;Gospodarka niskiego pu\u0142apu: nowy wymiar rozwoju technologicznego w Chinach&#8221; \u0179r\u00f3d\u0142o: [&hellip;]<\/p>\n","protected":false},"author":1,"featured_media":0,"parent":13860,"menu_order":1,"comment_status":"closed","ping_status":"closed","template":"","meta":{"footnotes":""},"class_list":["post-13858","page","type-page","status-publish","hentry"],"_links":{"self":[{"href":"https:\/\/topol.org.pl\/index.php?rest_route=\/wp\/v2\/pages\/13858","targetHints":{"allow":["GET"]}}],"collection":[{"href":"https:\/\/topol.org.pl\/index.php?rest_route=\/wp\/v2\/pages"}],"about":[{"href":"https:\/\/topol.org.pl\/index.php?rest_route=\/wp\/v2\/types\/page"}],"author":[{"embeddable":true,"href":"https:\/\/topol.org.pl\/index.php?rest_route=\/wp\/v2\/users\/1"}],"replies":[{"embeddable":true,"href":"https:\/\/topol.org.pl\/index.php?rest_route=%2Fwp%2Fv2%2Fcomments&post=13858"}],"version-history":[{"count":6,"href":"https:\/\/topol.org.pl\/index.php?rest_route=\/wp\/v2\/pages\/13858\/revisions"}],"predecessor-version":[{"id":13871,"href":"https:\/\/topol.org.pl\/index.php?rest_route=\/wp\/v2\/pages\/13858\/revisions\/13871"}],"up":[{"embeddable":true,"href":"https:\/\/topol.org.pl\/index.php?rest_route=\/wp\/v2\/pages\/13860"}],"wp:attachment":[{"href":"https:\/\/topol.org.pl\/index.php?rest_route=%2Fwp%2Fv2%2Fmedia&parent=13858"}],"curies":[{"name":"wp","href":"https:\/\/api.w.org\/{rel}","templated":true}]}}