{"id":13886,"date":"2025-12-10T11:47:35","date_gmt":"2025-12-10T10:47:35","guid":{"rendered":"https:\/\/topol.org.pl\/?page_id=13886"},"modified":"2025-12-10T11:50:36","modified_gmt":"2025-12-10T10:50:36","slug":"niemieckie-samoloty-beda-strzec-polskiego-nieba","status":"publish","type":"page","link":"https:\/\/topol.org.pl\/?page_id=13886","title":{"rendered":"&#8222;Niemieckie samoloty b\u0119d\u0105 strzec polskiego nieba&#8221;"},"content":{"rendered":"\n<p>10.12.2025 11.44 <a href=\"https:\/\/radar.rp.pl\/nato\/art43481231-niemieckie-samoloty-beda-strzec-polskiego-nieba\">&#8222;Niemieckie samoloty b\u0119d\u0105 strzec polskiego nieba&#8221;<\/a> \u0179r\u00f3d\u0142o: rp.pl<\/p>\n\n\n\n<p><strong>\u017bebym nie zapeszy\u0142. Ci\u0105g\u0142e krakanie przysparza k\u0142opot\u00f3w.<\/strong> <strong>Jestem przeciwny stacjonowaniu obcego wojska na naszym terytorium.<\/strong><\/p>\n\n\n\n<p>Verte &gt;<a href=\"https:\/\/topol.org.pl\/?page_id=6187\">Fundacja Narodowe Si\u0142y Samoobrony \u201eGrot\u201d<\/a><\/p>\n\n\n\n<p><\/p>\n","protected":false},"excerpt":{"rendered":"<p>10.12.2025 11.44 &#8222;Niemieckie samoloty b\u0119d\u0105 strzec polskiego nieba&#8221; \u0179r\u00f3d\u0142o: rp.pl \u017bebym nie zapeszy\u0142. Ci\u0105g\u0142e krakanie przysparza k\u0142opot\u00f3w. Jestem przeciwny stacjonowaniu obcego wojska na naszym terytorium. Verte &gt;Fundacja Narodowe Si\u0142y Samoobrony \u201eGrot\u201d<\/p>\n","protected":false},"author":1,"featured_media":0,"parent":13881,"menu_order":0,"comment_status":"closed","ping_status":"closed","template":"","meta":{"footnotes":""},"class_list":["post-13886","page","type-page","status-publish","hentry"],"_links":{"self":[{"href":"https:\/\/topol.org.pl\/index.php?rest_route=\/wp\/v2\/pages\/13886","targetHints":{"allow":["GET"]}}],"collection":[{"href":"https:\/\/topol.org.pl\/index.php?rest_route=\/wp\/v2\/pages"}],"about":[{"href":"https:\/\/topol.org.pl\/index.php?rest_route=\/wp\/v2\/types\/page"}],"author":[{"embeddable":true,"href":"https:\/\/topol.org.pl\/index.php?rest_route=\/wp\/v2\/users\/1"}],"replies":[{"embeddable":true,"href":"https:\/\/topol.org.pl\/index.php?rest_route=%2Fwp%2Fv2%2Fcomments&post=13886"}],"version-history":[{"count":2,"href":"https:\/\/topol.org.pl\/index.php?rest_route=\/wp\/v2\/pages\/13886\/revisions"}],"predecessor-version":[{"id":13888,"href":"https:\/\/topol.org.pl\/index.php?rest_route=\/wp\/v2\/pages\/13886\/revisions\/13888"}],"up":[{"embeddable":true,"href":"https:\/\/topol.org.pl\/index.php?rest_route=\/wp\/v2\/pages\/13881"}],"wp:attachment":[{"href":"https:\/\/topol.org.pl\/index.php?rest_route=%2Fwp%2Fv2%2Fmedia&parent=13886"}],"curies":[{"name":"wp","href":"https:\/\/api.w.org\/{rel}","templated":true}]}}