{"id":13889,"date":"2025-12-10T12:57:53","date_gmt":"2025-12-10T11:57:53","guid":{"rendered":"https:\/\/topol.org.pl\/?page_id=13889"},"modified":"2025-12-10T12:57:53","modified_gmt":"2025-12-10T11:57:53","slug":"niemcy-chca-europejskiej-armii","status":"publish","type":"page","link":"https:\/\/topol.org.pl\/?page_id=13889","title":{"rendered":"&#8222;Niemcy Chc\u0105 Europejskiej Armii&#8221;"},"content":{"rendered":"\n<p>10.12.2025 12.55 <a href=\"https:\/\/www.youtube.com\/watch?v=I0rQBXp1z5w\">&#8222;Niemcy Chc\u0105 Europejskiej Armii&#8221;<\/a> \u0179r\u00f3d\u0142o: Tomasz Piekielnik<\/p>\n\n\n\n<p>Verte ><a href=\"https:\/\/topol.org.pl\/?page_id=6187\">Fundacja Narodowe Si\u0142y Samoobrony \u201eGrot\u201d<\/a><\/p>\n\n\n\n<p><\/p>\n","protected":false},"excerpt":{"rendered":"<p>10.12.2025 12.55 &#8222;Niemcy Chc\u0105 Europejskiej Armii&#8221; \u0179r\u00f3d\u0142o: Tomasz Piekielnik Verte >Fundacja Narodowe Si\u0142y Samoobrony \u201eGrot\u201d<\/p>\n","protected":false},"author":1,"featured_media":0,"parent":13886,"menu_order":0,"comment_status":"closed","ping_status":"closed","template":"","meta":{"footnotes":""},"class_list":["post-13889","page","type-page","status-publish","hentry"],"_links":{"self":[{"href":"https:\/\/topol.org.pl\/index.php?rest_route=\/wp\/v2\/pages\/13889","targetHints":{"allow":["GET"]}}],"collection":[{"href":"https:\/\/topol.org.pl\/index.php?rest_route=\/wp\/v2\/pages"}],"about":[{"href":"https:\/\/topol.org.pl\/index.php?rest_route=\/wp\/v2\/types\/page"}],"author":[{"embeddable":true,"href":"https:\/\/topol.org.pl\/index.php?rest_route=\/wp\/v2\/users\/1"}],"replies":[{"embeddable":true,"href":"https:\/\/topol.org.pl\/index.php?rest_route=%2Fwp%2Fv2%2Fcomments&post=13889"}],"version-history":[{"count":1,"href":"https:\/\/topol.org.pl\/index.php?rest_route=\/wp\/v2\/pages\/13889\/revisions"}],"predecessor-version":[{"id":13890,"href":"https:\/\/topol.org.pl\/index.php?rest_route=\/wp\/v2\/pages\/13889\/revisions\/13890"}],"up":[{"embeddable":true,"href":"https:\/\/topol.org.pl\/index.php?rest_route=\/wp\/v2\/pages\/13886"}],"wp:attachment":[{"href":"https:\/\/topol.org.pl\/index.php?rest_route=%2Fwp%2Fv2%2Fmedia&parent=13889"}],"curies":[{"name":"wp","href":"https:\/\/api.w.org\/{rel}","templated":true}]}}