{"id":13891,"date":"2025-12-14T15:02:25","date_gmt":"2025-12-14T14:02:25","guid":{"rendered":"https:\/\/topol.org.pl\/?page_id=13891"},"modified":"2026-01-08T20:48:41","modified_gmt":"2026-01-08T19:48:41","slug":"wczoraj-ogladalem-wiadomosci-tv-w-migawce-pokazali-dzieci-i-ich-opiekunow-w-nastepnej-migawce-psy-i-ich-opiekunow","status":"publish","type":"page","link":"https:\/\/topol.org.pl\/?page_id=13891","title":{"rendered":"Wczoraj ogl\u0105da\u0142em Wiadomo\u015bci TV, w migawce pokazali dzieci i ich opiekun\u00f3w w nast\u0119pnej migawce psy i ich opiekun\u00f3w."},"content":{"rendered":"\n<p>14.12.2025 14.18 S\u0105 prawa niepisane , kt\u00f3re wszyscy znaj\u0105, wszyscy je honoruj\u0105.<\/p>\n\n\n\n<p><strong>Tak sobie pomy\u015bla\u0142em, co si\u0119 stanie jak zr\u00f3wnaj\u0105 w Unii Europejskiej prawa zwierz\u0105t i ludzi ? Wprowadz\u0105 jedno prawo-NIP &#8221; Ludzie i zwierz\u0119ta&#8221;. Gdybanie&#8230;to si\u0119 nie wydarzy&#8230;\u017beby usprawni\u0107 opiek\u0119 powierz\u0105 opiek\u0119 sztucznej inteligencji&#8230;Wszystkie petycje b\u0119dzie mo\u017cna za\u0142atwi\u0107 przez asystenta AI telefonicznie, wybieraj\u0105c odpowiednie cyfry na klawiaturze telefonu.<\/strong> <strong>Nie&#8230; przecie\u017c nie \u017cyjemy w Niemczech, jeste\u015bmy katolikami nie byli\u015bmy wychowywani w pruskiej szkole.<\/strong> <strong>Dlatego &#8222;wol\u0119 mie\u0107 wol\u0119&#8221;.<\/strong> <strong>Co by by\u0142o, gdyby kojce dla zwierz\u0105t wielko\u015bci kawalerki zasiedlili ludzie ?<\/strong><\/p>\n\n\n\n<p><a href=\"https:\/\/www.youtube.com\/playlist?list=PLvdibod3J-Xs360wJRmxcxew67c0DzqFD\"><strong>Kod kulturowy Niemc\u00f3w, lutera\u0144skie zasady i pruskie pa\u0144stwo.<\/strong><\/a><\/p>\n\n\n\n<p><strong>Dziadek w czasie wojny mia\u0142 rower z rejestracj\u0105, przechowuj\u0119 j\u0105 jako dow\u00f3d. Wyczyta\u0142em w rp.pl, \u017ce firma w Polsce (chyba Niemiecka) jako pierwsza wprowadzi\u0142a na rynek rowerowy VIN w technologii blockchain, BickeID. Jedziesz swoim rowerem i jeste\u015b na mapie Google z jak\u0105 szybko\u015bci\u0105 i gdzie zmierzasz.<\/strong> <strong>Po co kontrola.<\/strong> <strong>Zaraz wprowadz\u0105 rejestracj\u0119 na rowery, tak jak w Trzeciej Rzeszy.<\/strong><\/p>\n\n\n\n<p><a href=\"https:\/\/www.google.com\/search?q=czy+w+trzeciej+Rzeszy+mo%C5%BCna+by%C5%82o+trzyma%C4%87+zwierz%C4%99ta+na+ub%C3%B3j+np+%C5%9Bwinie.&amp;oq=czy+w+trzeciej+Rzeszy+mo%C5%BCna+by%C5%82o+trzyma%C4%87+zwierz%C4%99ta+na+ub%C3%B3j+np+%C5%9Bwinie.&amp;gs_lcrp=EgZjaHJvbWUyBggAEEUYOdIBCjM5MTcwajBqMTWoAgiwAgE&amp;sourceid=chrome&amp;ie=UTF-8\">Jeszcze w Trzeciej Rzeszy nie mo\u017cna by\u0142o:<\/a><\/p>\n\n\n\n<p>Antonina Szybowska<br>Uniwersytet \u015al\u0105ski<br><a href=\"https:\/\/journals.us.edu.pl\/index.php\/ZOOPHILOLOGICA\/article\/download\/6165\/4320\/7968\">Zwierz\u0119ta podczas okupacji hitlerowskiej<br>w opowie\u015bciach wspomnieniowych<br>mieszka\u0144c\u00f3w Czeladzi<\/a><\/p>\n\n\n\n<p><br>Verte &gt;<a href=\"https:\/\/topol.org.pl\/?page_id=6187\">Fundacja Narodowe Si\u0142y Samoobrony \u201eGrot\u201d<\/a><\/p>\n\n\n\n<p><\/p>\n","protected":false},"excerpt":{"rendered":"<p>14.12.2025 14.18 S\u0105 prawa niepisane , kt\u00f3re wszyscy znaj\u0105, wszyscy je honoruj\u0105. Tak sobie pomy\u015bla\u0142em, co si\u0119 stanie jak zr\u00f3wnaj\u0105 w Unii Europejskiej prawa zwierz\u0105t i ludzi ? Wprowadz\u0105 jedno prawo-NIP &#8221; Ludzie i zwierz\u0119ta&#8221;. Gdybanie&#8230;to si\u0119 nie wydarzy&#8230;\u017beby usprawni\u0107 opiek\u0119 powierz\u0105 opiek\u0119 sztucznej inteligencji&#8230;Wszystkie petycje b\u0119dzie mo\u017cna za\u0142atwi\u0107 przez asystenta AI telefonicznie, wybieraj\u0105c odpowiednie [&hellip;]<\/p>\n","protected":false},"author":1,"featured_media":0,"parent":13836,"menu_order":3,"comment_status":"closed","ping_status":"closed","template":"","meta":{"footnotes":""},"class_list":["post-13891","page","type-page","status-publish","hentry"],"_links":{"self":[{"href":"https:\/\/topol.org.pl\/index.php?rest_route=\/wp\/v2\/pages\/13891","targetHints":{"allow":["GET"]}}],"collection":[{"href":"https:\/\/topol.org.pl\/index.php?rest_route=\/wp\/v2\/pages"}],"about":[{"href":"https:\/\/topol.org.pl\/index.php?rest_route=\/wp\/v2\/types\/page"}],"author":[{"embeddable":true,"href":"https:\/\/topol.org.pl\/index.php?rest_route=\/wp\/v2\/users\/1"}],"replies":[{"embeddable":true,"href":"https:\/\/topol.org.pl\/index.php?rest_route=%2Fwp%2Fv2%2Fcomments&post=13891"}],"version-history":[{"count":16,"href":"https:\/\/topol.org.pl\/index.php?rest_route=\/wp\/v2\/pages\/13891\/revisions"}],"predecessor-version":[{"id":14025,"href":"https:\/\/topol.org.pl\/index.php?rest_route=\/wp\/v2\/pages\/13891\/revisions\/14025"}],"up":[{"embeddable":true,"href":"https:\/\/topol.org.pl\/index.php?rest_route=\/wp\/v2\/pages\/13836"}],"wp:attachment":[{"href":"https:\/\/topol.org.pl\/index.php?rest_route=%2Fwp%2Fv2%2Fmedia&parent=13891"}],"curies":[{"name":"wp","href":"https:\/\/api.w.org\/{rel}","templated":true}]}}