{"id":13910,"date":"2025-12-14T18:20:29","date_gmt":"2025-12-14T17:20:29","guid":{"rendered":"https:\/\/topol.org.pl\/?page_id=13910"},"modified":"2025-12-14T20:50:04","modified_gmt":"2025-12-14T19:50:04","slug":"gwarancje-bezpieczenstwa-ze-strony-europejskich-kolegow","status":"publish","type":"page","link":"https:\/\/topol.org.pl\/?page_id=13910","title":{"rendered":"&#8222;gwarancje bezpiecze\u0144stwa ze\u00a0strony europejskich koleg\u00f3w&#8221;"},"content":{"rendered":"\n<p>14.12.2025 18.03 <a href=\"https:\/\/dorzeczy.pl\/swiat\/819998\/zaskakujaca-decyzja-ukrainy-chodzi-o-przystapienie-do-nato.html\">&#8222;gwarancje bezpiecze\u0144stwa ze\u00a0strony europejskich koleg\u00f3w&#8221;<\/a> \u0179r\u00f3d\u0142o:\u00a0DoRzeczy.pl\u00a0\/\u00a0reuters.com<\/p>\n\n\n\n<p><strong>Na miejscu Ukrainy  nie mia\u0142bym w\u0105tpliwo\u015bci, \u017ce kraje tak zwanego zachodu dotrzymaj\u0105 umowy w spos\u00f3b wi\u0105\u017c\u0105cy. Umowy s\u0105 zawarte na papierze ale nie ma w nich krzty prawdy. Z mojej strony zaproponowa\u0142em warunki pokojowe do przyj\u0119cia dla obydwu stron bez straty dla kogokolwiek. Przerwijmy ogie\u0144, przesta\u0144my si\u0119 zabija\u0107. Przyjmijmy rozejm na warunkach sprzyjaj\u0105cych trwa\u0142emu pokojowi bez \u017cadnych gwarancji. S\u0142owia\u0144ska Scytia Kr\u00f3lewska zwana Ru\u015b Krymska to teren sporny. W ka\u017cdym momencie mo\u017cecie wznowi\u0107 dzia\u0142ania zbrojne. Ale nikt wam w tym nie b\u0119dzie pomaga\u0142. Martwcie si\u0119 o siebie sami, dajcie \u017cy\u0107 ludziom w spokoju. Zaczynaj\u0105 si\u0119 nawet bi\u0107 w tramwaju z byle powodu. Zacznijmy znowu \u017cy\u0107 normalnie i zarabia\u0107 pieni\u0105dze, robi\u0107 biznes z Rosjanami, Amerykanami, \u017bydami i Chi\u0144czykami. Przecie\u017c wszystkim chodzi o pieni\u0105dze a nie o wasz\u0105 Ukrain\u0119.<\/strong><\/p>\n\n\n\n<p>Verte &gt;<a href=\"https:\/\/topol.org.pl\/?page_id=6187\">Fundacja Narodowe Si\u0142y Samoobrony \u201eGrot\u201d<\/a><\/p>\n\n\n\n<p><\/p>\n","protected":false},"excerpt":{"rendered":"<p>14.12.2025 18.03 &#8222;gwarancje bezpiecze\u0144stwa ze\u00a0strony europejskich koleg\u00f3w&#8221; \u0179r\u00f3d\u0142o:\u00a0DoRzeczy.pl\u00a0\/\u00a0reuters.com Na miejscu Ukrainy nie mia\u0142bym w\u0105tpliwo\u015bci, \u017ce kraje tak zwanego zachodu dotrzymaj\u0105 umowy w spos\u00f3b wi\u0105\u017c\u0105cy. Umowy s\u0105 zawarte na papierze ale nie ma w nich krzty prawdy. Z mojej strony zaproponowa\u0142em warunki pokojowe do przyj\u0119cia dla obydwu stron bez straty dla kogokolwiek. Przerwijmy ogie\u0144, przesta\u0144my si\u0119 [&hellip;]<\/p>\n","protected":false},"author":1,"featured_media":0,"parent":13836,"menu_order":4,"comment_status":"closed","ping_status":"closed","template":"","meta":{"footnotes":""},"class_list":["post-13910","page","type-page","status-publish","hentry"],"_links":{"self":[{"href":"https:\/\/topol.org.pl\/index.php?rest_route=\/wp\/v2\/pages\/13910","targetHints":{"allow":["GET"]}}],"collection":[{"href":"https:\/\/topol.org.pl\/index.php?rest_route=\/wp\/v2\/pages"}],"about":[{"href":"https:\/\/topol.org.pl\/index.php?rest_route=\/wp\/v2\/types\/page"}],"author":[{"embeddable":true,"href":"https:\/\/topol.org.pl\/index.php?rest_route=\/wp\/v2\/users\/1"}],"replies":[{"embeddable":true,"href":"https:\/\/topol.org.pl\/index.php?rest_route=%2Fwp%2Fv2%2Fcomments&post=13910"}],"version-history":[{"count":3,"href":"https:\/\/topol.org.pl\/index.php?rest_route=\/wp\/v2\/pages\/13910\/revisions"}],"predecessor-version":[{"id":13913,"href":"https:\/\/topol.org.pl\/index.php?rest_route=\/wp\/v2\/pages\/13910\/revisions\/13913"}],"up":[{"embeddable":true,"href":"https:\/\/topol.org.pl\/index.php?rest_route=\/wp\/v2\/pages\/13836"}],"wp:attachment":[{"href":"https:\/\/topol.org.pl\/index.php?rest_route=%2Fwp%2Fv2%2Fmedia&parent=13910"}],"curies":[{"name":"wp","href":"https:\/\/api.w.org\/{rel}","templated":true}]}}