{"id":13926,"date":"2025-12-15T16:48:27","date_gmt":"2025-12-15T15:48:27","guid":{"rendered":"https:\/\/topol.org.pl\/?page_id=13926"},"modified":"2025-12-15T16:51:32","modified_gmt":"2025-12-15T15:51:32","slug":"jakie-sa-konsekwencje-w-terazniejszosci","status":"publish","type":"page","link":"https:\/\/topol.org.pl\/?page_id=13926","title":{"rendered":"Jakie s\u0105 konsekwencje w tera\u017aniejszo\u015bci ?"},"content":{"rendered":"\n<p><strong>Jakie s\u0105 konsekwencje w tera\u017aniejszo\u015bci ?<\/strong><\/p>\n\n\n\n<p><strong>&#8222;wsp\u00f3\u0142czynnik dzietno\u015bci w Polsce gwa\u0142townie spad\u0142, do poziomu ok. 1,1 dziecka na kobiet\u0119&#8221; Moim zdaniem dlatego, poniewa\u017c kobiety s\u0105 przera\u017cone, \u017ce b\u0119d\u0105 opiekunkami swoich dzieci. Nie chc\u0105 przyj\u0105\u0107 do wiadomo\u015bci, \u017ce musz\u0105 si\u0119 zaj\u0105\u0107 reprodukcj\u0105 na powa\u017cnie, nie b\u0119d\u0105c jednocze\u015bnie rodzicem tylko opiekunem.<\/strong><br>Verte ><a href=\"https:\/\/topol.org.pl\/?page_id=6187\">Fundacja Narodowe Si\u0142y Samoobrony \u201eGrot\u201d<\/a><\/p>\n","protected":false},"excerpt":{"rendered":"<p>Jakie s\u0105 konsekwencje w tera\u017aniejszo\u015bci ? &#8222;wsp\u00f3\u0142czynnik dzietno\u015bci w Polsce gwa\u0142townie spad\u0142, do poziomu ok. 1,1 dziecka na kobiet\u0119&#8221; Moim zdaniem dlatego, poniewa\u017c kobiety s\u0105 przera\u017cone, \u017ce b\u0119d\u0105 opiekunkami swoich dzieci. Nie chc\u0105 przyj\u0105\u0107 do wiadomo\u015bci, \u017ce musz\u0105 si\u0119 zaj\u0105\u0107 reprodukcj\u0105 na powa\u017cnie, nie b\u0119d\u0105c jednocze\u015bnie rodzicem tylko opiekunem.Verte >Fundacja Narodowe Si\u0142y Samoobrony \u201eGrot\u201d<\/p>\n","protected":false},"author":1,"featured_media":0,"parent":13891,"menu_order":0,"comment_status":"closed","ping_status":"closed","template":"","meta":{"footnotes":""},"class_list":["post-13926","page","type-page","status-publish","hentry"],"_links":{"self":[{"href":"https:\/\/topol.org.pl\/index.php?rest_route=\/wp\/v2\/pages\/13926","targetHints":{"allow":["GET"]}}],"collection":[{"href":"https:\/\/topol.org.pl\/index.php?rest_route=\/wp\/v2\/pages"}],"about":[{"href":"https:\/\/topol.org.pl\/index.php?rest_route=\/wp\/v2\/types\/page"}],"author":[{"embeddable":true,"href":"https:\/\/topol.org.pl\/index.php?rest_route=\/wp\/v2\/users\/1"}],"replies":[{"embeddable":true,"href":"https:\/\/topol.org.pl\/index.php?rest_route=%2Fwp%2Fv2%2Fcomments&post=13926"}],"version-history":[{"count":5,"href":"https:\/\/topol.org.pl\/index.php?rest_route=\/wp\/v2\/pages\/13926\/revisions"}],"predecessor-version":[{"id":13932,"href":"https:\/\/topol.org.pl\/index.php?rest_route=\/wp\/v2\/pages\/13926\/revisions\/13932"}],"up":[{"embeddable":true,"href":"https:\/\/topol.org.pl\/index.php?rest_route=\/wp\/v2\/pages\/13891"}],"wp:attachment":[{"href":"https:\/\/topol.org.pl\/index.php?rest_route=%2Fwp%2Fv2%2Fmedia&parent=13926"}],"curies":[{"name":"wp","href":"https:\/\/api.w.org\/{rel}","templated":true}]}}