{"id":13958,"date":"2025-12-19T07:13:32","date_gmt":"2025-12-19T06:13:32","guid":{"rendered":"https:\/\/topol.org.pl\/?page_id=13958"},"modified":"2025-12-19T07:25:19","modified_gmt":"2025-12-19T06:25:19","slug":"ktore-prawo-mowi-ze-konstytucja-rzeczypospolitej-polskiej-jest-prawem-nadrzednym-w-stosunku-do-prawa-unijnego","status":"publish","type":"page","link":"https:\/\/topol.org.pl\/?page_id=13958","title":{"rendered":"Kt\u00f3re\u00a0prawo m\u00f3wi, \u017ce Konstytucja\u00a0Rzeczypospolitej\u00a0Polskiej jest prawem nadrz\u0119dnym w stosunku do prawa unijnego ?"},"content":{"rendered":"\n<p>19.12.2025 07.11 <a href=\"https:\/\/www.google.com\/search?sca_esv=7c95de8abde2ac06&amp;sxsrf=AE3TifMD4ym9JQypF-8iacXSX3AACAzSNA:1766124496824&amp;q=Kt%C3%B3re+prawo+m%C3%B3wi,+%C5%BCe+Konstytucja+Rzeczypospolitej+Polskiej+jest+prawem+nadrz%C4%99dnym+w+stosunku+do+prawa+unijnego+?&amp;spell=1&amp;sa=X&amp;ved=2ahUKEwiNroy6_siRAxW_R_EDHR_dBrgQkeECKAB6BAgYEAE\"><strong><em>Kt\u00f3re<\/em><\/strong>&nbsp;prawo m\u00f3wi, \u017ce Konstytucja&nbsp;<strong><em>Rzeczypospolitej<\/em><\/strong>&nbsp;Polskiej jest prawem nadrz\u0119dnym w stosunku do prawa unijnego ?<\/a> \u0179r\u00f3d\u0142o: Google AI<\/p>\n\n\n\n<p><strong>Wyrok Trybuna\u0142u Konstytucyjnego RP z 7 pa\u017adziernika potwierdzi\u0142 obowi\u0105zuj\u0105c\u0105 w Polsce i w Unii Europejskiej hierarchi\u0119 \u017ar\u00f3de\u0142 prawa. Na pierwszym miejscu w tej hierarchii zawsze stoj\u0105 krajowe konstytucje pa\u0144stw cz\u0142onkowskich UE.<\/strong> \u0179r\u00f3d\u0142o: <a href=\"https:\/\/www.gov.pl\/web\/luksemburg\/wyrok-trybunalu-konstytucyjnego-rp-z-7-pazdziernika-potwierdzil-obowiazujaca-w-polsce-i-w-unii-europejskiej-hierarchie-zrodel-prawa-na-pierwszym-miejscu-w-tej-hierarchii-zawsze-stoja-krajowe-konstytucje-panstw-czlonkowskich-ue\">gov.pl<\/a><\/p>\n\n\n\n<p>Verte &gt;<a href=\"https:\/\/topol.org.pl\/?page_id=6187\">Fundacja Narodowe Si\u0142y Samoobrony \u201eGrot\u201d<\/a><\/p>\n\n\n\n<p><\/p>\n","protected":false},"excerpt":{"rendered":"<p>19.12.2025 07.11 Kt\u00f3re&nbsp;prawo m\u00f3wi, \u017ce Konstytucja&nbsp;Rzeczypospolitej&nbsp;Polskiej jest prawem nadrz\u0119dnym w stosunku do prawa unijnego ? \u0179r\u00f3d\u0142o: Google AI Wyrok Trybuna\u0142u Konstytucyjnego RP z 7 pa\u017adziernika potwierdzi\u0142 obowi\u0105zuj\u0105c\u0105 w Polsce i w Unii Europejskiej hierarchi\u0119 \u017ar\u00f3de\u0142 prawa. Na pierwszym miejscu w tej hierarchii zawsze stoj\u0105 krajowe konstytucje pa\u0144stw cz\u0142onkowskich UE. \u0179r\u00f3d\u0142o: gov.pl Verte &gt;Fundacja Narodowe Si\u0142y [&hellip;]<\/p>\n","protected":false},"author":1,"featured_media":0,"parent":13860,"menu_order":5,"comment_status":"closed","ping_status":"closed","template":"","meta":{"footnotes":""},"class_list":["post-13958","page","type-page","status-publish","hentry"],"_links":{"self":[{"href":"https:\/\/topol.org.pl\/index.php?rest_route=\/wp\/v2\/pages\/13958","targetHints":{"allow":["GET"]}}],"collection":[{"href":"https:\/\/topol.org.pl\/index.php?rest_route=\/wp\/v2\/pages"}],"about":[{"href":"https:\/\/topol.org.pl\/index.php?rest_route=\/wp\/v2\/types\/page"}],"author":[{"embeddable":true,"href":"https:\/\/topol.org.pl\/index.php?rest_route=\/wp\/v2\/users\/1"}],"replies":[{"embeddable":true,"href":"https:\/\/topol.org.pl\/index.php?rest_route=%2Fwp%2Fv2%2Fcomments&post=13958"}],"version-history":[{"count":3,"href":"https:\/\/topol.org.pl\/index.php?rest_route=\/wp\/v2\/pages\/13958\/revisions"}],"predecessor-version":[{"id":13961,"href":"https:\/\/topol.org.pl\/index.php?rest_route=\/wp\/v2\/pages\/13958\/revisions\/13961"}],"up":[{"embeddable":true,"href":"https:\/\/topol.org.pl\/index.php?rest_route=\/wp\/v2\/pages\/13860"}],"wp:attachment":[{"href":"https:\/\/topol.org.pl\/index.php?rest_route=%2Fwp%2Fv2%2Fmedia&parent=13958"}],"curies":[{"name":"wp","href":"https:\/\/api.w.org\/{rel}","templated":true}]}}