{"id":13971,"date":"2025-12-20T17:06:20","date_gmt":"2025-12-20T16:06:20","guid":{"rendered":"https:\/\/topol.org.pl\/?page_id=13971"},"modified":"2025-12-20T17:22:22","modified_gmt":"2025-12-20T16:22:22","slug":"idea-panslawizmu-idea-mitteleuropy","status":"publish","type":"page","link":"https:\/\/topol.org.pl\/?page_id=13971","title":{"rendered":"Idea panslawizmu-Idea\u00a0Mitteleuropy"},"content":{"rendered":"\n<p>20.12.2025 16.59 Idea panslawizmu to&nbsp;<mark>ruch kulturowo-polityczny z XIX wieku, d\u0105\u017c\u0105cy do zjednoczenia wszystkich narod\u00f3w s\u0142owia\u0144skich w jednym pa\u0144stwie, unii lub konfederacji, oparty na poczuciu wsp\u00f3lnego pochodzenia i kultury<\/mark>, przy czym kluczow\u0105 rol\u0119 w tym procesie mia\u0142a pe\u0142ni\u0107 carska Rosja, kt\u00f3ra promowa\u0142a ide\u0119 przyw\u00f3dztwa nad S\u0142owia\u0144szczyzn\u0105 i przeciwstawia\u0142a j\u0105 cywilizacji zachodniej. Ruch ten, cho\u0107 pocz\u0105tkowo romantyczny, przyj\u0105\u0142 w Rosji charakter imperialistyczny, staj\u0105c si\u0119 nawet cz\u0119\u015bci\u0105 oficjalnej doktryny pa\u0144stwowej, co mia\u0142o wp\u0142yw na napi\u0119cia geopolityczne, w tym na wybuch I wojny \u015bwiatowej.&nbsp;\u0179r\u00f3d\u0142o: <a href=\"https:\/\/www.google.com\/search?q=Idea+panslawizmu&amp;oq=Idea+panslawizmu&amp;gs_lcrp=EgZjaHJvbWUyBggAEEUYOdIBCjExNDM3ajBqMTWoAgiwAgE&amp;sourceid=chrome&amp;ie=UTF-8\">Google AI<\/a><\/p>\n\n\n\n<p>Idea&nbsp;<strong>Mitteleuropy (Europy \u015arodkowej)<\/strong>&nbsp;to&nbsp;<mark>koncepcja polityczno-gospodarcza zak\u0142adaj\u0105ca dominacj\u0119 Niemiec nad regionem Europy \u015arodkowej<\/mark>&nbsp;(od Ba\u0142tyku po Adriatyk i Morze Czarne), realizowana poprzez sojusze gospodarcze, militaryzacj\u0119 oraz germanizacj\u0119 i tworzenie pa\u0144stw satelickich, g\u0142\u00f3wnie w kontek\u015bcie d\u0105\u017ce\u0144 imperialnych Niemiec i Austro-W\u0119gier, szczeg\u00f3lnie widoczna podczas I Wojny \u015awiatowej, a p\u00f3\u017aniej zreinterpretowana przez nazist\u00f3w, co budzi\u0142o i budzi kontrowersje i l\u0119ki o suwerenno\u015b\u0107 kraj\u00f3w regionu.&nbsp; \u0179r\u00f3d\u0142o: <a href=\"https:\/\/www.google.com\/search?q=idea+miteleuropa&amp;oq=idea+miteleuropa&amp;gs_lcrp=EgZjaHJvbWUyBggAEEUYOdIBCjEzOTg2ajBqMTWoAgiwAgE&amp;sourceid=chrome&amp;ie=UTF-8\">Google AI<\/a><\/p>\n\n\n\n<p><strong><a href=\"https:\/\/www.youtube.com\/playlist?list=PLvdibod3J-XvnXofbbHSc72s0kPEoGzkz\">Podsumowanie wizyty w Warszawie.<\/a><\/strong><\/p>\n\n\n\n<p><strong>Wszyscy d\u0105\u017c\u0105 do naszej katastrofy i rozbior\u00f3w. Politycy, historycy i nasi sojusznicy. Jak ludzie nie zareaguj\u0105 to sko\u0144czy si\u0119 utrat\u0105 naszego pa\u0144stwa.<\/strong><\/p>\n\n\n\n<p>Verte &gt;<a href=\"https:\/\/topol.org.pl\/?page_id=6187\">Fundacja Narodowe Si\u0142y Samoobrony \u201eGrot\u201d<\/a><\/p>\n\n\n\n<p><\/p>\n","protected":false},"excerpt":{"rendered":"<p>20.12.2025 16.59 Idea panslawizmu to&nbsp;ruch kulturowo-polityczny z XIX wieku, d\u0105\u017c\u0105cy do zjednoczenia wszystkich narod\u00f3w s\u0142owia\u0144skich w jednym pa\u0144stwie, unii lub konfederacji, oparty na poczuciu wsp\u00f3lnego pochodzenia i kultury, przy czym kluczow\u0105 rol\u0119 w tym procesie mia\u0142a pe\u0142ni\u0107 carska Rosja, kt\u00f3ra promowa\u0142a ide\u0119 przyw\u00f3dztwa nad S\u0142owia\u0144szczyzn\u0105 i przeciwstawia\u0142a j\u0105 cywilizacji zachodniej. Ruch ten, cho\u0107 pocz\u0105tkowo romantyczny, [&hellip;]<\/p>\n","protected":false},"author":1,"featured_media":0,"parent":13836,"menu_order":5,"comment_status":"closed","ping_status":"closed","template":"","meta":{"footnotes":""},"class_list":["post-13971","page","type-page","status-publish","hentry"],"_links":{"self":[{"href":"https:\/\/topol.org.pl\/index.php?rest_route=\/wp\/v2\/pages\/13971","targetHints":{"allow":["GET"]}}],"collection":[{"href":"https:\/\/topol.org.pl\/index.php?rest_route=\/wp\/v2\/pages"}],"about":[{"href":"https:\/\/topol.org.pl\/index.php?rest_route=\/wp\/v2\/types\/page"}],"author":[{"embeddable":true,"href":"https:\/\/topol.org.pl\/index.php?rest_route=\/wp\/v2\/users\/1"}],"replies":[{"embeddable":true,"href":"https:\/\/topol.org.pl\/index.php?rest_route=%2Fwp%2Fv2%2Fcomments&post=13971"}],"version-history":[{"count":2,"href":"https:\/\/topol.org.pl\/index.php?rest_route=\/wp\/v2\/pages\/13971\/revisions"}],"predecessor-version":[{"id":13974,"href":"https:\/\/topol.org.pl\/index.php?rest_route=\/wp\/v2\/pages\/13971\/revisions\/13974"}],"up":[{"embeddable":true,"href":"https:\/\/topol.org.pl\/index.php?rest_route=\/wp\/v2\/pages\/13836"}],"wp:attachment":[{"href":"https:\/\/topol.org.pl\/index.php?rest_route=%2Fwp%2Fv2%2Fmedia&parent=13971"}],"curies":[{"name":"wp","href":"https:\/\/api.w.org\/{rel}","templated":true}]}}