{"id":13975,"date":"2025-12-21T11:27:14","date_gmt":"2025-12-21T10:27:14","guid":{"rendered":"https:\/\/topol.org.pl\/?page_id=13975"},"modified":"2026-02-04T13:30:23","modified_gmt":"2026-02-04T12:30:23","slug":"polska-moja-ojczyzna","status":"publish","type":"page","link":"https:\/\/topol.org.pl\/?page_id=13975","title":{"rendered":"Polska&#8230;Moja Ojczyzna"},"content":{"rendered":"\n<p>21.12.2025 11.21 <\/p>\n\n\n\n<p><a href=\"https:\/\/topol.org.pl\/?page_id=47\">&amp; 1. Moja Rzeczpospolita Polska istnieje w granicach tera\u017aniejszych.<\/a><\/p>\n\n\n\n<p><strong>Musimy tak obstawia\u0107, \u017ceby przetrwa\u0107 w ca\u0142o\u015bci. Zwracam uwag\u0119 na taktyk\u0119 W\u0119gier i S\u0142owacji nieanga\u017cowania si\u0142 po \u017cadnej ze stron. Nieprzyst\u0119powania do \u015bcis\u0142ego sojuszu. Musimy zawrze\u0107 uk\u0142ad ze spo\u0142ecze\u0144stwem a za cel wybra\u0107 obron\u0119 przed wojn\u0105 na naszym terytorium.<\/strong> <strong>Do kt\u00f3rej wszyscy d\u0105\u017c\u0105.<\/strong> <strong>Powinni\u015bmy zacz\u0105\u0107 w delikatny spos\u00f3b nie militarny polonizowa\u0107 (zak\u0142ada\u0107 firmy, o\u015brodki promocji plac\u00f3wki dyplomatyczne) teren do \u0141aby i teren do Cie\u015bniny Beringa. Dlatego m\u00f3wi\u0119 o Wielkiej Lechii i <a href=\"https:\/\/topol.org.pl\/?page_id=4512\">Pa\u0144stwie Z\u0142otego \u015arodka<\/a>.<\/strong> <strong>Okr\u0105g\u0142y St\u00f3\u0142 zostanie przeniesiony do Muzeum Historii Polski. Okres nazywany postkomunizmem dobiega ko\u0144ca. Ale Okr\u0105g\u0142y St\u00f3\u0142 nadal mo\u017ce pe\u0142ni\u0107 zadanie w Muzeum Historii Polski. Nadal mo\u017cemy debatowa\u0107 przy Okr\u0105g\u0142ym Stole o ile wybrniemy z narracji wojennej. Nie damy si\u0119 jako jeden nar\u00f3d. Bo innego nie mamy. Przecie\u017c Europejczykami jeste\u015bmy tylko dlatego, \u017ce mieszkamy w Europie. Ale tyle razy dali\u015bmy si\u0119 nabra\u0107 na pawie i bohater\u00f3w walcz\u0105cych za wolno\u015b\u0107 nasz\u0105 i wasz\u0105, \u017ce ju\u017c wi\u0119cej nie zrobimy si\u0119 &#8222;na szaro&#8221;. Dlatego z okazji \u015awi\u0105t Bo\u017cego Narodzenia , \u017ceby\u015bmy mogli cieszy\u0107  si\u0119 ze \u015awi\u0105t Bo\u017conarodzeniowych, wymy\u015blanie kar od\u0142o\u017cymy na Nowy Rok 2026.<\/strong><\/p>\n\n\n\n<p>Verte &gt;<a href=\"https:\/\/topol.org.pl\/?page_id=6187\">Fundacja Narodowe Si\u0142y Samoobrony \u201eGrot\u201d<\/a><\/p>\n\n\n\n<p><\/p>\n","protected":false},"excerpt":{"rendered":"<p>21.12.2025 11.21 &amp; 1. Moja Rzeczpospolita Polska istnieje w granicach tera\u017aniejszych. Musimy tak obstawia\u0107, \u017ceby przetrwa\u0107 w ca\u0142o\u015bci. Zwracam uwag\u0119 na taktyk\u0119 W\u0119gier i S\u0142owacji nieanga\u017cowania si\u0142 po \u017cadnej ze stron. Nieprzyst\u0119powania do \u015bcis\u0142ego sojuszu. Musimy zawrze\u0107 uk\u0142ad ze spo\u0142ecze\u0144stwem a za cel wybra\u0107 obron\u0119 przed wojn\u0105 na naszym terytorium. Do kt\u00f3rej wszyscy d\u0105\u017c\u0105. Powinni\u015bmy [&hellip;]<\/p>\n","protected":false},"author":1,"featured_media":0,"parent":13971,"menu_order":0,"comment_status":"closed","ping_status":"closed","template":"","meta":{"footnotes":""},"class_list":["post-13975","page","type-page","status-publish","hentry"],"_links":{"self":[{"href":"https:\/\/topol.org.pl\/index.php?rest_route=\/wp\/v2\/pages\/13975","targetHints":{"allow":["GET"]}}],"collection":[{"href":"https:\/\/topol.org.pl\/index.php?rest_route=\/wp\/v2\/pages"}],"about":[{"href":"https:\/\/topol.org.pl\/index.php?rest_route=\/wp\/v2\/types\/page"}],"author":[{"embeddable":true,"href":"https:\/\/topol.org.pl\/index.php?rest_route=\/wp\/v2\/users\/1"}],"replies":[{"embeddable":true,"href":"https:\/\/topol.org.pl\/index.php?rest_route=%2Fwp%2Fv2%2Fcomments&post=13975"}],"version-history":[{"count":10,"href":"https:\/\/topol.org.pl\/index.php?rest_route=\/wp\/v2\/pages\/13975\/revisions"}],"predecessor-version":[{"id":13987,"href":"https:\/\/topol.org.pl\/index.php?rest_route=\/wp\/v2\/pages\/13975\/revisions\/13987"}],"up":[{"embeddable":true,"href":"https:\/\/topol.org.pl\/index.php?rest_route=\/wp\/v2\/pages\/13971"}],"wp:attachment":[{"href":"https:\/\/topol.org.pl\/index.php?rest_route=%2Fwp%2Fv2%2Fmedia&parent=13975"}],"curies":[{"name":"wp","href":"https:\/\/api.w.org\/{rel}","templated":true}]}}