{"id":14014,"date":"2026-01-06T16:54:21","date_gmt":"2026-01-06T15:54:21","guid":{"rendered":"https:\/\/topol.org.pl\/?page_id=14014"},"modified":"2026-01-09T10:48:08","modified_gmt":"2026-01-09T09:48:08","slug":"obserwuje-polska-jest-neutralna-jestesmy-jak-panstwo-zlotego-srodka","status":"publish","type":"page","link":"https:\/\/topol.org.pl\/?page_id=14014","title":{"rendered":"Obserwuj\u0119\u2026? Polska jest neutralna, jeste\u015bmy jak Pa\u0144stwo Z\u0142otego \u015arodka."},"content":{"rendered":"\n<p>06.01.2026 16.51 Obserwuj\u0119\u2026? Polska jest neutralna, jeste\u015bmy jak Pa\u0144stwo Z\u0142otego \u015arodka.<\/p>\n\n\n\n<p>10.&nbsp;<a href=\"https:\/\/topol.org.pl\/?page_id=4164\">Polska jest neutralna<\/a>, jeste\u015bmy jak&nbsp;<a href=\"https:\/\/topol.org.pl\/?page_id=4512\">Pa\u0144stwo Z\u0142otego \u015arodka<\/a>&#8230; \u0179r\u00f3d\u0142o: Fragment ze statutu fundacji &#8222;Narodowe Si\u0142y Samoobrony &#8222;Grot&#8221;<\/p>\n\n\n\n<p>Verte &gt;<a href=\"https:\/\/topol.org.pl\/?page_id=6187\">Fundacja Narodowe Si\u0142y Samoobrony \u201eGrot\u201d<\/a><\/p>\n\n\n\n<p><\/p>\n","protected":false},"excerpt":{"rendered":"<p>06.01.2026 16.51 Obserwuj\u0119\u2026? Polska jest neutralna, jeste\u015bmy jak Pa\u0144stwo Z\u0142otego \u015arodka. 10.&nbsp;Polska jest neutralna, jeste\u015bmy jak&nbsp;Pa\u0144stwo Z\u0142otego \u015arodka&#8230; \u0179r\u00f3d\u0142o: Fragment ze statutu fundacji &#8222;Narodowe Si\u0142y Samoobrony &#8222;Grot&#8221; Verte &gt;Fundacja Narodowe Si\u0142y Samoobrony \u201eGrot\u201d<\/p>\n","protected":false},"author":1,"featured_media":0,"parent":4659,"menu_order":0,"comment_status":"closed","ping_status":"closed","template":"","meta":{"footnotes":""},"class_list":["post-14014","page","type-page","status-publish","hentry"],"_links":{"self":[{"href":"https:\/\/topol.org.pl\/index.php?rest_route=\/wp\/v2\/pages\/14014","targetHints":{"allow":["GET"]}}],"collection":[{"href":"https:\/\/topol.org.pl\/index.php?rest_route=\/wp\/v2\/pages"}],"about":[{"href":"https:\/\/topol.org.pl\/index.php?rest_route=\/wp\/v2\/types\/page"}],"author":[{"embeddable":true,"href":"https:\/\/topol.org.pl\/index.php?rest_route=\/wp\/v2\/users\/1"}],"replies":[{"embeddable":true,"href":"https:\/\/topol.org.pl\/index.php?rest_route=%2Fwp%2Fv2%2Fcomments&post=14014"}],"version-history":[{"count":3,"href":"https:\/\/topol.org.pl\/index.php?rest_route=\/wp\/v2\/pages\/14014\/revisions"}],"predecessor-version":[{"id":14044,"href":"https:\/\/topol.org.pl\/index.php?rest_route=\/wp\/v2\/pages\/14014\/revisions\/14044"}],"up":[{"embeddable":true,"href":"https:\/\/topol.org.pl\/index.php?rest_route=\/wp\/v2\/pages\/4659"}],"wp:attachment":[{"href":"https:\/\/topol.org.pl\/index.php?rest_route=%2Fwp%2Fv2%2Fmedia&parent=14014"}],"curies":[{"name":"wp","href":"https:\/\/api.w.org\/{rel}","templated":true}]}}