{"id":14055,"date":"2026-01-11T09:19:32","date_gmt":"2026-01-11T08:19:32","guid":{"rendered":"https:\/\/topol.org.pl\/?page_id=14055"},"modified":"2026-01-13T11:19:10","modified_gmt":"2026-01-13T10:19:10","slug":"dux-poloniae-kontra-krol","status":"publish","type":"page","link":"https:\/\/topol.org.pl\/?page_id=14055","title":{"rendered":"Dux Poloniae &#8222;kontra&#8221; Kr\u00f3l"},"content":{"rendered":"\n<p>11.01.2026 09.19<\/p>\n\n\n\n<p><a href=\"https:\/\/www.rp.pl\/plus-minus\/art43605861-prof-andrzej-nowak-czy-korona-chrobrego-jest-symbolem-suwerennosci\">&#8222;Prof. Andrzej Nowak: Czy korona Chrobrego jest symbolem suwerenno\u015bci? \u0179r\u00f3d\u0142o: rp.pl&#8221;<\/a><\/p>\n\n\n\n<p>&#8222;kontra&#8221;<\/p>\n\n\n\n<p><a href=\"https:\/\/dorzeczy.pl\/opinie\/830483\/lisicki-madrosci-wspolczesnych-krolow.html\">&#8222;M\u0105dro\u015bci wsp\u00f3\u0142czesnych kr\u00f3l\u00f3w, czyli walczymy o&nbsp;r\u00f3\u017cnorodno\u015b\u0107 i&nbsp;klimat a&nbsp;przeciw populizmowi \u0179r\u00f3d\u0142o:&nbsp;DoRzeczy.pl&#8221;<\/a><\/p>\n\n\n\n<p><strong>Dzisiaj przechodz\u0119 na emerytur\u0119. To m\u00f3j &#8222;Koniec&#8221;.<\/strong> <strong>Tak my\u015bl\u0119&#8230; Co robi\u0107 ? <\/strong><\/p>\n\n\n\n<p>Verte &gt;<a href=\"https:\/\/topol.org.pl\/?page_id=6187\">Fundacja Narodowe Si\u0142y Samoobrony \u201eGrot\u201d<\/a><\/p>\n","protected":false},"excerpt":{"rendered":"<p>11.01.2026 09.19 &#8222;Prof. Andrzej Nowak: Czy korona Chrobrego jest symbolem suwerenno\u015bci? \u0179r\u00f3d\u0142o: rp.pl&#8221; &#8222;kontra&#8221; &#8222;M\u0105dro\u015bci wsp\u00f3\u0142czesnych kr\u00f3l\u00f3w, czyli walczymy o&nbsp;r\u00f3\u017cnorodno\u015b\u0107 i&nbsp;klimat a&nbsp;przeciw populizmowi \u0179r\u00f3d\u0142o:&nbsp;DoRzeczy.pl&#8221; Dzisiaj przechodz\u0119 na emerytur\u0119. To m\u00f3j &#8222;Koniec&#8221;. Tak my\u015bl\u0119&#8230; Co robi\u0107 ? Verte &gt;Fundacja Narodowe Si\u0142y Samoobrony \u201eGrot\u201d<\/p>\n","protected":false},"author":1,"featured_media":0,"parent":13456,"menu_order":5,"comment_status":"closed","ping_status":"closed","template":"","meta":{"footnotes":""},"class_list":["post-14055","page","type-page","status-publish","hentry"],"_links":{"self":[{"href":"https:\/\/topol.org.pl\/index.php?rest_route=\/wp\/v2\/pages\/14055","targetHints":{"allow":["GET"]}}],"collection":[{"href":"https:\/\/topol.org.pl\/index.php?rest_route=\/wp\/v2\/pages"}],"about":[{"href":"https:\/\/topol.org.pl\/index.php?rest_route=\/wp\/v2\/types\/page"}],"author":[{"embeddable":true,"href":"https:\/\/topol.org.pl\/index.php?rest_route=\/wp\/v2\/users\/1"}],"replies":[{"embeddable":true,"href":"https:\/\/topol.org.pl\/index.php?rest_route=%2Fwp%2Fv2%2Fcomments&post=14055"}],"version-history":[{"count":15,"href":"https:\/\/topol.org.pl\/index.php?rest_route=\/wp\/v2\/pages\/14055\/revisions"}],"predecessor-version":[{"id":14077,"href":"https:\/\/topol.org.pl\/index.php?rest_route=\/wp\/v2\/pages\/14055\/revisions\/14077"}],"up":[{"embeddable":true,"href":"https:\/\/topol.org.pl\/index.php?rest_route=\/wp\/v2\/pages\/13456"}],"wp:attachment":[{"href":"https:\/\/topol.org.pl\/index.php?rest_route=%2Fwp%2Fv2%2Fmedia&parent=14055"}],"curies":[{"name":"wp","href":"https:\/\/api.w.org\/{rel}","templated":true}]}}