{"id":14089,"date":"2026-01-19T15:41:43","date_gmt":"2026-01-19T14:41:43","guid":{"rendered":"https:\/\/topol.org.pl\/?page_id=14089"},"modified":"2026-01-24T13:41:39","modified_gmt":"2026-01-24T12:41:39","slug":"afp-podaje-ze-do-rady-pokoju-zaproszono-przedstawicieli-niemal-60-krajow","status":"publish","type":"page","link":"https:\/\/topol.org.pl\/?page_id=14089","title":{"rendered":"&#8222;AFP podaje, \u017ce do Rady Pokoju zaproszono przedstawicieli niemal 60 kraj\u00f3w&#8221;"},"content":{"rendered":"\n<p>19.01.2026 15.39 &#8222;AFP podaje, \u017ce do Rady Pokoju zaproszono przedstawicieli niemal 60 kraj\u00f3w&#8221; \u0179r\u00f3d\u0142o: <a href=\"https:\/\/www.rp.pl\/polityka\/art43659551-karol-nawrocki-zaproszony-przez-donalda-trumpa-do-rady-pokoju\">rp.pl<\/a><\/p>\n\n\n\n<p><strong>Dobrze, \u017ce <a href=\"https:\/\/www.google.com\/search?q=Donalda+Trump&amp;oq=&amp;gs_lcrp=EgZjaHJvbWUqCQgAEEUYOxjCAzIJCAAQRRg7GMIDMgkIARBFGDsYwgMyCQgCEEUYOxjCAzIJCAMQRRg7GMIDMgkIBBBFGDsYwgMyCQgFEEUYOxjCAzIJCAYQRRg7GMIDMgkIBxBFGDsYwgPSAQkzNDA4ajBqMTWoAgiwAgE&amp;sourceid=chrome&amp;ie=UTF-8\">Prezydent Donald Trump<\/a> zaprosi\u0142 Prezydenta Karola Nawrockiego.<\/strong> <\/p>\n\n\n\n<p>20.01.2026 21.43 <strong>Powinni\u015bmy przyj\u0105\u0107 zaproszenie, jak odrzucimy b\u0119dzie nas reprezentowa\u0107 Komisja Europejska.<\/strong><\/p>\n\n\n\n<p>23.01.2026 12.45 Przegl\u0105d od AI<\/p>\n\n\n\n<p><strong><a href=\"https:\/\/www.google.com\/search?q=Karta+Rady+Pokoju.+Czy+ogranicza+decyzje+pa%C5%84stw+%3F&amp;sca_esv=cb41a82aee188797&amp;sxsrf=ANbL-n7nsE61kfj_6CCMoGcB6UVLnLMt2w%3A1769168262551&amp;ei=hl1zabGuIdeEwPAPgMjsgAg&amp;ved=0ahUKEwixidmuyaGSAxVXAhAIHQAkG4AQ4dUDCBE&amp;uact=5&amp;oq=Karta+Rady+Pokoju.+Czy+ogranicza+decyzje+pa%C5%84stw+%3F&amp;gs_lp=Egxnd3Mtd2l6LXNlcnAiMkthcnRhIFJhZHkgUG9rb2p1LiBDenkgb2dyYW5pY3phIGRlY3l6amUgcGHFhHN0dyA_MgUQIRigATIFECEYoAEyBRAhGKABSJ-yAlCEGFiyqAJwC3gBkAEAmAGiAaAB0jaqAQQwLjU2uAEDyAEA-AEBmAJDoAKjOMICChAAGEcY1gQYsAPCAgcQIRgKGKABwgIFECEYnwXCAgQQIRgVwgIFEAAY7wXCAggQABiABBiiBJgDAIgGAZAGCJIHBTExLjU2oAe6iQGyBwQwLjU2uAf_N8IHBjAuNjYuMcgHboAIAQ&amp;sclient=gws-wiz-serp\">Kluczowe informacje na temat Karty Rady Pokoju:<\/a><\/strong> Przegl\u0105d od AI<\/p>\n\n\n\n<p><a href=\"https:\/\/www.google.com\/search?q=Jakie+s%C4%85+warunki+przyst%C4%85pienia+do+rady+pokoju&amp;oq=Jakie+s%C4%85+warunki+przyst%C4%85pienia+do+rady+pokoju&amp;gs_lcrp=EgZjaHJvbWUyBggAEEUYOdIBCjIyMDY5ajBqMTWoAgiwAgE&amp;sourceid=chrome&amp;ie=UTF-8\"><strong>Cz\u0142onkostwo w Radzie Pokoju<\/strong><\/a> Przegl\u0105d od AI<\/p>\n\n\n\n<p><strong><a href=\"https:\/\/www.google.com\/search?q=Jakie+s%C4%85+warunki+przyst%C4%85pienia+do+Rady+Pokoju+%3F&amp;sca_esv=cb41a82aee188797&amp;sxsrf=ANbL-n5F3EzQ5Ob6O6LmAF7wqZCPmjX8MQ%3A1769168633337&amp;ei=-V5zadGpFL65wPAPr4n1AQ&amp;ved=0ahUKEwiRisDfyqGSAxW-HBAIHa9EPQAQ4dUDCBE&amp;oq=Jakie+s%C4%85+warunki+przyst%C4%85pienia+do+Rady+Pokoju+%3F&amp;gs_lp=Egxnd3Mtd2l6LXNlcnAiMUpha2llIHPEhSB3YXJ1bmtpIHByenlzdMSFcGllbmlhIGRvIFJhZHkgUG9rb2p1ID8yCBAAGIAEGKIEMgUQABjvBTIIEAAYgAQYogQyBRAAGO8FMgUQABjvBUiSbFC1C1iIWXAFeAGQAQCYAZ8BoAH2BKoBAzAuNbgBDMgBAPgBAZgCCqACnAXCAgoQABhHGNYEGLADmAMAiAYBkAYIkgcDNS41oAftFbIHAzAuNbgHiAXCBwUwLjcuM8gHGoAIAQ&amp;sclient=gws-wiz-serp\">Przyst\u0105pienie do Rady Pokoju<\/a><\/strong> Przegl\u0105d od AI<\/p>\n\n\n\n<p><strong>Po analizie nie powinni\u015bmy podpisywa\u0107 takiej umowy (<strong><a href=\"https:\/\/www.google.com\/search?q=Karta+Rady+Pokoju.+Czy+ogranicza+decyzje+pa%C5%84stw+%3F&amp;sca_esv=cb41a82aee188797&amp;sxsrf=ANbL-n7nsE61kfj_6CCMoGcB6UVLnLMt2w%3A1769168262551&amp;ei=hl1zabGuIdeEwPAPgMjsgAg&amp;ved=0ahUKEwixidmuyaGSAxVXAhAIHQAkG4AQ4dUDCBE&amp;uact=5&amp;oq=Karta+Rady+Pokoju.+Czy+ogranicza+decyzje+pa%C5%84stw+%3F&amp;gs_lp=Egxnd3Mtd2l6LXNlcnAiMkthcnRhIFJhZHkgUG9rb2p1LiBDenkgb2dyYW5pY3phIGRlY3l6amUgcGHFhHN0dyA_MgUQIRigATIFECEYoAEyBRAhGKABSJ-yAlCEGFiyqAJwC3gBkAEAmAGiAaAB0jaqAQQwLjU2uAEDyAEA-AEBmAJDoAKjOMICChAAGEcY1gQYsAPCAgcQIRgKGKABwgIFECEYnwXCAgQQIRgVwgIFEAAY7wXCAggQABiABBiiBJgDAIgGAZAGCJIHBTExLjU2oAe6iQGyBwQwLjU2uAf_N8IHBjAuNjYuMcgHboAIAQ&amp;sclient=gws-wiz-serp\">Karty Rady Pokoju<\/a><\/strong><\/strong>)<strong>. Moim zdaniem, powinni\u015bmy uczestniczy\u0107 w Radzie Pokoju w formie obserwatora dialogu z pa\u0144stwami do tej pory uznawanymi za wrogie np: Rosja i Bia\u0142oru\u015b.<\/strong> <strong>Mo\u017cemy wp\u0142aci\u0107 miliard dolar\u00f3w i uzyska\u0107 sta\u0142e cz\u0142onkostwo, ale pod warunkiem, \u017ce nie ograniczy to naszej suwerenno\u015bci w podejmowaniu decyzji odno\u015bnie naszego pa\u0144stwa.<\/strong> <strong>Chcemy rozmawia\u0107.<\/strong><\/p>\n\n\n\n<p>Z NATO zachowujemy przymierze ale prosimy o wycofanie obcych wojsk za Odr\u0119. Jeste\u015bmy neutralni(pas neutralny, obszar kt\u00f3rego nie obejmuj\u0105 dzia\u0142ania wojenne) i bronimy si\u0119 sami, traktat trzeba ratyfikowa\u0107.<br>Nie nale\u017cymy do organizacji mi\u0119dzynarodowych. ONZ i WHO. Wsp\u00f3\u0142pracujemy z ONZ i uczestniczymy w niekt\u00f3rych dziedzinach jej aktywno\u015bci. Przestrzegamy \u201ePowszechn\u0105 deklaracj\u0119 praw cz\u0142owieka\u201d bo to prawa zwyczajowe. Nie realizujemy Agendy 2030 i cel\u00f3w zr\u00f3wnowa\u017conego rozwoju. Nale\u017cymy do strefy Schengen i Unii, traktat trzeba ratyfikowa\u0107 \u201eale te ich klimaty odpadaj\u0105\u201d. \u0179r\u00f3d\u0142o: <a href=\"https:\/\/topol.org.pl\/?page_id=47\">Fragment<\/a><\/p>\n\n\n\n<p>24.01.2026 13.40 16.06.2024 18.03 Napisa\u0142em&#8230;<a href=\"https:\/\/topol.org.pl\/?page_id=4030\">Rozwi\u0105zaniem. Rozejm na warunkach.<\/a><\/p>\n\n\n\n<p>Na terenach spornych powstanie&nbsp;<a href=\"https:\/\/topol.org.pl\/?page_id=4036\">\u201e<strong>S\u0142owia\u0144ska Scytia Kr\u00f3lewska zwana Ru\u015b Krymska<\/strong>\u201e<\/a>. Teren obj\u0119ty stref\u0105 wolnego przep\u0142ywu towar\u00f3w i us\u0142ug.&nbsp;<a href=\"https:\/\/topol.org.pl\/?page_id=5983\">Druga Siedziba ONZ<\/a>&nbsp;w \u201e<strong><a href=\"https:\/\/pl.wikipedia.org\/wiki\/Chersonez_Taurydzki\">Chersonez Taurydzki<\/a><\/strong>\u201e. Jak Rosja b\u0119dzie \u015bcigana listem go\u0144czym przez MTK to spotkamy si\u0119 w \u201e<a href=\"https:\/\/pl.wikipedia.org\/wiki\/Nowy_Jork\"><strong>Nowy York<\/strong><\/a>\u201e. Jak USA b\u0119dzie \u015bcigane listem go\u0144czym przez MTK to spotkamy si\u0119 w \u201e<strong><a href=\"https:\/\/pl.wikipedia.org\/wiki\/Chersonez_Taurydzki\">Chersonez Taurydzki<\/a><\/strong>\u201e.<\/p>\n\n\n\n<p>Verte &gt;<a href=\"https:\/\/topol.org.pl\/?page_id=6187\">Fundacja Narodowe Si\u0142y Samoobrony \u201eGrot\u201d<\/a><\/p>\n\n\n\n<p><\/p>\n","protected":false},"excerpt":{"rendered":"<p>19.01.2026 15.39 &#8222;AFP podaje, \u017ce do Rady Pokoju zaproszono przedstawicieli niemal 60 kraj\u00f3w&#8221; \u0179r\u00f3d\u0142o: rp.pl Dobrze, \u017ce Prezydent Donald Trump zaprosi\u0142 Prezydenta Karola Nawrockiego. 20.01.2026 21.43 Powinni\u015bmy przyj\u0105\u0107 zaproszenie, jak odrzucimy b\u0119dzie nas reprezentowa\u0107 Komisja Europejska. 23.01.2026 12.45 Przegl\u0105d od AI Kluczowe informacje na temat Karty Rady Pokoju: Przegl\u0105d od AI Cz\u0142onkostwo w Radzie Pokoju [&hellip;]<\/p>\n","protected":false},"author":1,"featured_media":0,"parent":13836,"menu_order":6,"comment_status":"closed","ping_status":"closed","template":"","meta":{"footnotes":""},"class_list":["post-14089","page","type-page","status-publish","hentry"],"_links":{"self":[{"href":"https:\/\/topol.org.pl\/index.php?rest_route=\/wp\/v2\/pages\/14089","targetHints":{"allow":["GET"]}}],"collection":[{"href":"https:\/\/topol.org.pl\/index.php?rest_route=\/wp\/v2\/pages"}],"about":[{"href":"https:\/\/topol.org.pl\/index.php?rest_route=\/wp\/v2\/types\/page"}],"author":[{"embeddable":true,"href":"https:\/\/topol.org.pl\/index.php?rest_route=\/wp\/v2\/users\/1"}],"replies":[{"embeddable":true,"href":"https:\/\/topol.org.pl\/index.php?rest_route=%2Fwp%2Fv2%2Fcomments&post=14089"}],"version-history":[{"count":13,"href":"https:\/\/topol.org.pl\/index.php?rest_route=\/wp\/v2\/pages\/14089\/revisions"}],"predecessor-version":[{"id":14126,"href":"https:\/\/topol.org.pl\/index.php?rest_route=\/wp\/v2\/pages\/14089\/revisions\/14126"}],"up":[{"embeddable":true,"href":"https:\/\/topol.org.pl\/index.php?rest_route=\/wp\/v2\/pages\/13836"}],"wp:attachment":[{"href":"https:\/\/topol.org.pl\/index.php?rest_route=%2Fwp%2Fv2%2Fmedia&parent=14089"}],"curies":[{"name":"wp","href":"https:\/\/api.w.org\/{rel}","templated":true}]}}