{"id":14094,"date":"2026-01-19T16:34:38","date_gmt":"2026-01-19T15:34:38","guid":{"rendered":"https:\/\/topol.org.pl\/?page_id=14094"},"modified":"2026-01-21T12:15:17","modified_gmt":"2026-01-21T11:15:17","slug":"nie-mozna-zmieniac-granic-i-anektowac-na-sile","status":"publish","type":"page","link":"https:\/\/topol.org.pl\/?page_id=14094","title":{"rendered":"Nie mo\u017cna zmienia\u0107 granic i anektowa\u0107 na si\u0142\u0119."},"content":{"rendered":"\n<p>19.01.2026 16.25 <strong>Ze wzgl\u0119du na bezpiecze\u0144stwo i r\u00f3wnowag\u0119 si\u0142 USA musz\u0105 negocjowa\u0107 swoj\u0105 obecno\u015b\u0107 na Grenlandii. Maj\u0105 ju\u017c baz\u0119 wojskow\u0105 a interesy mog\u0105 prowadzi\u0107 z rozmachem. Mo\u017ce niech tylko rozszerz\u0105 swoj\u0105 obecno\u015b\u0107 do innych punkt\u00f3w na mapie Grenlandii bez twardej aneksji.<\/strong> <strong>Z korzy\u015bci\u0105 dla wszystkich.<\/strong> <strong>Ja jestem zwolennikiem walki o swoje granice do ostatniego okupanta.<\/strong> <\/p>\n\n\n\n<p>19.01.2026 18.04 Donald Trump: &#8222;Powiedzia\u0142, \u017ce Grenlandia jest niezb\u0119dna dla ochrony bezpiecze\u0144stwa narodowego USA&#8221;&nbsp; &#8211; &#8222;Bez komentarza&#8221;. \u0179r\u00f3d\u0142o: <a href=\"https:\/\/www.rp.pl\/swiat\/art43657521-wojna-rosji-z-ukraina-dzien-1426#block-id-exv0TGgoHI\">rp.pl<\/a><\/p>\n\n\n\n<p><a href=\"https:\/\/x.com\/marcthiessen\/status\/2013482691396505971\">&#8222;Trump ma racj\u0119 w sprawie Grenlandii i istnieje proste rozwi\u0105zanie, jak wyja\u015bni\u0142em dzi\u015b wieczorem w Specjalnym Raporcie&#8221;<\/a>. <\/p>\n\n\n\n<p>\u0179r\u00f3d\u0142o: Marc Thiessen\/FOX NEWS<\/p>\n\n\n\n<p><a href=\"https:\/\/www.rmf24.pl\/polityka\/news-donald-trump-zamiescil-wpis-oto-przyszlosc-grenlandii,nId,8059166\">&#8222;W przesz\u0142o\u015bci\u00a0Trump wielokrotnie chwali\u0142 publicyst\u0119, kt\u00f3ry by\u0142 jednym z pomys\u0142odawc\u00f3w umowy surowcowej z Ukrain\u0105&#8221;<\/a>.<strong> <\/strong>\u0179r\u00f3d\u0142o: RMF24<a href=\"https:\/\/x.com\/marcthiessen\"><\/a><\/p>\n\n\n\n<p>Verte &gt;<a href=\"https:\/\/topol.org.pl\/?page_id=6187\">Fundacja Narodowe Si\u0142y Samoobrony \u201eGrot\u201d<\/a><\/p>\n\n\n\n<p><\/p>\n","protected":false},"excerpt":{"rendered":"<p>19.01.2026 16.25 Ze wzgl\u0119du na bezpiecze\u0144stwo i r\u00f3wnowag\u0119 si\u0142 USA musz\u0105 negocjowa\u0107 swoj\u0105 obecno\u015b\u0107 na Grenlandii. Maj\u0105 ju\u017c baz\u0119 wojskow\u0105 a interesy mog\u0105 prowadzi\u0107 z rozmachem. Mo\u017ce niech tylko rozszerz\u0105 swoj\u0105 obecno\u015b\u0107 do innych punkt\u00f3w na mapie Grenlandii bez twardej aneksji. Z korzy\u015bci\u0105 dla wszystkich. Ja jestem zwolennikiem walki o swoje granice do ostatniego okupanta. [&hellip;]<\/p>\n","protected":false},"author":1,"featured_media":0,"parent":13456,"menu_order":0,"comment_status":"closed","ping_status":"closed","template":"","meta":{"footnotes":""},"class_list":["post-14094","page","type-page","status-publish","hentry"],"_links":{"self":[{"href":"https:\/\/topol.org.pl\/index.php?rest_route=\/wp\/v2\/pages\/14094","targetHints":{"allow":["GET"]}}],"collection":[{"href":"https:\/\/topol.org.pl\/index.php?rest_route=\/wp\/v2\/pages"}],"about":[{"href":"https:\/\/topol.org.pl\/index.php?rest_route=\/wp\/v2\/types\/page"}],"author":[{"embeddable":true,"href":"https:\/\/topol.org.pl\/index.php?rest_route=\/wp\/v2\/users\/1"}],"replies":[{"embeddable":true,"href":"https:\/\/topol.org.pl\/index.php?rest_route=%2Fwp%2Fv2%2Fcomments&post=14094"}],"version-history":[{"count":6,"href":"https:\/\/topol.org.pl\/index.php?rest_route=\/wp\/v2\/pages\/14094\/revisions"}],"predecessor-version":[{"id":14106,"href":"https:\/\/topol.org.pl\/index.php?rest_route=\/wp\/v2\/pages\/14094\/revisions\/14106"}],"up":[{"embeddable":true,"href":"https:\/\/topol.org.pl\/index.php?rest_route=\/wp\/v2\/pages\/13456"}],"wp:attachment":[{"href":"https:\/\/topol.org.pl\/index.php?rest_route=%2Fwp%2Fv2%2Fmedia&parent=14094"}],"curies":[{"name":"wp","href":"https:\/\/api.w.org\/{rel}","templated":true}]}}