{"id":14128,"date":"2026-01-27T20:07:36","date_gmt":"2026-01-27T19:07:36","guid":{"rendered":"https:\/\/topol.org.pl\/?page_id=14128"},"modified":"2026-01-29T15:28:10","modified_gmt":"2026-01-29T14:28:10","slug":"81-rocznica-wyzwolenia-auschwitz-birkenau-niemiecki-oboz-koncentracyjny-i-zaglady-1940-1945","status":"publish","type":"page","link":"https:\/\/topol.org.pl\/?page_id=14128","title":{"rendered":"81. rocznica wyzwolenia Auschwitz-Birkenau. Niemiecki ob\u00f3z koncentracyjny i Zag\u0142ady (1940\u20131945)"},"content":{"rendered":"\n<p>27.01.2026 <strong>81. rocznica wyzwolenia Auschwitz-Birkenau. Niemiecki ob\u00f3z koncentracyjny i Zag\u0142ady (1940\u20131945)<\/strong><\/p>\n\n\n\n<p><a href=\"https:\/\/pl.wikipedia.org\/wiki\/Mi%C4%99dzynarodowy_Dzie%C5%84_Pami%C4%99ci_o_Ofiarach_Holokaustu\">Mi\u0119dzynarodowy Dzie\u0144 Pami\u0119ci Ofiar Holokaustu<\/a><\/p>\n\n\n\n<p>Verte &gt;<a href=\"https:\/\/topol.org.pl\/?page_id=6187\">Fundacja Narodowe Si\u0142y Samoobrony \u201eGrot\u201d<\/a><\/p>\n","protected":false},"excerpt":{"rendered":"<p>27.01.2026 81. rocznica wyzwolenia Auschwitz-Birkenau. Niemiecki ob\u00f3z koncentracyjny i Zag\u0142ady (1940\u20131945) Mi\u0119dzynarodowy Dzie\u0144 Pami\u0119ci Ofiar Holokaustu Verte &gt;Fundacja Narodowe Si\u0142y Samoobrony \u201eGrot\u201d<\/p>\n","protected":false},"author":1,"featured_media":0,"parent":9055,"menu_order":4,"comment_status":"closed","ping_status":"closed","template":"","meta":{"footnotes":""},"class_list":["post-14128","page","type-page","status-publish","hentry"],"_links":{"self":[{"href":"https:\/\/topol.org.pl\/index.php?rest_route=\/wp\/v2\/pages\/14128","targetHints":{"allow":["GET"]}}],"collection":[{"href":"https:\/\/topol.org.pl\/index.php?rest_route=\/wp\/v2\/pages"}],"about":[{"href":"https:\/\/topol.org.pl\/index.php?rest_route=\/wp\/v2\/types\/page"}],"author":[{"embeddable":true,"href":"https:\/\/topol.org.pl\/index.php?rest_route=\/wp\/v2\/users\/1"}],"replies":[{"embeddable":true,"href":"https:\/\/topol.org.pl\/index.php?rest_route=%2Fwp%2Fv2%2Fcomments&post=14128"}],"version-history":[{"count":8,"href":"https:\/\/topol.org.pl\/index.php?rest_route=\/wp\/v2\/pages\/14128\/revisions"}],"predecessor-version":[{"id":14136,"href":"https:\/\/topol.org.pl\/index.php?rest_route=\/wp\/v2\/pages\/14128\/revisions\/14136"}],"up":[{"embeddable":true,"href":"https:\/\/topol.org.pl\/index.php?rest_route=\/wp\/v2\/pages\/9055"}],"wp:attachment":[{"href":"https:\/\/topol.org.pl\/index.php?rest_route=%2Fwp%2Fv2%2Fmedia&parent=14128"}],"curies":[{"name":"wp","href":"https:\/\/api.w.org\/{rel}","templated":true}]}}