{"id":14150,"date":"2026-02-02T20:21:11","date_gmt":"2026-02-02T19:21:11","guid":{"rendered":"https:\/\/topol.org.pl\/?page_id=14150"},"modified":"2026-02-02T20:22:16","modified_gmt":"2026-02-02T19:22:16","slug":"e-ksef","status":"publish","type":"page","link":"https:\/\/topol.org.pl\/?page_id=14150","title":{"rendered":"e-KSeF"},"content":{"rendered":"\n<p>02.02.2026 20.14 <strong>Zalogowa\u0142em si\u0119 do systemu, wygenerowa\u0142em klucz prywatny, skonfigurowa\u0142em certyfikat KSF i zainstalowa\u0142em w swoim programie ksi\u0119gowym InsertGT. Dzia\u0142a ale nie wiem po co te udogodnienia.<\/strong><\/p>\n\n\n\n<p>Verte ><a href=\"https:\/\/topol.org.pl\/?page_id=6187\">Fundacja Narodowe Si\u0142y Samoobrony \u201eGrot\u201d<\/a><\/p>\n\n\n\n<p><\/p>\n","protected":false},"excerpt":{"rendered":"<p>02.02.2026 20.14 Zalogowa\u0142em si\u0119 do systemu, wygenerowa\u0142em klucz prywatny, skonfigurowa\u0142em certyfikat KSF i zainstalowa\u0142em w swoim programie ksi\u0119gowym InsertGT. Dzia\u0142a ale nie wiem po co te udogodnienia. Verte >Fundacja Narodowe Si\u0142y Samoobrony \u201eGrot\u201d<\/p>\n","protected":false},"author":1,"featured_media":0,"parent":13840,"menu_order":4,"comment_status":"closed","ping_status":"closed","template":"","meta":{"footnotes":""},"class_list":["post-14150","page","type-page","status-publish","hentry"],"_links":{"self":[{"href":"https:\/\/topol.org.pl\/index.php?rest_route=\/wp\/v2\/pages\/14150","targetHints":{"allow":["GET"]}}],"collection":[{"href":"https:\/\/topol.org.pl\/index.php?rest_route=\/wp\/v2\/pages"}],"about":[{"href":"https:\/\/topol.org.pl\/index.php?rest_route=\/wp\/v2\/types\/page"}],"author":[{"embeddable":true,"href":"https:\/\/topol.org.pl\/index.php?rest_route=\/wp\/v2\/users\/1"}],"replies":[{"embeddable":true,"href":"https:\/\/topol.org.pl\/index.php?rest_route=%2Fwp%2Fv2%2Fcomments&post=14150"}],"version-history":[{"count":1,"href":"https:\/\/topol.org.pl\/index.php?rest_route=\/wp\/v2\/pages\/14150\/revisions"}],"predecessor-version":[{"id":14151,"href":"https:\/\/topol.org.pl\/index.php?rest_route=\/wp\/v2\/pages\/14150\/revisions\/14151"}],"up":[{"embeddable":true,"href":"https:\/\/topol.org.pl\/index.php?rest_route=\/wp\/v2\/pages\/13840"}],"wp:attachment":[{"href":"https:\/\/topol.org.pl\/index.php?rest_route=%2Fwp%2Fv2%2Fmedia&parent=14150"}],"curies":[{"name":"wp","href":"https:\/\/api.w.org\/{rel}","templated":true}]}}