{"id":14154,"date":"2026-02-04T13:08:53","date_gmt":"2026-02-04T12:08:53","guid":{"rendered":"https:\/\/topol.org.pl\/?page_id=14154"},"modified":"2026-02-04T18:37:02","modified_gmt":"2026-02-04T17:37:02","slug":"czemu-ma-to-sluzyc","status":"publish","type":"page","link":"https:\/\/topol.org.pl\/?page_id=14154","title":{"rendered":"Czemu ma to s\u0142u\u017cy\u0107 ?"},"content":{"rendered":"\n<p>04.02.2026 12.59 <strong>Czemu ma s\u0142u\u017cy\u0107 badanie strat wojennych i zysk\u00f3w odno\u015bnie Ziem Zachodnich, \u015al\u0105ska i Mazur w kontrze do ziem Ukrainy, Bia\u0142orusi i Litwy. Nie starajmy si\u0119 o prowokacj\u0119 rz\u0105d&#8230;a\u0144 (\u017c\u0105da\u0144) rewizjonist\u00f3w. Ukaza\u0142 si\u0119 prowokacyjny artyku\u0142 w <a href=\"https:\/\/www.rp.pl\/opinie-polityczno-spoleczne\/art43744461-jacek-czaputowicz-straty-i-zyski-wojenne-polski\">rp.pl<\/a> Powinny si\u0119 tym zaj\u0105\u0107 S\u0142u\u017cby Ochrony Pa\u0144stwa, Premier, Prezydent i Sejm.<\/strong> <strong>W\u0142a\u015bciwie wyt\u0142umaczcie si\u0119 publicznie o co chodzi, mo\u017cemy straci\u0107 Polsk\u0119.<\/strong> <strong>Mamy najlepsze granice od panowania Boles\u0142awa Chrobrego.<\/strong><\/p>\n\n\n\n<p>Verte &gt;<a href=\"https:\/\/topol.org.pl\/?page_id=6187\">Fundacja Narodowe Si\u0142y Samoobrony \u201eGrot\u201d<\/a><\/p>\n\n\n\n<p><\/p>\n","protected":false},"excerpt":{"rendered":"<p>04.02.2026 12.59 Czemu ma s\u0142u\u017cy\u0107 badanie strat wojennych i zysk\u00f3w odno\u015bnie Ziem Zachodnich, \u015al\u0105ska i Mazur w kontrze do ziem Ukrainy, Bia\u0142orusi i Litwy. Nie starajmy si\u0119 o prowokacj\u0119 rz\u0105d&#8230;a\u0144 (\u017c\u0105da\u0144) rewizjonist\u00f3w. Ukaza\u0142 si\u0119 prowokacyjny artyku\u0142 w rp.pl Powinny si\u0119 tym zaj\u0105\u0107 S\u0142u\u017cby Ochrony Pa\u0144stwa, Premier, Prezydent i Sejm. W\u0142a\u015bciwie wyt\u0142umaczcie si\u0119 publicznie o co [&hellip;]<\/p>\n","protected":false},"author":1,"featured_media":0,"parent":13701,"menu_order":9,"comment_status":"closed","ping_status":"closed","template":"","meta":{"footnotes":""},"class_list":["post-14154","page","type-page","status-publish","hentry"],"_links":{"self":[{"href":"https:\/\/topol.org.pl\/index.php?rest_route=\/wp\/v2\/pages\/14154","targetHints":{"allow":["GET"]}}],"collection":[{"href":"https:\/\/topol.org.pl\/index.php?rest_route=\/wp\/v2\/pages"}],"about":[{"href":"https:\/\/topol.org.pl\/index.php?rest_route=\/wp\/v2\/types\/page"}],"author":[{"embeddable":true,"href":"https:\/\/topol.org.pl\/index.php?rest_route=\/wp\/v2\/users\/1"}],"replies":[{"embeddable":true,"href":"https:\/\/topol.org.pl\/index.php?rest_route=%2Fwp%2Fv2%2Fcomments&post=14154"}],"version-history":[{"count":16,"href":"https:\/\/topol.org.pl\/index.php?rest_route=\/wp\/v2\/pages\/14154\/revisions"}],"predecessor-version":[{"id":14175,"href":"https:\/\/topol.org.pl\/index.php?rest_route=\/wp\/v2\/pages\/14154\/revisions\/14175"}],"up":[{"embeddable":true,"href":"https:\/\/topol.org.pl\/index.php?rest_route=\/wp\/v2\/pages\/13701"}],"wp:attachment":[{"href":"https:\/\/topol.org.pl\/index.php?rest_route=%2Fwp%2Fv2%2Fmedia&parent=14154"}],"curies":[{"name":"wp","href":"https:\/\/api.w.org\/{rel}","templated":true}]}}