{"id":14176,"date":"2026-02-06T09:04:38","date_gmt":"2026-02-06T08:04:38","guid":{"rendered":"https:\/\/topol.org.pl\/?page_id=14176"},"modified":"2026-03-10T20:33:58","modified_gmt":"2026-03-10T19:33:58","slug":"zycie-w-chmurze","status":"publish","type":"page","link":"https:\/\/topol.org.pl\/?page_id=14176","title":{"rendered":"\u017bycie w chmurze"},"content":{"rendered":"\n<p>06.02.2026 08.47 \u017bycie w chmurze<\/p>\n\n\n\n<p><a href=\"https:\/\/www.google.com\/search?q=Krajowym+Systemie+Cyberbezpiecze%C5%84stwa+(KSC)&amp;oq=Krajowym+Systemie+Cyberbezpiecze%C5%84stwa+(KSC)&amp;gs_lcrp=EgZjaHJvbWUyBggAEEUYOdIBCTM3MjNqMGoxNagCCLACAQ&amp;sourceid=chrome&amp;ie=UTF-8\">Krajowym Systemie Cyberbezpiecze\u0144stwa (KSC)<\/a><\/p>\n\n\n\n<p><a href=\"https:\/\/www.google.com\/search?q=Sektor+ICT&amp;sca_esv=ddb7776553fb21fe&amp;sxsrf=ANbL-n5atj3Vj4WFWds8GrSRdxqmy9Ffvg%3A1770364169333&amp;ei=CZ2FaaOHFK6ri-gPgLmuuQk&amp;biw=1536&amp;bih=703&amp;ved=0ahUKEwjjr767sMSSAxWu1QIHHYCcK5cQ4dUDCBM&amp;oq=Sektor+ICT&amp;gs_lp=Egxnd3Mtd2l6LXNlcnAiClNla3RvciBJQ1QyBRAAGIAEMgUQABiABDIGEAAYFhgeMgYQABgWGB4yBhAAGBYYHjIGEAAYFhgeMgYQABgWGB4yBhAAGBYYHjIGEAAYFhgeMgYQABgWGB5IvhRQAFgAcAB4AZABAJgBWqABWqoBATG4AQzIAQD4AQL4AQGYAgGgAmOYAwCSBwExoAeoBrIHATG4B2PCBwMyLTHIBweACAE&amp;sclient=gws-wiz-serp\">Sektor ICT<\/a><\/p>\n\n\n\n<p><strong>Musimy z chmur zej\u015b\u0107 na ziemi\u0119. W przeciwnym razie, \u017ceby sprzeda\u0107 cokolwiek b\u0119dziemy musieli siedzie\u0107 w chmurze Microsoftu i klika\u0107 w klawiatur\u0119 na programach zainstalowanych u firm kontroluj\u0105cych <a href=\"https:\/\/www.google.com\/search?q=cyber+bezpiecze%C5%84stwo&amp;sourceid=chrome&amp;ie=UTF-8\">Cyberbezpiecze\u0144stwo<\/a>. Przypomina mi to destrukcj\u0119 na niebie wywo\u0142an\u0105 przez opryski &#8222;kondensacyjne&#8221; <a href=\"https:\/\/www.google.com\/search?q=Chemitrals&amp;oq=Chemitrals&amp;gs_lcrp=EgZjaHJvbWUyBggAEEUYOdIBCTI2MDZqMGoxNagCCLACAQ&amp;sourceid=chrome&amp;ie=UTF-8\">Chemitrails<\/a>.<\/strong> <strong>Jak to zrobi\u0107 ? Powr\u00f3ci\u0107 do przesz\u0142o\u015bci.<\/strong> <strong>Nie nosi\u0107 g\u0142owy w chmurze, tylko uczy\u0107 dzieci kaligrafii, matematyki i liczenia w pami\u0119ci.<\/strong><\/p>\n\n\n\n<p>26.02.2026 15.42 <a href=\"https:\/\/www.google.com\/search?q=Data+Center&amp;oq=Data+Center&amp;gs_lcrp=EgZjaHJvbWUyBggAEEUYOdIBCTk4NjZqMGoxNagCCLACAQ&amp;sourceid=chrome&amp;ie=UTF-8\">Centrum danych (ang.&nbsp;<strong>data center<\/strong>)<\/a> \u0179r\u00f3d\u0142o: Google<\/p>\n\n\n\n<p><strong>Ciekaw jestem gdzie s\u0105 przechowywane dane z ZUS lub e-KSF. Wszystko jest kontrolowane przez najwi\u0119ksze firmy, dlatego one wprowadzaj\u0105 coraz to nowsze innowacje. Na przyk\u0142ad rejestr ps\u00f3w i kot\u00f3w. Je\u015bli my nie jeste\u015bmy z Mikroczipem to nasz pies, towarzysz w \u017cyciu ma znami\u0119 na swoim ciele. Ostatnio od 23.02.2026 zosta\u0142 narzucony nowy PORTAL w ZUS (PUE ZUS zmienia si\u0119 w eZUS). Trzeba si\u0119 znowu uczy\u0107 obs\u0142ugi, zysk dla producenta oprogramowania strata dla firm korzystaj\u0105cych z programu. Nie trzeba wywiadu gospodarczego wszystko podajemy na tacy. Nasza beztroska nie zna granic. Dlatego Chiny i Rosja tworz\u0105 Internet oddzielony od globalnej sieci. Te\u017c jako pa\u0144stwo kt\u00f3re aspiruje do suwerenno\u015bci powinni\u015bmy mie\u0107 Internet oddzielony od globalnej sieci przynajmniej w ramach instytucji centralnych i samorz\u0105dowych. W przeciwnym razie wraz z rozwojem sztucznej inteligencji b\u0119dziemy bezradni w globalnej rywalizacji. M\u00f3wi\u0105, \u017ce AI widzi wszystkie has\u0142a. Wszystko mo\u017cna wykra\u015b\u0107 a nas zniewoli\u0107 nakazami od globalist\u00f3w. Ma\u0142o brakowa\u0142o a ca\u0142a planeta dosta\u0142aby szczepionk\u0119 na COVID-19. Cyberbezpiecze\u0144stwo jest bardzo kosztowne. Trzeba oddzieli\u0107 przynajmniej infrastruktur\u0119 krytyczn\u0105. W niej korzysta\u0107 z poczty chronionej na Gov.pl. Logowa\u0107 si\u0119 przy pomocy has\u0142a z certyfikatem. A w przypadku w\u0142amania to has\u0142o powinno mie\u0107 bezpiecznik wy\u0142\u0105czaj\u0105cy system. System serwer\u00f3w powinien by\u0107 rozproszony po ca\u0142ej Polsce. Teraz patrzy\u0142em na dost\u0119p do serwer\u00f3w dla firmy. S\u0105 dost\u0119pne w USA, Austrii, Niemczech. W Polsce te\u017c, ale du\u017co dro\u017cej.<\/strong><\/p>\n\n\n\n<p>10.03.2026 10.08 <a href=\"https:\/\/rozrywka.dorzeczy.pl\/film-i-telewizja\/857299\/skarga-do-krrit-na-material-tvp-dziennikarka-promowanie-big-techow.html\">Burza po&nbsp;materiale TVP. Dziennikarka sk\u0142ada skarg\u0119 do&nbsp;KRRiT<\/a> \u0179r\u00f3d\u0142o:&nbsp;Wirtualne Media\/DoRzeczy.pl<\/p>\n\n\n\n<p>10.03.2026 20.32 <a href=\"https:\/\/www.youtube.com\/watch?v=1pOfbCQ9b4U\">60 mld z\u0142 rocznie wyp\u0142ywa z Polski! POLSKA TRACI SUWERENNO\u015a\u0106 CYFROW\u0104! Odwr\u00f3cimy si\u0119 od USA i Chin?<\/a> \u0179r\u00f3d\u0142o: Radio WNET<\/p>\n\n\n\n<p>Verte &gt;<a href=\"https:\/\/topol.org.pl\/?page_id=6187\">Fundacja Narodowe Si\u0142y Samoobrony \u201eGrot\u201d<\/a><\/p>\n\n\n\n<p><\/p>\n","protected":false},"excerpt":{"rendered":"<p>06.02.2026 08.47 \u017bycie w chmurze Krajowym Systemie Cyberbezpiecze\u0144stwa (KSC) Sektor ICT Musimy z chmur zej\u015b\u0107 na ziemi\u0119. W przeciwnym razie, \u017ceby sprzeda\u0107 cokolwiek b\u0119dziemy musieli siedzie\u0107 w chmurze Microsoftu i klika\u0107 w klawiatur\u0119 na programach zainstalowanych u firm kontroluj\u0105cych Cyberbezpiecze\u0144stwo. Przypomina mi to destrukcj\u0119 na niebie wywo\u0142an\u0105 przez opryski &#8222;kondensacyjne&#8221; Chemitrails. Jak to zrobi\u0107 ? [&hellip;]<\/p>\n","protected":false},"author":1,"featured_media":0,"parent":13836,"menu_order":7,"comment_status":"closed","ping_status":"closed","template":"","meta":{"footnotes":""},"class_list":["post-14176","page","type-page","status-publish","hentry"],"_links":{"self":[{"href":"https:\/\/topol.org.pl\/index.php?rest_route=\/wp\/v2\/pages\/14176","targetHints":{"allow":["GET"]}}],"collection":[{"href":"https:\/\/topol.org.pl\/index.php?rest_route=\/wp\/v2\/pages"}],"about":[{"href":"https:\/\/topol.org.pl\/index.php?rest_route=\/wp\/v2\/types\/page"}],"author":[{"embeddable":true,"href":"https:\/\/topol.org.pl\/index.php?rest_route=\/wp\/v2\/users\/1"}],"replies":[{"embeddable":true,"href":"https:\/\/topol.org.pl\/index.php?rest_route=%2Fwp%2Fv2%2Fcomments&post=14176"}],"version-history":[{"count":6,"href":"https:\/\/topol.org.pl\/index.php?rest_route=\/wp\/v2\/pages\/14176\/revisions"}],"predecessor-version":[{"id":14403,"href":"https:\/\/topol.org.pl\/index.php?rest_route=\/wp\/v2\/pages\/14176\/revisions\/14403"}],"up":[{"embeddable":true,"href":"https:\/\/topol.org.pl\/index.php?rest_route=\/wp\/v2\/pages\/13836"}],"wp:attachment":[{"href":"https:\/\/topol.org.pl\/index.php?rest_route=%2Fwp%2Fv2%2Fmedia&parent=14176"}],"curies":[{"name":"wp","href":"https:\/\/api.w.org\/{rel}","templated":true}]}}