{"id":14178,"date":"2026-02-06T15:36:08","date_gmt":"2026-02-06T14:36:08","guid":{"rendered":"https:\/\/topol.org.pl\/?page_id=14178"},"modified":"2026-02-06T16:05:50","modified_gmt":"2026-02-06T15:05:50","slug":"wniosek-mojej-fundacji","status":"publish","type":"page","link":"https:\/\/topol.org.pl\/?page_id=14178","title":{"rendered":"Wniosek mojej fundacji"},"content":{"rendered":"\n<p>06.02.2026 15.08 <strong>Wnosz\u0119 o uwzgl\u0119dnienie mojej pro\u015bby.  <a href=\"https:\/\/www.google.com\/search?q=Prezydent+Donald+Trump&amp;oq=Prezydent+Donald+Trump&amp;gs_lcrp=EgZjaHJvbWUyBggAEEUYOTIGCAEQRRhBMgYIAhBFGEHSAQkyMjYyajBqMTWoAgiwAgE&amp;sourceid=chrome&amp;ie=UTF-8\">Prezydent Donald Trump<\/a> zas\u0142uguje na <a href=\"https:\/\/www.google.com\/search?q=Pokojow%C4%85+Nagrod%C4%99+Nobla&amp;oq=Pokojow%C4%85+Nagrod%C4%99+Nobla&amp;gs_lcrp=EgZjaHJvbWUyBggAEEUYOdIBCTIxNjVqMGoxNagCCLACAQ&amp;sourceid=chrome&amp;ie=UTF-8\">Pokojow\u0105 Nagrod\u0119 Nobla<\/a>, poniewa\u017c nie dopu\u015bci\u0142 do rozprzestrzenienia wojny na teren Rzeczpospolitej Polskiej. Za co jestem wdzi\u0119czny.<\/strong> <strong>Traktuj\u0119 starania o Grenlandi\u0119 jako uzasadnione ze wzgl\u0119d\u00f3w bezpiecze\u0144stwa. P\u00f3\u0142kula zachodnia to domena USA. Ogl\u0105da\u0142em w urywkach KINGS. Promuj\u0105 \u015bcis\u0142y zwi\u0105zek z Chinami i scalenie Eurazji. Zwi\u0105zek z Chinami to podporz\u0105dkowanie inwigilacji, dominacji i ubezw\u0142asnowolnienie biznesu. B\u0119dziemy tylko odbiorc\u0105 na nasz rynek. Zamykamy ostatnie kopalnie w\u0119gla oni co tydzie\u0144 otwieraj\u0105 now\u0105. Maj\u0105 energi\u0119 odnawialn\u0105 w po\u0142\u0105czeniu <a href=\"https:\/\/www.google.com\/search?q=dywersyfikuj%C4%85&amp;oq=dywersyfikuj%C4%85&amp;gs_lcrp=EgZjaHJvbWUyBggAEEUYOdIBCTIzOTNqMGoxNagCCLACAQ&amp;sourceid=chrome&amp;ie=UTF-8\">dywersyfikuj\u0105<\/a> dostawy z r\u00f3\u017cnych \u017ar\u00f3de\u0142. Dlatego maj\u0105 tani pr\u0105d. Nie maj\u0105 zasad rynkowych tylko dost\u0119p do preferowanych kredyt\u00f3w dla swoich firm. Jeste\u015bmy bez szans. Poza tym stracimy ca\u0142kowicie suwerenno\u015b\u0107.<\/strong> <strong>Jestem za wsp\u00f3\u0142prac\u0105 z USA. Powinni\u015bmy przyst\u0105pi\u0107 do Rady Pokoju na naszych zasadach. Czyli wp\u0142aci\u0107 1 miliard, uzyskuj\u0105c sta\u0142y dost\u0119p do organizacji ale bez podpisu zobowi\u0105za\u0144. Jako obserwator w formie doradczej.<\/strong><\/p>\n\n\n\n<p>Verte &gt;<a href=\"https:\/\/topol.org.pl\/?page_id=6187\">Fundacja Narodowe Si\u0142y Samoobrony \u201eGrot\u201d<\/a><\/p>\n\n\n\n<h6 class=\"wp-block-heading\"><\/h6>\n","protected":false},"excerpt":{"rendered":"<p>06.02.2026 15.08 Wnosz\u0119 o uwzgl\u0119dnienie mojej pro\u015bby. Prezydent Donald Trump zas\u0142uguje na Pokojow\u0105 Nagrod\u0119 Nobla, poniewa\u017c nie dopu\u015bci\u0142 do rozprzestrzenienia wojny na teren Rzeczpospolitej Polskiej. Za co jestem wdzi\u0119czny. Traktuj\u0119 starania o Grenlandi\u0119 jako uzasadnione ze wzgl\u0119d\u00f3w bezpiecze\u0144stwa. P\u00f3\u0142kula zachodnia to domena USA. Ogl\u0105da\u0142em w urywkach KINGS. Promuj\u0105 \u015bcis\u0142y zwi\u0105zek z Chinami i scalenie Eurazji. [&hellip;]<\/p>\n","protected":false},"author":1,"featured_media":0,"parent":13701,"menu_order":10,"comment_status":"closed","ping_status":"closed","template":"","meta":{"footnotes":""},"class_list":["post-14178","page","type-page","status-publish","hentry"],"_links":{"self":[{"href":"https:\/\/topol.org.pl\/index.php?rest_route=\/wp\/v2\/pages\/14178","targetHints":{"allow":["GET"]}}],"collection":[{"href":"https:\/\/topol.org.pl\/index.php?rest_route=\/wp\/v2\/pages"}],"about":[{"href":"https:\/\/topol.org.pl\/index.php?rest_route=\/wp\/v2\/types\/page"}],"author":[{"embeddable":true,"href":"https:\/\/topol.org.pl\/index.php?rest_route=\/wp\/v2\/users\/1"}],"replies":[{"embeddable":true,"href":"https:\/\/topol.org.pl\/index.php?rest_route=%2Fwp%2Fv2%2Fcomments&post=14178"}],"version-history":[{"count":2,"href":"https:\/\/topol.org.pl\/index.php?rest_route=\/wp\/v2\/pages\/14178\/revisions"}],"predecessor-version":[{"id":14180,"href":"https:\/\/topol.org.pl\/index.php?rest_route=\/wp\/v2\/pages\/14178\/revisions\/14180"}],"up":[{"embeddable":true,"href":"https:\/\/topol.org.pl\/index.php?rest_route=\/wp\/v2\/pages\/13701"}],"wp:attachment":[{"href":"https:\/\/topol.org.pl\/index.php?rest_route=%2Fwp%2Fv2%2Fmedia&parent=14178"}],"curies":[{"name":"wp","href":"https:\/\/api.w.org\/{rel}","templated":true}]}}