{"id":14182,"date":"2026-02-07T14:09:08","date_gmt":"2026-02-07T13:09:08","guid":{"rendered":"https:\/\/topol.org.pl\/?page_id=14182"},"modified":"2026-02-11T12:33:22","modified_gmt":"2026-02-11T11:33:22","slug":"gateway-tunnel","status":"publish","type":"page","link":"https:\/\/topol.org.pl\/?page_id=14182","title":{"rendered":"&#8222;Gateway Tunnel&#8221;"},"content":{"rendered":"\n<p>07.02.2026 13.58 Tunel bramkowy &#8222;ma za zadanie budowa\u0107 atmosfer\u0119&#8230;&#8221;. Przegl\u0105d od AI<\/p>\n\n\n\n<p><strong>&#8222;Gateway Tunnel&#8221; <strong>nazwany na cze\u015b\u0107<\/strong> <a href=\"https:\/\/www.google.com\/search?q=Donalda+Trumpa&amp;oq=Donalda+Trumpa&amp;gs_lcrp=EgZjaHJvbWUyBggAEEUYOTIGCAEQRRhBMgYIAhBFGEEyBggDEEUYQdIBCTMzMzhqMGoxNagCCLACAQ&amp;sourceid=chrome&amp;ie=UTF-8\">prezydenta Donalda Trumpa<\/a>.<\/strong><\/p>\n\n\n\n<p><a href=\"https:\/\/www.google.com\/search?q=Tunel+bramkowy+%E2%80%9Ema+za+zadanie+budowa%C4%87+atmosfer%C4%99+i+wywiera%C4%87+presj%C4%99+psychologiczn%C4%85+na+dru%C5%BCynie+przeciwnej%E2%80%9D&amp;oq=Tunel+bramkowy+%E2%80%9Ema+za+zadanie+budowa%C4%87+atmosfer%C4%99+i+wywiera%C4%87+presj%C4%99+psychologiczn%C4%85+na+dru%C5%BCynie+przeciwnej%E2%80%9D&amp;gs_lcrp=EgZjaHJvbWUyBggAEEUYOdIBCTU1NzRqMGoxNagCCLACAQ&amp;sourceid=chrome&amp;ie=UTF-8\">Przegl\u0105d od AI<\/a><\/p>\n\n\n\n<p>Tunel bramkowy (lub szpaler honorowy), tworzony przez dru\u017cyn\u0119 przed rozpocz\u0119ciem meczu, ma na celu symboliczne powitanie lub uhonorowanie dru\u017cyny przeciwnej, s\u0119dzi\u00f3w lub go\u015bci specjalnych, a jego g\u0142\u00f3wnym zadaniem jest budowanie pozytywnej atmosfery i okazanie szacunku [1]. Nie s\u0142u\u017cy on do wywierania presji psychologicznej.<\/p>\n\n\n\n<p>Funkcja tunelu jest zakorzeniona w tradycji sportowej, promuj\u0105c:<\/p>\n\n\n\n<ul class=\"wp-block-list\">\n<li><strong>Sportow\u0105 rywalizacj\u0119 i etyk\u0119 (fair play)<\/strong>&nbsp;\u2013 jest to gest uprzejmo\u015bci i docenienia rywali, co sprzyja budowaniu dobrych relacji mi\u0119dzy zespo\u0142ami [1].<\/li>\n\n\n\n<li><strong>Uroczysty charakter wydarzenia<\/strong>&nbsp;\u2013 element ten dodaje podnios\u0142o\u015bci i formalno\u015bci wej\u015bciu zawodnik\u00f3w na boisko.<\/li>\n\n\n\n<li><strong>Jedno\u015b\u0107 i szacunek<\/strong>&nbsp;\u2013 to wyra\u017any sygna\u0142, \u017ce pomimo zaci\u0119tej rywalizacji, istnieje wzajemny szacunek i wsp\u00f3lnota warto\u015bci sportowych [1].<\/li>\n<\/ul>\n\n\n\n<p>W przeciwie\u0144stwie do taktyk maj\u0105cych na celu zastraszenie lub dekoncentracj\u0119 przeciwnika (np. g\u0142o\u015bne okrzyki, &#8222;trash talk&#8221;), tunel bramkowy jest przyk\u0142adem zachowania, kt\u00f3re podkre\u015bla pozytywne aspekty rywalizacji.<\/p>\n\n\n\n<p>Verte &gt;<a href=\"https:\/\/topol.org.pl\/?page_id=6187\">Fundacja Narodowe Si\u0142y Samoobrony \u201eGrot\u201d<\/a><\/p>\n\n\n\n<p><\/p>\n","protected":false},"excerpt":{"rendered":"<p>07.02.2026 13.58 Tunel bramkowy &#8222;ma za zadanie budowa\u0107 atmosfer\u0119&#8230;&#8221;. Przegl\u0105d od AI &#8222;Gateway Tunnel&#8221; nazwany na cze\u015b\u0107 prezydenta Donalda Trumpa. Przegl\u0105d od AI Tunel bramkowy (lub szpaler honorowy), tworzony przez dru\u017cyn\u0119 przed rozpocz\u0119ciem meczu, ma na celu symboliczne powitanie lub uhonorowanie dru\u017cyny przeciwnej, s\u0119dzi\u00f3w lub go\u015bci specjalnych, a jego g\u0142\u00f3wnym zadaniem jest budowanie pozytywnej atmosfery [&hellip;]<\/p>\n","protected":false},"author":1,"featured_media":0,"parent":13597,"menu_order":0,"comment_status":"closed","ping_status":"closed","template":"","meta":{"footnotes":""},"class_list":["post-14182","page","type-page","status-publish","hentry"],"_links":{"self":[{"href":"https:\/\/topol.org.pl\/index.php?rest_route=\/wp\/v2\/pages\/14182","targetHints":{"allow":["GET"]}}],"collection":[{"href":"https:\/\/topol.org.pl\/index.php?rest_route=\/wp\/v2\/pages"}],"about":[{"href":"https:\/\/topol.org.pl\/index.php?rest_route=\/wp\/v2\/types\/page"}],"author":[{"embeddable":true,"href":"https:\/\/topol.org.pl\/index.php?rest_route=\/wp\/v2\/users\/1"}],"replies":[{"embeddable":true,"href":"https:\/\/topol.org.pl\/index.php?rest_route=%2Fwp%2Fv2%2Fcomments&post=14182"}],"version-history":[{"count":8,"href":"https:\/\/topol.org.pl\/index.php?rest_route=\/wp\/v2\/pages\/14182\/revisions"}],"predecessor-version":[{"id":14211,"href":"https:\/\/topol.org.pl\/index.php?rest_route=\/wp\/v2\/pages\/14182\/revisions\/14211"}],"up":[{"embeddable":true,"href":"https:\/\/topol.org.pl\/index.php?rest_route=\/wp\/v2\/pages\/13597"}],"wp:attachment":[{"href":"https:\/\/topol.org.pl\/index.php?rest_route=%2Fwp%2Fv2%2Fmedia&parent=14182"}],"curies":[{"name":"wp","href":"https:\/\/api.w.org\/{rel}","templated":true}]}}