{"id":14192,"date":"2026-02-08T18:26:12","date_gmt":"2026-02-08T17:26:12","guid":{"rendered":"https:\/\/topol.org.pl\/?page_id=14192"},"modified":"2026-02-09T06:43:34","modified_gmt":"2026-02-09T05:43:34","slug":"ofe","status":"publish","type":"page","link":"https:\/\/topol.org.pl\/?page_id=14192","title":{"rendered":"OFE"},"content":{"rendered":"\n<p>08.02.2026 17.57 OFE<\/p>\n\n\n\n<p><strong>Sk\u0142adki wp\u0142acone do ZUS zosta\u0142y podzielone. Cz\u0119\u015b\u0107 zosta\u0142a wp\u0142acona do OFE. OFE zainwestowa\u0142 w akcje i w obligacje Skarbu Pa\u0144stwa. W momencie wymagalno\u015bci sp\u0142aty obligacji plus odsetki&#8230; Skarb Pa\u0144stwa nie mia\u0142 pieni\u0119dzy na wyp\u0142at\u0119 do OFE. Wtedy rz\u0105d z premierem Donaldem Tuskiem. \u017beby nie og\u0142osi\u0107 bankructwa Skarbu Pa\u0144stwa przeksi\u0119gowa\u0142 kapita\u0142 z OFE, kt\u00f3rego nie by\u0142o z powrotem do ZUS. W kt\u00f3rym wyparowa\u0142 i te\u017c go nie ma. Prawid\u0142owo. Ja po wys\u0142uchaniu panelu <a href=\"https:\/\/youtu.be\/p2M023jC-AE\">KINGS<\/a> jestem przekonany, \u017ce musimy pozosta\u0107 przy dotychczasowym rozwi\u0105zaniu odno\u015bnie wp\u0142acania sk\u0142adek do ZUS i p\u0142acenia podatk\u00f3w PIT I CIT. W przeciwnym wypadku nasze pieni\u0105dze ze sk\u0142adek trafi\u0105 do fundusz\u00f3w emerytalnych ulokowanych za granic\u0105. I mog\u0105 nie mie\u0107 \u017cadnego znaczenia przy zasilaniu naszej gospodarki. W tej chwili przynajmniej cz\u0119\u015b\u0107 pieni\u0119dzy pozostaje w kraju zasilaj\u0105c bie\u017c\u0105ce wyp\u0142aty rent i emerytur.<\/strong> <strong>Tak to rozumiem, a przedsi\u0119biorcy musz\u0105 sobie z tym poradzi\u0107. Niestety zlikwidowali\u015bmy rolnictwo rodzinne, ludzie musz\u0105 dostawa\u0107 renty i emerytury w przeciwnym razie b\u0119d\u0105 wegetowa\u0107 jak go\u0142ota bez ziemi.<\/strong> <strong>Ludzie jak zainwestuj\u0105 zamiast w ZUS w <a href=\"https:\/\/www.google.com\/search?q=bitcoin+co+to+znaczy%3F&amp;sca_esv=67bc5d3df7aa2013&amp;sxsrf=ANbL-n7Oxl01KXfL-lW9uuki4h76NLr-9w%3A1770572056771&amp;ei=GMmIaajdLs-j3QOytJjwAw&amp;biw=1536&amp;bih=703&amp;ved=0ahUKEwioyfjztsqSAxXPUXcKHTIaBj4Q4dUDCBM&amp;oq=bitcoin+co+to+znaczy%3F&amp;gs_lp=Egxnd3Mtd2l6LXNlcnAiFWJpdGNvaW4gY28gdG8gem5hY3p5PzIGEAAYBxgeMgYQABgHGB4yCBAAGAgYBxgeMggQABgIGAcYHjIIEAAYCBgHGB4yCBAAGAgYBxgeMggQABgIGAcYHjIGEAAYBRgeMgYQABgFGB4yBhAAGAUYHkjiiwFQ0RBYp3dwAXgBkAEAmAFxoAHODaoBBDAuMTa4AQzIAQD4AQGYAhGgAqIOwgIKEAAYRxjWBBiwA8ICDRAAGIAEGIoFGEMYsAPCAgUQABiABMICBBAAGB7CAgYQABgWGB7CAgUQABjvBcICCBAAGIAEGKIEwgIGEAAYCBgemAMAiAYBkAYKkgcEMS4xNqAHqVeyBwQwLjE2uAebDsIHBjAuMi4xNcgHQYAIAQ&amp;sclient=gws-wiz-serp\">bitcoina<\/a> mog\u0105 <a href=\"https:\/\/cyfrowa.rp.pl\/globalne-interesy\/art43766041-krach-na-bitcoinie-mimo-wsparcia-trumpa-z-rynku-wyparowal-bilion-dolarow\">zosta\u0107 z marzeniami o bogactwie<\/a><\/strong>. <strong>Albo na powa\u017cnie zacz\u0105\u0107 my\u015ble\u0107 o eutanazji, \u017ceby nie by\u0107 ci\u0119\u017carem na emeryturze dla swojej najbli\u017cszej rodziny. Pomy\u015blcie, je\u015bli zachodnie korporacje zatrudniaj\u0105 1,6 mln ludzi to od ich pensji trafiaj\u0105 sk\u0142adki ZUS i podatek PIT a od korporacji podatek CIT. Po likwidacji PIT, CIT i wygaszeniu ZUS, nie zostanie \u017caden zysk dla pa\u0144stwa i spo\u0142ecze\u0144stwa z ich pobytu. Je\u015bli wyeksportuj\u0105 tak jak m\u00f3wicie 70 % produkcji nie zostanie nawet VAT nale\u017cny. Przyb\u0119dzie tylko waluty zagranicznej z handlu (wymienialno\u015b\u0107 z\u0142otego, tania waluta obca i wyjazdy na wakacje za granic\u0119). Gdzie tu logika, zacznijcie uczy\u0107 si\u0119 liczenia w pami\u0119ci.<\/strong> <strong>Pieni\u0105dze wracaj\u0105 za granic\u0119 z wyje\u017cdzaj\u0105cymi na wakacje.<\/strong> <strong>Moim zdaniem tak jest wszystko ustawione, \u017ce chodzi tylko o najmniejsze firmy, \u017ceby mog\u0142y przetrwa\u0107. Czyli powr\u00f3t do karty podatkowej na tyle niskiej \u017ceby da\u0142o si\u0119 op\u0142aci\u0107 ZUS. Jest ju\u017c ma\u0142y ZUS, mo\u017cna z niego korzysta\u0107. Jest urlop z dofinansowaniem do ZUS.<\/strong> <strong>S\u0105 sp\u00f3\u0142ki kapita\u0142owe bez ZUS dla 2 w\u0142a\u015bcicieli. Reszta jest ustawiona, \u017ceby zosta\u0142y tylko korporacje. ETS, ESG itd&#8230;<\/strong><\/p>\n\n\n\n<p>Verte &gt;<a href=\"https:\/\/topol.org.pl\/?page_id=6187\">Fundacja Narodowe Si\u0142y Samoobrony \u201eGrot\u201d<\/a><\/p>\n\n\n\n<p><\/p>\n","protected":false},"excerpt":{"rendered":"<p>08.02.2026 17.57 OFE Sk\u0142adki wp\u0142acone do ZUS zosta\u0142y podzielone. Cz\u0119\u015b\u0107 zosta\u0142a wp\u0142acona do OFE. OFE zainwestowa\u0142 w akcje i w obligacje Skarbu Pa\u0144stwa. W momencie wymagalno\u015bci sp\u0142aty obligacji plus odsetki&#8230; Skarb Pa\u0144stwa nie mia\u0142 pieni\u0119dzy na wyp\u0142at\u0119 do OFE. Wtedy rz\u0105d z premierem Donaldem Tuskiem. \u017beby nie og\u0142osi\u0107 bankructwa Skarbu Pa\u0144stwa przeksi\u0119gowa\u0142 kapita\u0142 z OFE, [&hellip;]<\/p>\n","protected":false},"author":1,"featured_media":0,"parent":13701,"menu_order":11,"comment_status":"closed","ping_status":"closed","template":"","meta":{"footnotes":""},"class_list":["post-14192","page","type-page","status-publish","hentry"],"_links":{"self":[{"href":"https:\/\/topol.org.pl\/index.php?rest_route=\/wp\/v2\/pages\/14192","targetHints":{"allow":["GET"]}}],"collection":[{"href":"https:\/\/topol.org.pl\/index.php?rest_route=\/wp\/v2\/pages"}],"about":[{"href":"https:\/\/topol.org.pl\/index.php?rest_route=\/wp\/v2\/types\/page"}],"author":[{"embeddable":true,"href":"https:\/\/topol.org.pl\/index.php?rest_route=\/wp\/v2\/users\/1"}],"replies":[{"embeddable":true,"href":"https:\/\/topol.org.pl\/index.php?rest_route=%2Fwp%2Fv2%2Fcomments&post=14192"}],"version-history":[{"count":13,"href":"https:\/\/topol.org.pl\/index.php?rest_route=\/wp\/v2\/pages\/14192\/revisions"}],"predecessor-version":[{"id":14208,"href":"https:\/\/topol.org.pl\/index.php?rest_route=\/wp\/v2\/pages\/14192\/revisions\/14208"}],"up":[{"embeddable":true,"href":"https:\/\/topol.org.pl\/index.php?rest_route=\/wp\/v2\/pages\/13701"}],"wp:attachment":[{"href":"https:\/\/topol.org.pl\/index.php?rest_route=%2Fwp%2Fv2%2Fmedia&parent=14192"}],"curies":[{"name":"wp","href":"https:\/\/api.w.org\/{rel}","templated":true}]}}