{"id":14212,"date":"2026-02-11T14:55:08","date_gmt":"2026-02-11T13:55:08","guid":{"rendered":"https:\/\/topol.org.pl\/?page_id=14212"},"modified":"2026-02-11T18:13:14","modified_gmt":"2026-02-11T17:13:14","slug":"siergiej-lawrow-mowi-w-dumie-o-wspanialej-atmosferze-jaka-panuje-w-relacjach-wladimira-putina-z-donaldem-trumpem","status":"publish","type":"page","link":"https:\/\/topol.org.pl\/?page_id=14212","title":{"rendered":"&#8222;Siergiej \u0141awrow m\u00f3wi w Dumie o \u201ewspania\u0142ej atmosferze\u201d jaka panuje w relacjach W\u0142adimira Putina z Donaldem Trumpem&#8221;"},"content":{"rendered":"\n<p>11.02.2026 13:23 &#8222;Siergiej \u0141awrow m\u00f3wi w Dumie o \u201ewspania\u0142ej atmosferze\u201d jaka panuje w relacjach W\u0142adimira Putina z Donaldem Trumpem&#8221; \u0179r\u00f3d\u0142o: rp.pl <\/p>\n\n\n\n<p><br><strong><a href=\"https:\/\/www.youtube.com\/watch?v=9pX8ut83NNw\">Wywiad Siergieja \u0141awrowa dla stacji telewizyjnej BRICS<\/a><\/strong> \u0179r\u00f3d\u0142o: Analiza Polityczna<\/p>\n\n\n\n<p>Verte &gt;<a href=\"https:\/\/topol.org.pl\/?page_id=6187\">Fundacja Narodowe Si\u0142y Samoobrony \u201eGrot\u201d<\/a><\/p>\n","protected":false},"excerpt":{"rendered":"<p>11.02.2026 13:23 &#8222;Siergiej \u0141awrow m\u00f3wi w Dumie o \u201ewspania\u0142ej atmosferze\u201d jaka panuje w relacjach W\u0142adimira Putina z Donaldem Trumpem&#8221; \u0179r\u00f3d\u0142o: rp.pl Wywiad Siergieja \u0141awrowa dla stacji telewizyjnej BRICS \u0179r\u00f3d\u0142o: Analiza Polityczna Verte &gt;Fundacja Narodowe Si\u0142y Samoobrony \u201eGrot\u201d<\/p>\n","protected":false},"author":1,"featured_media":0,"parent":14182,"menu_order":0,"comment_status":"closed","ping_status":"closed","template":"","meta":{"footnotes":""},"class_list":["post-14212","page","type-page","status-publish","hentry"],"_links":{"self":[{"href":"https:\/\/topol.org.pl\/index.php?rest_route=\/wp\/v2\/pages\/14212","targetHints":{"allow":["GET"]}}],"collection":[{"href":"https:\/\/topol.org.pl\/index.php?rest_route=\/wp\/v2\/pages"}],"about":[{"href":"https:\/\/topol.org.pl\/index.php?rest_route=\/wp\/v2\/types\/page"}],"author":[{"embeddable":true,"href":"https:\/\/topol.org.pl\/index.php?rest_route=\/wp\/v2\/users\/1"}],"replies":[{"embeddable":true,"href":"https:\/\/topol.org.pl\/index.php?rest_route=%2Fwp%2Fv2%2Fcomments&post=14212"}],"version-history":[{"count":3,"href":"https:\/\/topol.org.pl\/index.php?rest_route=\/wp\/v2\/pages\/14212\/revisions"}],"predecessor-version":[{"id":14221,"href":"https:\/\/topol.org.pl\/index.php?rest_route=\/wp\/v2\/pages\/14212\/revisions\/14221"}],"up":[{"embeddable":true,"href":"https:\/\/topol.org.pl\/index.php?rest_route=\/wp\/v2\/pages\/14182"}],"wp:attachment":[{"href":"https:\/\/topol.org.pl\/index.php?rest_route=%2Fwp%2Fv2%2Fmedia&parent=14212"}],"curies":[{"name":"wp","href":"https:\/\/api.w.org\/{rel}","templated":true}]}}